{"id":55430,"date":"2023-12-17T19:20:13","date_gmt":"2023-12-17T19:24:03","guid":{"rendered":"https:\/\/factory.sale\/?post_type=product&#038;p=55430"},"modified":"2024-06-26T04:34:10","modified_gmt":"2024-06-26T04:34:10","slug":"stoveman-boiler-80-l","status":"publish","type":"product","link":"https:\/\/factory.sale\/et\/toode\/stoveman-boiler-80-l\/","title":{"rendered":"Stoveman boiler 80 L"},"content":{"rendered":"<p><strong>Tootekood: 13110525<\/strong><\/p>\n<p>&nbsp;<\/p>\n<p>Stoveman BOILER on m\u00f5eldud eelk\u00f5ige sauna tarbevee soojendamiseks saunaahju soojusvaheti kaudu.<\/p>\n<p>Boiler on arvestatud trassi veesurvele kuni 4 bari. Korpus on valmistatud 3mm teraslehest. Boiler on varustatud nelja \u00be tollise tingl\u00e4bim\u00f5\u00f5duga sisekeermega \u00fchendusnipliga.<\/p>\n<p>Boileri eelistatud asend on horisontaalne kuid teda on v\u00f5imalik paigaldada samuti vertikaalselt.<\/p>\n<p>&nbsp;<\/p>\n<p><strong>\u00dcldandmed:<\/strong><\/p>\n<ul>\n<li>Boileri maht: 80 liitrit<\/li>\n<li>Pakendi m\u00f5\u00f5tmed: 59 \u00d7 50 \u00d7 60 cm (P\/L\/K)<\/li>\n<li>Kaal: 33 kg<\/li>\n<\/ul>\n<p>&nbsp;<\/p>\n<p><a href=\"https:\/\/factory.sale\/wp-content\/uploads\/2023\/12\/BOILERi-paigaldus-kasutusjuhend-1-1.pdf\" target=\"_blank\" rel=\"noopener\">Paigaldusjuhend<\/a><\/p>\n","protected":false},"excerpt":{"rendered":"<p>Stoveman BOILER on m\u00f5eldud eelk\u00f5ige sauna tarbevee soojendamiseks saunaahju soojusvaheti kaudu.\u00a0Boiler on arvestatud trassi veesurvele kuni 4 bari. Korpus on valmistatud 3mm teraslehest. Boiler on varustatud nelja \u00be tollise tingl\u00e4bim\u00f5\u00f5duga sisekeermega \u00fchendusnipliga.<\/p>\n","protected":false},"featured_media":55428,"comment_status":"open","ping_status":"closed","template":"","meta":{"_acf_changed":false},"factory":[],"free-shipment":[],"product_brand":[],"product_cat":[1028],"product_tag":[],"class_list":{"0":"post-55430","1":"product","2":"type-product","3":"status-publish","4":"has-post-thumbnail","6":"product_cat-saunatarvikud","8":"first","9":"instock","10":"sale","11":"taxable","12":"shipping-taxable","13":"purchasable","14":"product-type-simple"},"acf":[],"_links":{"self":[{"href":"https:\/\/factory.sale\/et\/wp-json\/wp\/v2\/product\/55430","targetHints":{"allow":["GET"]}}],"collection":[{"href":"https:\/\/factory.sale\/et\/wp-json\/wp\/v2\/product"}],"about":[{"href":"https:\/\/factory.sale\/et\/wp-json\/wp\/v2\/types\/product"}],"replies":[{"embeddable":true,"href":"https:\/\/factory.sale\/et\/wp-json\/wp\/v2\/comments?post=55430"}],"wp:featuredmedia":[{"embeddable":true,"href":"https:\/\/factory.sale\/et\/wp-json\/wp\/v2\/media\/55428"}],"wp:attachment":[{"href":"https:\/\/factory.sale\/et\/wp-json\/wp\/v2\/media?parent=55430"}],"wp:term":[{"taxonomy":"factory","embeddable":true,"href":"https:\/\/factory.sale\/et\/wp-json\/wp\/v2\/factory?post=55430"},{"taxonomy":"free-shipment","embeddable":true,"href":"https:\/\/factory.sale\/et\/wp-json\/wp\/v2\/free-shipment?post=55430"},{"taxonomy":"product_brand","embeddable":true,"href":"https:\/\/factory.sale\/et\/wp-json\/wp\/v2\/product_brand?post=55430"},{"taxonomy":"product_cat","embeddable":true,"href":"https:\/\/factory.sale\/et\/wp-json\/wp\/v2\/product_cat?post=55430"},{"taxonomy":"product_tag","embeddable":true,"href":"https:\/\/factory.sale\/et\/wp-json\/wp\/v2\/product_tag?post=55430"}],"curies":[{"name":"wp","href":"https:\/\/api.w.org\/{rel}","templated":true}]}}