{"id":55413,"date":"2023-12-17T19:03:33","date_gmt":"2023-12-17T19:09:41","guid":{"rendered":"https:\/\/factory.sale\/?post_type=product&#038;p=55413"},"modified":"2024-06-26T12:36:11","modified_gmt":"2024-06-26T12:36:11","slug":"soojusvaheti-sv3-rv","status":"publish","type":"product","link":"https:\/\/factory.sale\/et\/toode\/soojusvaheti-sv3-rv\/","title":{"rendered":"Soojusvaheti SV3 RV"},"content":{"rendered":"<p><strong>Tootekood: 13110724<\/strong><\/p>\n<p>&nbsp;<\/p>\n<p>Soojusvaheti SV3 on ette n\u00e4htud vee soojendamiseks kerise kolde j\u00e4\u00e4ksoojuse arvel. Soojusvaheti on sauna tarbevee soojendamise s\u00fcsteemi osa.<\/p>\n<p>Soojusvaheti SV3 on m\u00f5eldud kasutamiseks eelk\u00f5ige komplektis koos \u201eStoveman\u201c saunaahjudega, kuid on v\u00f5imalik paigaldada k\u00f5igile keristele, mille suitsugaaside v\u00e4ljundtoru suundub kerise pealt \u00fcles ning selle v\u00e4lisl\u00e4bim\u00f5\u00f5t on 115 mm. Soojusvaheti korstnatoru alumine toruots paigaldatakse kerise suitsugaaside v\u00e4ljumistoru peale. \u00dclemise toruotsa \u00fchendamiseks suitsul\u00f5\u00f5riga kasutatakse spetsiaalseid metallist suitsutorusid, mis vajadusel tihendatakse kuumuskindla tihendin\u00f6\u00f6riga. Soojusvaheti kasutamiseks on paagi \u00fcla- ja allosas sisemise keermega toruotsikud (3\/4\u201c).<\/p>\n<p>&nbsp;<\/p>\n<p><strong>\u00dcldandmed:<\/strong><\/p>\n<ul>\n<li>Pakendi m\u00f5\u00f5tmed: 20 \u00d7 21 \u00d7 53 cm (P\/L\/K)<\/li>\n<li>Kaal: 6.5 kg<\/li>\n<\/ul>\n<p>&nbsp;<\/p>\n<p><a href=\"https:\/\/factory.sale\/wp-content\/uploads\/2023\/12\/Soojusvaheti-SV3-kasutusjuhend.pdf\" target=\"_blank\" rel=\"noopener\">Paigaldusjuhend<\/a><\/p>\n<p><a href=\"https:\/\/factory.sale\/wp-content\/uploads\/2023\/12\/SV-3-joonis.pdf\" target=\"_blank\" rel=\"noopener\">PDF joonis<\/a><\/p>\n","protected":false},"excerpt":{"rendered":"<p>Soojusvaheti SV3 on ette n\u00e4htud vee soojendamiseks kerise kolde j\u00e4\u00e4ksoojuse arvel. Soojusvaheti on sauna tarbevee soojendamise s\u00fcsteemi osa.\u00a0Soojusvaheti SV3 on m\u00f5eldud kasutamiseks eelk\u00f5ige komplektis koos \u201eStoveman\u201c saunaahjudega, kuid on v\u00f5imalik paigaldada k\u00f5igile keristele, mille suitsugaaside v\u00e4ljundtoru suundub kerise pealt \u00fcles ning selle v\u00e4lisl\u00e4bim\u00f5\u00f5t on 115 mm.<\/p>\n","protected":false},"featured_media":55404,"comment_status":"open","ping_status":"closed","template":"","meta":{"_acf_changed":false},"factory":[],"free-shipment":[],"product_brand":[],"product_cat":[1027],"product_tag":[809],"class_list":{"0":"post-55413","1":"product","2":"type-product","3":"status-publish","4":"has-post-thumbnail","6":"product_cat-sauna-accessories-2","7":"product_tag-sauna","9":"first","10":"instock","11":"sale","12":"taxable","13":"shipping-taxable","14":"purchasable","15":"product-type-simple"},"acf":[],"_links":{"self":[{"href":"https:\/\/factory.sale\/et\/wp-json\/wp\/v2\/product\/55413","targetHints":{"allow":["GET"]}}],"collection":[{"href":"https:\/\/factory.sale\/et\/wp-json\/wp\/v2\/product"}],"about":[{"href":"https:\/\/factory.sale\/et\/wp-json\/wp\/v2\/types\/product"}],"replies":[{"embeddable":true,"href":"https:\/\/factory.sale\/et\/wp-json\/wp\/v2\/comments?post=55413"}],"wp:featuredmedia":[{"embeddable":true,"href":"https:\/\/factory.sale\/et\/wp-json\/wp\/v2\/media\/55404"}],"wp:attachment":[{"href":"https:\/\/factory.sale\/et\/wp-json\/wp\/v2\/media?parent=55413"}],"wp:term":[{"taxonomy":"factory","embeddable":true,"href":"https:\/\/factory.sale\/et\/wp-json\/wp\/v2\/factory?post=55413"},{"taxonomy":"free-shipment","embeddable":true,"href":"https:\/\/factory.sale\/et\/wp-json\/wp\/v2\/free-shipment?post=55413"},{"taxonomy":"product_brand","embeddable":true,"href":"https:\/\/factory.sale\/et\/wp-json\/wp\/v2\/product_brand?post=55413"},{"taxonomy":"product_cat","embeddable":true,"href":"https:\/\/factory.sale\/et\/wp-json\/wp\/v2\/product_cat?post=55413"},{"taxonomy":"product_tag","embeddable":true,"href":"https:\/\/factory.sale\/et\/wp-json\/wp\/v2\/product_tag?post=55413"}],"curies":[{"name":"wp","href":"https:\/\/api.w.org\/{rel}","templated":true}]}}