{"id":55303,"date":"2023-12-17T13:16:34","date_gmt":"2023-12-17T13:18:48","guid":{"rendered":"https:\/\/factory.sale\/?post_type=product&#038;p=55303"},"modified":"2024-06-26T13:18:42","modified_gmt":"2024-06-26T13:18:42","slug":"soojusvaheti-sv1","status":"publish","type":"product","link":"https:\/\/factory.sale\/et\/toode\/soojusvaheti-sv1\/","title":{"rendered":"Soojusvaheti SV1"},"content":{"rendered":"<p><strong>Tootekood: 13110720<\/strong><\/p>\n<p>&nbsp;<\/p>\n<p>Soojusvaheti v\u00f5imaldab sauna k\u00fctmise ajal soojendada ka vett.\u00a0Soojusvaheti on valmistatud 4mm terasest ja viimistletud kuumuskindla v\u00e4rviga.\u00a0Vees\u00e4rgiga \u00fchendused on valmistatud \u00be\u201d v\u00e4liskeermega torust.\u00a0Soojusvahetit on v\u00f5imalik paigaldada saunaahju kolde k\u00fclgedele.<\/p>\n<p><strong>Sobib kasutamiseks saunaahjudele Stoveman 16; 20 ja 24.<\/strong><\/p>\n<p>Ei sobi kasutamiseks Stoveman 13 mudelitel.<\/p>\n<p>&nbsp;<\/p>\n<p><strong>Tehnilised andmed:<\/strong><\/p>\n<ul>\n<li>Pakendi m\u00f5\u00f5tmed: 18 \u00d7 9 \u00d7 50 cm (P\/L\/K)<\/li>\n<li>Kaal: 6 kg<\/li>\n<\/ul>\n<p>&nbsp;<\/p>\n<p>&nbsp;<\/p>\n<p><a href=\"https:\/\/www.youtube.com\/watch?v=ggfB_7ihm24\" target=\"_blank\" rel=\"noopener\">Paigaldusjuhend<\/a><\/p>\n","protected":false},"excerpt":{"rendered":"<p>Soojusvaheti v\u00f5imaldab sauna k\u00fctmise ajal soojendada ka vett.\u00a0Soojusvaheti on valmistatud 4mm terasest ja viimistletud kuumuskindla v\u00e4rviga.\u00a0Vees\u00e4rgiga \u00fchendused on valmistatud \u00be\u201d v\u00e4liskeermega torust.\u00a0Soojusvahetit on v\u00f5imalik paigaldada saunaahju kolde k\u00fclgedele.<\/p>\n<p>&nbsp;<\/p>\n","protected":false},"featured_media":55300,"comment_status":"open","ping_status":"closed","template":"","meta":{"_acf_changed":false},"factory":[],"free-shipment":[],"product_brand":[],"product_cat":[1028],"product_tag":[811],"class_list":{"0":"post-55303","1":"product","2":"type-product","3":"status-publish","4":"has-post-thumbnail","6":"product_cat-saunatarvikud","7":"product_tag-sauna-et","9":"first","10":"instock","11":"sale","12":"taxable","13":"shipping-taxable","14":"purchasable","15":"product-type-simple"},"acf":[],"_links":{"self":[{"href":"https:\/\/factory.sale\/et\/wp-json\/wp\/v2\/product\/55303","targetHints":{"allow":["GET"]}}],"collection":[{"href":"https:\/\/factory.sale\/et\/wp-json\/wp\/v2\/product"}],"about":[{"href":"https:\/\/factory.sale\/et\/wp-json\/wp\/v2\/types\/product"}],"replies":[{"embeddable":true,"href":"https:\/\/factory.sale\/et\/wp-json\/wp\/v2\/comments?post=55303"}],"wp:featuredmedia":[{"embeddable":true,"href":"https:\/\/factory.sale\/et\/wp-json\/wp\/v2\/media\/55300"}],"wp:attachment":[{"href":"https:\/\/factory.sale\/et\/wp-json\/wp\/v2\/media?parent=55303"}],"wp:term":[{"taxonomy":"factory","embeddable":true,"href":"https:\/\/factory.sale\/et\/wp-json\/wp\/v2\/factory?post=55303"},{"taxonomy":"free-shipment","embeddable":true,"href":"https:\/\/factory.sale\/et\/wp-json\/wp\/v2\/free-shipment?post=55303"},{"taxonomy":"product_brand","embeddable":true,"href":"https:\/\/factory.sale\/et\/wp-json\/wp\/v2\/product_brand?post=55303"},{"taxonomy":"product_cat","embeddable":true,"href":"https:\/\/factory.sale\/et\/wp-json\/wp\/v2\/product_cat?post=55303"},{"taxonomy":"product_tag","embeddable":true,"href":"https:\/\/factory.sale\/et\/wp-json\/wp\/v2\/product_tag?post=55303"}],"curies":[{"name":"wp","href":"https:\/\/api.w.org\/{rel}","templated":true}]}}