{"id":55291,"date":"2023-12-17T12:55:42","date_gmt":"2023-12-17T13:03:19","guid":{"rendered":"https:\/\/factory.sale\/?post_type=product&#038;p=55291"},"modified":"2024-06-28T01:45:40","modified_gmt":"2024-06-28T01:45:40","slug":"korstnatoru-veepaak-roostevabast-terasest-38-l","status":"publish","type":"product","link":"https:\/\/factory.sale\/et\/toode\/korstnatoru-veepaak-roostevabast-terasest-38-l\/","title":{"rendered":"Korstnatoru-veepaak roostevabast terasest 38 L"},"content":{"rendered":"<p><strong>Tootekood: 13110510<\/strong><\/p>\n<p>&nbsp;<\/p>\n<p>Stoveman korstnatoru-veepaak on ette n\u00e4htud saunavee soojendamiseks tingimustes, kus puudub statsionaarne veev\u00e4rk ja saunas kasutatav vesi saadakse j\u00f5est, j\u00e4rvest v\u00f5i kaevust.<\/p>\n<p>Veepaak sobib k\u00f5ikidele puudega k\u00f6etavatele keristele, mille suitsutoru l\u00e4bim\u00f5\u00f5t on 115 mm. Veepaak seatatakse otse korstnatorule ja veepaagist edasi l\u00e4hevad korstnal\u00f5\u00f5rini korstnatorud. Veepaak on silinderjas pealt kaanega kaetud anum l\u00e4bim\u00f5\u00f5duga 320 mm. Stoveman korstnatoru veepaak mahutab 38 l vett. Veepaak on varustatud \u00fche toruotsaga ( 3\/4 sisekeermega k\u00fcljel) kraani monteerimiseks paagile.<\/p>\n<p>Tootel on reguleeritavad kinnituskronsteinid, mis teevad toote paigaldamise lihtsaks ja h\u00f5lpsaks.<br \/>\nToote veepaagi osa on valmistatud 1,5mm roostevabast terasest. Paagi sees k\u00fcttekehaks olev korstnatoru on valmistatud 2mm happe-ja kuumakindlast roostevabast eriterasest.<\/p>\n<p>&nbsp;<\/p>\n<p><strong>Tasub teada:<\/strong><\/p>\n<p>Kasutamisel v\u00f5ib paagi sisse tekkida katlakivi.<\/p>\n<p>&nbsp;<\/p>\n<p>&nbsp;<\/p>\n<p><strong>Tehnilised andmed:<\/strong><\/p>\n<ul>\n<li>Mahutavus: 38 liitrit<\/li>\n<li>Paagi l\u00e4bim\u00f5\u00f5t: 32 cm<\/li>\n<li>Pakendi m\u00f5\u00f5tmed: 42 \u00d7 34 \u00d7 80 cm (P\/L\/K)<\/li>\n<li>Kaal: 18.5 kg<\/li>\n<\/ul>\n","protected":false},"excerpt":{"rendered":"<p>Veepaak sobib k\u00f5ikidele puudega k\u00f6etavatele keristele, mille suitsutoru l\u00e4bim\u00f5\u00f5t on 115 mm. Veepaak seatatakse otse korstnatorule ja veepaagist edasi l\u00e4hevad korstnal\u00f5\u00f5rini korstnatorud. Veepaak on silinderjas pealt kaanega kaetud anum l\u00e4bim\u00f5\u00f5duga 320 mm. Stoveman korstnatoru veepaak mahutab 38 l vett. Veepaak on varustatud \u00fche toruotsaga ( 3\/4 sisekeermega k\u00fcljel) kraani monteerimiseks paagile.<\/p>\n","protected":false},"featured_media":55287,"comment_status":"open","ping_status":"closed","template":"","meta":{"_acf_changed":false},"factory":[],"free-shipment":[],"product_brand":[],"product_cat":[1028],"product_tag":[811],"class_list":{"0":"post-55291","1":"product","2":"type-product","3":"status-publish","4":"has-post-thumbnail","6":"product_cat-saunatarvikud","7":"product_tag-sauna-et","9":"first","10":"instock","11":"sale","12":"taxable","13":"shipping-taxable","14":"purchasable","15":"product-type-simple"},"acf":[],"_links":{"self":[{"href":"https:\/\/factory.sale\/et\/wp-json\/wp\/v2\/product\/55291","targetHints":{"allow":["GET"]}}],"collection":[{"href":"https:\/\/factory.sale\/et\/wp-json\/wp\/v2\/product"}],"about":[{"href":"https:\/\/factory.sale\/et\/wp-json\/wp\/v2\/types\/product"}],"replies":[{"embeddable":true,"href":"https:\/\/factory.sale\/et\/wp-json\/wp\/v2\/comments?post=55291"}],"wp:featuredmedia":[{"embeddable":true,"href":"https:\/\/factory.sale\/et\/wp-json\/wp\/v2\/media\/55287"}],"wp:attachment":[{"href":"https:\/\/factory.sale\/et\/wp-json\/wp\/v2\/media?parent=55291"}],"wp:term":[{"taxonomy":"factory","embeddable":true,"href":"https:\/\/factory.sale\/et\/wp-json\/wp\/v2\/factory?post=55291"},{"taxonomy":"free-shipment","embeddable":true,"href":"https:\/\/factory.sale\/et\/wp-json\/wp\/v2\/free-shipment?post=55291"},{"taxonomy":"product_brand","embeddable":true,"href":"https:\/\/factory.sale\/et\/wp-json\/wp\/v2\/product_brand?post=55291"},{"taxonomy":"product_cat","embeddable":true,"href":"https:\/\/factory.sale\/et\/wp-json\/wp\/v2\/product_cat?post=55291"},{"taxonomy":"product_tag","embeddable":true,"href":"https:\/\/factory.sale\/et\/wp-json\/wp\/v2\/product_tag?post=55291"}],"curies":[{"name":"wp","href":"https:\/\/api.w.org\/{rel}","templated":true}]}}