{"id":55223,"date":"2023-12-17T11:35:11","date_gmt":"2023-12-17T11:53:07","guid":{"rendered":"https:\/\/factory.sale\/?post_type=product&#038;p=55223"},"modified":"2024-06-25T11:10:58","modified_gmt":"2024-06-25T11:10:58","slug":"korstnavork-2-poolne-h67-cm","status":"publish","type":"product","link":"https:\/\/factory.sale\/et\/toode\/korstnavork-2-poolne-h67-cm\/","title":{"rendered":"Korstnav\u00f5rk 2-poolne (h=67 cm)"},"content":{"rendered":"<p><strong>Tootekood: 13110604<\/strong><\/p>\n<p>Korstnav\u00f5rk Stoveman saunaahjudele\/keristele on m\u00f5eldud olukorraks, kus katmata terasest korstnatoru kulgeb ahjust otse \u00fcles ja vajaks varjestamist infrapunase kiirguse t\u00f5kestamiseks. Stoveman korstnav\u00f5rk on varustatud hingedega ja t\u00e4nu sellele on korstnav\u00f5rku mugav paigaldada ka peale ahju ja korstnatoru paigaldamist.<\/p>\n<p>Korstnav\u00f5rk toetatakse saunaahjule\/kerisele ja t\u00e4idetakse kividega samuti nagu Stoveman saunahju\/kerise v\u00f5rkkest. \u00dcmber korstna olevad kivid kuumenevad samuti nagu keriselgi, andes saunale t\u00e4iendavat inertsi ja v\u00f5imaldades leili viskamist neile kividele. Peale Stoveman korstnav\u00f5rgu paigaldamist on v\u00e4listatud ebameeldiva ja ohtlikku infrapunakiirguse levimine terasest korstnatorudelt. Korstnav\u00f5rk on kividega t\u00e4idetult v\u00e4ga dekoratiivne element Teie saunaahju\/kerise juurde.<\/p>\n<p>&nbsp;<\/p>\n<p><strong>Tehnilised andmed:<\/strong><\/p>\n<ul>\n<li>K\u00f5rgus: 67 cm<\/li>\n<li>Diameeter: 33 cm<\/li>\n<li>Kerisekivide kogus: ~ 70 cm<\/li>\n<li>Pakendi m\u00f5\u00f5tmed: 33 \u00d7 16 \u00d7 67 cm (P\/L\/K)<\/li>\n<li>Kaal: 5 kg<\/li>\n<\/ul>\n","protected":false},"excerpt":{"rendered":"<p>Korstnav\u00f5rk Stoveman saunaahjudele\/keristele on m\u00f5eldud olukorraks, kus katmata terasest korstnatoru kulgeb ahjust otse \u00fcles ja vajaks varjestamist infrapunase kiirguse t\u00f5kestamiseks. Stoveman korstnav\u00f5rk on varustatud hingedega ja t\u00e4nu sellele on korstnav\u00f5rku mugav paigaldada ka peale ahju ja korstnatoru paigaldamist.<\/p>\n","protected":false},"featured_media":55216,"comment_status":"open","ping_status":"closed","template":"","meta":{"_acf_changed":false},"factory":[],"free-shipment":[],"product_brand":[],"product_cat":[1028],"product_tag":[811],"class_list":{"0":"post-55223","1":"product","2":"type-product","3":"status-publish","4":"has-post-thumbnail","6":"product_cat-saunatarvikud","7":"product_tag-sauna-et","9":"first","10":"instock","11":"sale","12":"taxable","13":"shipping-taxable","14":"purchasable","15":"product-type-simple"},"acf":[],"_links":{"self":[{"href":"https:\/\/factory.sale\/et\/wp-json\/wp\/v2\/product\/55223","targetHints":{"allow":["GET"]}}],"collection":[{"href":"https:\/\/factory.sale\/et\/wp-json\/wp\/v2\/product"}],"about":[{"href":"https:\/\/factory.sale\/et\/wp-json\/wp\/v2\/types\/product"}],"replies":[{"embeddable":true,"href":"https:\/\/factory.sale\/et\/wp-json\/wp\/v2\/comments?post=55223"}],"wp:featuredmedia":[{"embeddable":true,"href":"https:\/\/factory.sale\/et\/wp-json\/wp\/v2\/media\/55216"}],"wp:attachment":[{"href":"https:\/\/factory.sale\/et\/wp-json\/wp\/v2\/media?parent=55223"}],"wp:term":[{"taxonomy":"factory","embeddable":true,"href":"https:\/\/factory.sale\/et\/wp-json\/wp\/v2\/factory?post=55223"},{"taxonomy":"free-shipment","embeddable":true,"href":"https:\/\/factory.sale\/et\/wp-json\/wp\/v2\/free-shipment?post=55223"},{"taxonomy":"product_brand","embeddable":true,"href":"https:\/\/factory.sale\/et\/wp-json\/wp\/v2\/product_brand?post=55223"},{"taxonomy":"product_cat","embeddable":true,"href":"https:\/\/factory.sale\/et\/wp-json\/wp\/v2\/product_cat?post=55223"},{"taxonomy":"product_tag","embeddable":true,"href":"https:\/\/factory.sale\/et\/wp-json\/wp\/v2\/product_tag?post=55223"}],"curies":[{"name":"wp","href":"https:\/\/api.w.org\/{rel}","templated":true}]}}