{"id":54192,"date":"2023-12-12T14:40:28","date_gmt":"2023-12-12T14:42:59","guid":{"rendered":"https:\/\/factory.sale\/?post_type=product&#038;p=54192"},"modified":"2024-06-27T18:54:20","modified_gmt":"2024-06-27T18:54:20","slug":"kolderaam-stoveman-16-20","status":"publish","type":"product","link":"https:\/\/factory.sale\/et\/toode\/kolderaam-stoveman-16-20\/","title":{"rendered":"Kolderaam Stoveman 16, 20"},"content":{"rendered":"<p><strong>Tootekood:\u00a013110640<\/strong><\/p>\n<p>&nbsp;<\/p>\n<p>Saunaahju Kolderaam on m\u00f5eldud l\u00e4bi seina k\u00f6etava saunaahju kolde\u00fcmbruse viimistluseks ja seinaava toestamiseks. Saunaahju Kolderaame on k\u00f5igile ahjudele. Saunaahju Kolderaam on valmistatud vastupidavast 2 mm terasest ja viimistletud kuumuskindla v\u00e4rviga. Saunaahju Kolderaam annab kolde ja seina \u00fcleminekule ilusa viimistletud v\u00e4limuse.<\/p>\n<p>&nbsp;<\/p>\n<p><strong>Tehnilised andmed:<\/strong><\/p>\n<ul>\n<li>Pakendi m\u00f5\u00f5tmed: 42 \u00d7 5 \u00d7 51 cm (P\/L\/K)<\/li>\n<li>Kaal: 2.5 kg<\/li>\n<\/ul>\n","protected":false},"excerpt":{"rendered":"<p>Saunaahju Kolderaam on m\u00f5eldud l\u00e4bi seina k\u00f6etava saunaahju kolde\u00fcmbruse viimistluseks ja seinaava toestamiseks. Saunaahju Kolderaame on k\u00f5igile ahjudele. Saunaahju Kolderaam on valmistatud vastupidavast 2 mm terasest ja viimistletud kuumuskindla v\u00e4rviga. Saunaahju Kolderaam annab kolde ja seina \u00fcleminekule ilusa viimistletud v\u00e4limuse.<\/p>\n","protected":false},"featured_media":54179,"comment_status":"open","ping_status":"closed","template":"","meta":{"_acf_changed":false},"factory":[],"free-shipment":[],"product_brand":[],"product_cat":[1246],"product_tag":[],"class_list":{"0":"post-54192","1":"product","2":"type-product","3":"status-publish","4":"has-post-thumbnail","6":"product_cat-stoves","8":"first","9":"instock","10":"sale","11":"taxable","12":"shipping-taxable","13":"purchasable","14":"product-type-simple"},"acf":[],"_links":{"self":[{"href":"https:\/\/factory.sale\/et\/wp-json\/wp\/v2\/product\/54192","targetHints":{"allow":["GET"]}}],"collection":[{"href":"https:\/\/factory.sale\/et\/wp-json\/wp\/v2\/product"}],"about":[{"href":"https:\/\/factory.sale\/et\/wp-json\/wp\/v2\/types\/product"}],"replies":[{"embeddable":true,"href":"https:\/\/factory.sale\/et\/wp-json\/wp\/v2\/comments?post=54192"}],"wp:featuredmedia":[{"embeddable":true,"href":"https:\/\/factory.sale\/et\/wp-json\/wp\/v2\/media\/54179"}],"wp:attachment":[{"href":"https:\/\/factory.sale\/et\/wp-json\/wp\/v2\/media?parent=54192"}],"wp:term":[{"taxonomy":"factory","embeddable":true,"href":"https:\/\/factory.sale\/et\/wp-json\/wp\/v2\/factory?post=54192"},{"taxonomy":"free-shipment","embeddable":true,"href":"https:\/\/factory.sale\/et\/wp-json\/wp\/v2\/free-shipment?post=54192"},{"taxonomy":"product_brand","embeddable":true,"href":"https:\/\/factory.sale\/et\/wp-json\/wp\/v2\/product_brand?post=54192"},{"taxonomy":"product_cat","embeddable":true,"href":"https:\/\/factory.sale\/et\/wp-json\/wp\/v2\/product_cat?post=54192"},{"taxonomy":"product_tag","embeddable":true,"href":"https:\/\/factory.sale\/et\/wp-json\/wp\/v2\/product_tag?post=54192"}],"curies":[{"name":"wp","href":"https:\/\/api.w.org\/{rel}","templated":true}]}}