{"id":53889,"date":"2023-12-11T09:58:02","date_gmt":"2023-12-11T10:07:07","guid":{"rendered":"https:\/\/factory.sale\/?post_type=product&#038;p=53889"},"modified":"2025-09-28T23:45:29","modified_gmt":"2025-09-28T20:45:29","slug":"andrewpol-porandalaud-rebusta-vaga-rustiline","status":"publish","type":"product","link":"https:\/\/factory.sale\/et\/toode\/andrewpol-porandalaud-rebusta-vaga-rustiline\/","title":{"rendered":"Andrewpol p\u00f5randalaud Rebusta\u2013 V\u00e4ga rustiline"},"content":{"rendered":"<div class=\"enigma_blog_full\">\n<div class=\"enigma_blog_post_content\">\n<p>Rebusta on p\u00f5randalaud, mis meenutab oma terade ja loomuliku struktuuriga vana kulunud p\u00f5randat. See annab ruumidele soojuse ja hubasuse. Karedus, s\u00f5lmed ja praod loovad ainulaadsed pinnad, mis muudavad p\u00f5randa v\u00e4ga maal\u00e4hedaseks. Pole probleemi, kui p\u00f5rand on kogemata kriimustatud, sest seda t\u00fc\u00fcpi p\u00f5randal on see peaaegu n\u00e4htamatu!!!! Sellel ei ole kahjustuste m\u00e4rke ning seda on lihtne hooldada ja renoveerida. Sellised lauad sobivad suurep\u00e4raselt kohtadesse, kus p\u00f5rand peaks vastama suurematele n\u00f5uetele, alates restoranip\u00f5randatest kuni hotellide ja sageli ka majadeni.<\/p>\n<p>&nbsp;<\/p>\n<p>Hinnad alates 81,9 \u20ac.<\/p>\n<p>&nbsp;<\/p>\n<table border=\"0\" cellspacing=\"0\" cellpadding=\"0\">\n<tbody>\n<tr>\n<td width=\"24%\"><strong>Tamm:<\/strong><\/td>\n<td><strong>laius<\/strong><\/td>\n<td><strong>k\u00f5rgus<\/strong><\/td>\n<td><strong>paksus<\/strong><\/td>\n<\/tr>\n<tr>\n<td width=\"24%\" height=\"30\"><\/td>\n<td width=\"16%\">\u00a0 160<\/td>\n<td width=\"28%\">\u00a0\u00a0 500 \u2013 2500 (3000)<\/td>\n<td width=\"21%\">\u00a0\u00a0\u00a0\u00a0\u00a0 21 mm<\/td>\n<\/tr>\n<tr>\n<td width=\"24%\" height=\"30\"><\/td>\n<td width=\"16%\">\u00a0 180<\/td>\n<td width=\"28%\">\u00a0\u00a0 500 \u2013 2500 (3000)<\/td>\n<td width=\"21%\">\u00a0\u00a0\u00a0\u00a0\u00a0 21 mm<\/td>\n<\/tr>\n<tr>\n<td width=\"24%\" height=\"10\"><\/td>\n<td width=\"16%\">\u00a0 200<\/td>\n<td width=\"28%\">\u00a0\u00a0 500 \u2013 2500 (3000)<\/td>\n<td width=\"21%\">\u00a0\u00a0\u00a0\u00a0\u00a0 21 mm<\/td>\n<\/tr>\n<\/tbody>\n<\/table>\n<\/div>\n<\/div>\n<div class=\"push-right\"><\/div>\n<p>&nbsp;<\/p>\n<p><em>Kui te ei leia p\u00f5randalauda, mis vastaks teie n\u00f5uetele m\u00f5\u00f5tmete, klassi v\u00f5i l\u00f5pliku visuaalse efekti osas, v\u00f5tke meiega \u00fchendust ja saame teha pakkumise vastavalt teie individuaalsetele n\u00f5uetele !<\/em><\/p>\n<p>&nbsp;<\/p>\n","protected":false},"excerpt":{"rendered":"<p>Rebusta on p\u00f5randalaud, mis meenutab oma terade ja loomuliku struktuuriga vana kulunud p\u00f5randat. See annab ruumidele soojuse ja hubasuse. Karedus, s\u00f5lmed ja praod loovad ainulaadsed pinnad, mis muudavad p\u00f5randa v\u00e4ga maal\u00e4hedaseks. Pole probleemi, kui p\u00f5rand on kogemata kriimustatud, sest seda t\u00fc\u00fcpi p\u00f5randal on see peaaegu n\u00e4htamatu!!!! Sellel ei ole kahjustuste m\u00e4rke ning seda on lihtne hooldada ja renoveerida. Sellised lauad sobivad suurep\u00e4raselt kohtadesse, kus p\u00f5rand peaks vastama suurematele n\u00f5uetele, alates restoranip\u00f5randatest kuni hotellide ja sageli ka majadeni.<\/p>\n","protected":false},"featured_media":53878,"comment_status":"open","ping_status":"closed","template":"","meta":{"_acf_changed":false},"factory":[],"free-shipment":[],"product_brand":[],"product_cat":[294,176],"product_tag":[132],"class_list":{"0":"post-53889","1":"product","2":"type-product","3":"status-publish","4":"has-post-thumbnail","6":"product_cat-parkett","7":"product_cat-porand","8":"product_tag-floor-et-2","10":"first","11":"instock","12":"sale","13":"taxable","14":"shipping-taxable","15":"purchasable","16":"product-type-simple"},"acf":[],"_links":{"self":[{"href":"https:\/\/factory.sale\/et\/wp-json\/wp\/v2\/product\/53889","targetHints":{"allow":["GET"]}}],"collection":[{"href":"https:\/\/factory.sale\/et\/wp-json\/wp\/v2\/product"}],"about":[{"href":"https:\/\/factory.sale\/et\/wp-json\/wp\/v2\/types\/product"}],"replies":[{"embeddable":true,"href":"https:\/\/factory.sale\/et\/wp-json\/wp\/v2\/comments?post=53889"}],"wp:featuredmedia":[{"embeddable":true,"href":"https:\/\/factory.sale\/et\/wp-json\/wp\/v2\/media\/53878"}],"wp:attachment":[{"href":"https:\/\/factory.sale\/et\/wp-json\/wp\/v2\/media?parent=53889"}],"wp:term":[{"taxonomy":"factory","embeddable":true,"href":"https:\/\/factory.sale\/et\/wp-json\/wp\/v2\/factory?post=53889"},{"taxonomy":"free-shipment","embeddable":true,"href":"https:\/\/factory.sale\/et\/wp-json\/wp\/v2\/free-shipment?post=53889"},{"taxonomy":"product_brand","embeddable":true,"href":"https:\/\/factory.sale\/et\/wp-json\/wp\/v2\/product_brand?post=53889"},{"taxonomy":"product_cat","embeddable":true,"href":"https:\/\/factory.sale\/et\/wp-json\/wp\/v2\/product_cat?post=53889"},{"taxonomy":"product_tag","embeddable":true,"href":"https:\/\/factory.sale\/et\/wp-json\/wp\/v2\/product_tag?post=53889"}],"curies":[{"name":"wp","href":"https:\/\/api.w.org\/{rel}","templated":true}]}}