{"id":53859,"date":"2023-12-11T09:05:17","date_gmt":"2023-12-11T09:22:06","guid":{"rendered":"https:\/\/factory.sale\/?post_type=product&#038;p=53859"},"modified":"2025-09-28T23:52:57","modified_gmt":"2025-09-28T20:52:57","slug":"andrewpol-tamme-porandalauad-klass-iii","status":"publish","type":"product","link":"https:\/\/factory.sale\/et\/toode\/andrewpol-tamme-porandalauad-klass-iii\/","title":{"rendered":"Andrewpol tamme p\u00f5randalauad, klass III"},"content":{"rendered":"<p>Tamm on oma pikaealisuse t\u00f5ttu puude kuningas. Seda leidub P\u00f5hja-Aafrikas, P\u00f5hja-Ameerikas, Aasias ja Euroopas. Tammepuit on raske, k\u00f5va ja seda iseloomustab k\u00f5rge kulumiskindlus, mis soodustab seda p\u00f5randakatete valmistamisel.<\/p>\n<p>K\u00f5ik tooted on valmistatud maitsestatud ja kuivatatud materjalist spetsiaalsetes lehtpuukuivatites.<\/p>\n<p>Tamme p\u00f5randalauad, klass III \u2013 k\u00f5ik defektid, suured oksad, maltspuit, loomulik ja ebaloomulik v\u00e4rvimuutus, niiskus 9% +\/- 2%.<\/p>\n<p>&nbsp;<\/p>\n<p>Hinnad algavad 56,09 \u20ac.<\/p>\n<p>&nbsp;<\/p>\n<p>&nbsp;<\/p>\n<div class=\"enigma_blog_full\">\n<div class=\"enigma_blog_post_content\">\n<table class=\"cennik\" border=\"0\" width=\"667px\" cellspacing=\"1\" cellpadding=\"0\">\n<tbody>\n<tr>\n<td class=\"pusty\"><strong>Tamm:<\/strong><\/td>\n<td class=\"pelny\"><strong>laius<\/strong><\/td>\n<td class=\"pelny\"><strong>pikkus<\/strong><\/td>\n<td class=\"pelny\"><strong>paksus<\/strong><\/td>\n<\/tr>\n<tr>\n<td class=\"pusty\" height=\"10\"><strong>paksus 15 mm<\/strong><\/td>\n<td class=\"pelny\"><\/td>\n<td class=\"pelny\"><\/td>\n<td class=\"pelny\"><\/td>\n<td class=\"pusty\"><\/td>\n<\/tr>\n<tr>\n<td class=\"pusty\" height=\"30\"><\/td>\n<td class=\"pelny\">90<\/td>\n<td class=\"pelny\">500 \u2013 1200<\/td>\n<td class=\"pelny\">15<\/td>\n<td class=\"pusty\" height=\"30\">mm<\/td>\n<\/tr>\n<tr>\n<td><\/td>\n<td>100<\/td>\n<td>500 \u2013 1200<\/td>\n<td>15<\/td>\n<td>mm<\/td>\n<\/tr>\n<tr>\n<td class=\"pusty\" height=\"30\"><\/td>\n<td class=\"pelny\">120<\/td>\n<td class=\"pelny\">600 \u2013 2600<\/td>\n<td class=\"pelny\">15<\/td>\n<td class=\"pusty\" height=\"30\">mm<\/td>\n<\/tr>\n<tr>\n<td><\/td>\n<td>130<\/td>\n<td>600 \u2013 2600<\/td>\n<td>15<\/td>\n<td>mm<\/td>\n<\/tr>\n<tr>\n<td class=\"pusty\" height=\"30\"><\/td>\n<td class=\"pelny\">150<\/td>\n<td class=\"pelny\">600 \u2013 2600<\/td>\n<td class=\"pelny\">15<\/td>\n<td class=\"pusty\" height=\"30\">mm<\/td>\n<\/tr>\n<tr>\n<td class=\"pusty\" height=\"30\"><\/td>\n<td class=\"pelny\">200<\/td>\n<td class=\"pelny\">600 \u2013 2600<\/td>\n<td class=\"pelny\">15<\/td>\n<td class=\"pusty\" height=\"30\">mm<\/td>\n<\/tr>\n<tr>\n<td class=\"pusty\" height=\"10\"><strong>paksus 21 mm<\/strong><\/td>\n<td class=\"pelny\"><\/td>\n<td class=\"pelny\"><\/td>\n<td class=\"pelny\"><\/td>\n<td class=\"pusty\"><\/td>\n<\/tr>\n<tr>\n<td class=\"pusty\" height=\"30\"><\/td>\n<td class=\"pelny\">\u00a090<\/td>\n<td class=\"pelny\">600 \u2013 1400<\/td>\n<td class=\"pelny\">21<\/td>\n<td class=\"pusty\" height=\"30\">mm<\/td>\n<\/tr>\n<tr>\n<td class=\"pusty\" height=\"10\"><\/td>\n<td class=\"pelny\">100<\/td>\n<td class=\"pelny\">600 \u2013 1400 (2000)<\/td>\n<td class=\"pelny\">21<\/td>\n<td class=\"pusty\">mm<\/td>\n<\/tr>\n<tr>\n<td class=\"pusty\" height=\"30\"><\/td>\n<td class=\"pelny\">120<\/td>\n<td class=\"pelny\">600 \u2013 2600<\/td>\n<td class=\"pelny\">21<\/td>\n<td class=\"pusty\" height=\"30\">mm<\/td>\n<\/tr>\n<tr>\n<td class=\"pusty\" height=\"10\"><\/td>\n<td class=\"pelny\">150 (140)<\/td>\n<td class=\"pelny\">600 \u2013 2600<\/td>\n<td class=\"pelny\">21<\/td>\n<td class=\"pusty\">mm<\/td>\n<\/tr>\n<tr>\n<td class=\"pusty\" height=\"30\"><\/td>\n<td class=\"pelny\">160<\/td>\n<td class=\"pelny\">600 \u2013 2600<\/td>\n<td class=\"pelny\">21<\/td>\n<td class=\"pusty\" height=\"30\">mm<\/td>\n<\/tr>\n<tr>\n<td class=\"pusty\" height=\"10\"><\/td>\n<td class=\"pelny\">180<\/td>\n<td class=\"pelny\">600 \u2013 2600<\/td>\n<td class=\"pelny\">21<\/td>\n<td class=\"pusty\">mm<\/td>\n<\/tr>\n<tr>\n<td class=\"pusty\" height=\"30\"><\/td>\n<td class=\"pelny\">200<\/td>\n<td class=\"pelny\">600 \u2013 2600<\/td>\n<td class=\"pelny\">21<\/td>\n<td class=\"pusty\" height=\"30\">mm<\/td>\n<\/tr>\n<\/tbody>\n<\/table>\n<\/div>\n<p>&nbsp;<\/p>\n<p><strong>Soovi korral pakume lisateenuseid, n\u00e4iteks:<\/strong><\/p>\n<ul>\n<li>P\u00f5randalaudade faasimine ja lihvimine TASUTA<\/li>\n<li>Puidu vanandamine (mehaaniline v\u00f5i k\u00e4sitsi rustikeerimine) hind alates + 4,50 eur \/ m2 neto<\/li>\n<li>Parem &#8211; vasak (inglise kuusenurk 90\u00b0) suurem p\u00f5randalauast parkett + 10,00 eur \/ m2 v\u00f5rk<\/li>\n<li>Prantsuse kuuse nurk 45\u00b0 koos faasimis- ja lihvimisteenusega alates + 24,25 eur \/ m2 net kuni + 26,50 eur \/ m2 v\u00f5rk<\/li>\n<li>Ungari kuuse nurk 60\u00b0 koos faasimis- ja lihvimisteenusega alates + 22,25 eur \/ m2 net kuni + 24,50 eur \/ m2 v\u00f5rk<\/li>\n<li>V\u00e4rvitu \u00f5litamine + 10,00 eur \/ m2 v\u00f5rk<\/li>\n<li>V\u00e4rvi\u00f5litamine + 13,00 eur \/ m2 neto<\/li>\n<li>Toorpuidu efekt + 14,25 eur \/ m2 neto<\/li>\n<li>Kihilise plaadi alumisel k\u00fcljel t\u00e4iendavad ristl\u00f5iked, mis suurendavad soojus\u00fclekannet l\u00e4bi p\u00f5randalaua ja reguleerivad plaadi pinget, mille tulemuseks on \u00fchtlane soojusjaotus (l\u00f5igete arv s\u00f5ltub plaadi laiusest) 4,50 eur \/ m2 neto<\/li>\n<\/ul>\n<p>&nbsp;<\/p>\n<p>Kui te ei leia p\u00f5randalauda, mis vastaks teie n\u00f5uetele m\u00f5\u00f5tmete, klassi v\u00f5i l\u00f5pliku visuaalse efekti osas, v\u00f5tke meiega \u00fchendust ja saame teha pakkumise vastavalt teie individuaalsetele n\u00f5uetele !<\/p>\n<\/div>\n<div class=\"push-right\"><\/div>\n","protected":false},"excerpt":{"rendered":"<p>Tamm on oma pikaealisuse t\u00f5ttu puude kuningas. Seda leidub P\u00f5hja-Aafrikas, P\u00f5hja-Ameerikas, Aasias ja Euroopas. Tammepuit on raske, k\u00f5va ja seda iseloomustab k\u00f5rge kulumiskindlus, mis soodustab seda p\u00f5randakatete valmistamisel.<\/p>\n<p>Tamme p\u00f5randalauad, klass III \u2013 k\u00f5ik defektid, suured oksad, maltspuit, loomulik ja ebaloomulik t\u00f6\u00f6tlus, niiskus 9% +\/- 2%.<\/p>\n","protected":false},"featured_media":53852,"comment_status":"open","ping_status":"closed","template":"","meta":{"_acf_changed":false},"factory":[],"free-shipment":[],"product_brand":[],"product_cat":[294,176],"product_tag":[132,298],"class_list":{"0":"post-53859","1":"product","2":"type-product","3":"status-publish","4":"has-post-thumbnail","6":"product_cat-parkett","7":"product_cat-porand","8":"product_tag-floor-et-2","9":"product_tag-oak-et-2","11":"first","12":"instock","13":"sale","14":"taxable","15":"shipping-taxable","16":"purchasable","17":"product-type-simple"},"acf":[],"_links":{"self":[{"href":"https:\/\/factory.sale\/et\/wp-json\/wp\/v2\/product\/53859","targetHints":{"allow":["GET"]}}],"collection":[{"href":"https:\/\/factory.sale\/et\/wp-json\/wp\/v2\/product"}],"about":[{"href":"https:\/\/factory.sale\/et\/wp-json\/wp\/v2\/types\/product"}],"replies":[{"embeddable":true,"href":"https:\/\/factory.sale\/et\/wp-json\/wp\/v2\/comments?post=53859"}],"wp:featuredmedia":[{"embeddable":true,"href":"https:\/\/factory.sale\/et\/wp-json\/wp\/v2\/media\/53852"}],"wp:attachment":[{"href":"https:\/\/factory.sale\/et\/wp-json\/wp\/v2\/media?parent=53859"}],"wp:term":[{"taxonomy":"factory","embeddable":true,"href":"https:\/\/factory.sale\/et\/wp-json\/wp\/v2\/factory?post=53859"},{"taxonomy":"free-shipment","embeddable":true,"href":"https:\/\/factory.sale\/et\/wp-json\/wp\/v2\/free-shipment?post=53859"},{"taxonomy":"product_brand","embeddable":true,"href":"https:\/\/factory.sale\/et\/wp-json\/wp\/v2\/product_brand?post=53859"},{"taxonomy":"product_cat","embeddable":true,"href":"https:\/\/factory.sale\/et\/wp-json\/wp\/v2\/product_cat?post=53859"},{"taxonomy":"product_tag","embeddable":true,"href":"https:\/\/factory.sale\/et\/wp-json\/wp\/v2\/product_tag?post=53859"}],"curies":[{"name":"wp","href":"https:\/\/api.w.org\/{rel}","templated":true}]}}