{"id":52951,"date":"2023-12-07T15:30:16","date_gmt":"2023-12-07T15:39:33","guid":{"rendered":"https:\/\/factory.sale\/?post_type=product&#038;p=52951"},"modified":"2024-06-25T20:07:24","modified_gmt":"2024-06-25T20:07:24","slug":"saunakeris-stoveman-13r","status":"publish","type":"product","link":"https:\/\/factory.sale\/et\/toode\/saunakeris-stoveman-13r\/","title":{"rendered":"Saunakeris Stoveman 13R"},"content":{"rendered":"<p><strong>Tootekood: 13110041<\/strong><\/p>\n<p>&nbsp;<\/p>\n<p>Saunaahi STOVEMAN 13R on ette n\u00e4htud kuiva v\u00f5i niiske leili saamiseks koduses majapidamises.<br \/>\nStoveman saunaahi\/keris annab t\u00e4nu metallpinna kiirgust varjavale suurele kerisekivide kogusele meeldiva saunakogemuse oma m\u00f5nusalt maheda ja pehme ning pikaajalise leiliga.<\/p>\n<p>Saunaahjul Stoveman 13R on t\u00f5hustatud \u00f5huvahetust, selleks on kolde v\u00e4lisseinad varustatud \u00f5hukanalitega! \u00d5hukanalid saavad tsirkulatsiooni\u00f5hu kerise p\u00f5hja alt, kuumenedes liigub soe \u00f5hk m\u00f6\u00f6da kanaleid \u00fcles ja v\u00e4ljub kerise pealmiste kivide vahelt.<\/p>\n<p>Saunaahju Soveman 13R v\u00f5rgu v\u00e4liskuju on \u00fcmar (R).<\/p>\n<p>&nbsp;<\/p>\n<p><strong>Materjalid:<\/strong><\/p>\n<ul>\n<li>K\u00f5ik saunaahju detailid, mis puutuvad kokku leegiga, on valmistatud 5 mm lehtterasest<\/li>\n<li>Saunaahju p\u00f5hi on valmistatud 3 mm lehtterasest<\/li>\n<li>Tuhakast on valmistatud 2 mm lehtterasest<\/li>\n<li>Tuharest valmistatakse k\u00e4sit\u00f6\u00f6na ja materjaliks on nelikantteras 10\u00d720 mm<\/li>\n<\/ul>\n<p>&nbsp;<\/p>\n<p><strong>Soovitus:<\/strong><br \/>\nKasutage Stoveman saunaahju \u00fchendamiseks korstnaga CE m\u00e4rgistusega v\u00e4hemalt 600\u00b0C p\u00f5lemisgaaside temperatuurile etten\u00e4htud korstna\u00fchendustorusid.<\/p>\n<p>&nbsp;<\/p>\n<p><strong>Tehnilised andmed:<\/strong><\/p>\n<ul>\n<li>Sobib leiliruumi mahuga: 6-13 m\u00b3<\/li>\n<li>Kerisekivide kogus: 90-110 kg (ei kuulu komplekti. Kerisekivid on pildil illustreerivad)<\/li>\n<li>Korstna v\u00e4ljaviik: 115 mm<\/li>\n<li>Pakendi m\u00f5\u00f5tmed: 45 \u00d7 54 \u00d7 70 cm (P\/L\/K)<\/li>\n<li>Kaal: 52 kg<\/li>\n<\/ul>\n<p>&nbsp;<\/p>\n<p><a href=\"https:\/\/factory.sale\/wp-content\/uploads\/2023\/12\/Stoveman_13_manual.pdf\" target=\"_blank\" rel=\"noopener\">Manuaal<\/a><\/p>\n<p><a href=\"https:\/\/factory.sale\/wp-content\/uploads\/2023\/12\/Stoveman-13R_21.02.2013.pdf\" target=\"_blank\" rel=\"noopener\">PDF joonis<\/a><\/p>\n","protected":false},"excerpt":{"rendered":"<p>Saunaahi STOVEMAN 13R on ette n\u00e4htud kuiva v\u00f5i niiske leili saamiseks koduses majapidamises.<br \/>\nStoveman saunaahi\/keris annab t\u00e4nu metallpinna kiirgust varjavale suurele kerisekivide kogusele meeldiva saunakogemuse oma m\u00f5nusalt maheda ja pehme ning pikaajalise leiliga.<\/p>\n","protected":false},"featured_media":52955,"comment_status":"open","ping_status":"closed","template":"","meta":{"_acf_changed":false},"factory":[],"free-shipment":[],"product_brand":[],"product_cat":[4540,4784,306,2649],"product_tag":[2179,2176],"class_list":{"0":"post-52951","1":"product","2":"type-product","3":"status-publish","4":"has-post-thumbnail","6":"product_cat-laotooted","7":"product_cat-saunakerised-et","8":"product_cat-saunakerised","9":"product_cat-stoveman-et","10":"product_tag-electric-heater-et","11":"product_tag-sauna-heater-et","13":"first","14":"instock","15":"sale","16":"taxable","17":"shipping-taxable","18":"purchasable","19":"product-type-simple"},"acf":[],"_links":{"self":[{"href":"https:\/\/factory.sale\/et\/wp-json\/wp\/v2\/product\/52951","targetHints":{"allow":["GET"]}}],"collection":[{"href":"https:\/\/factory.sale\/et\/wp-json\/wp\/v2\/product"}],"about":[{"href":"https:\/\/factory.sale\/et\/wp-json\/wp\/v2\/types\/product"}],"replies":[{"embeddable":true,"href":"https:\/\/factory.sale\/et\/wp-json\/wp\/v2\/comments?post=52951"}],"wp:featuredmedia":[{"embeddable":true,"href":"https:\/\/factory.sale\/et\/wp-json\/wp\/v2\/media\/52955"}],"wp:attachment":[{"href":"https:\/\/factory.sale\/et\/wp-json\/wp\/v2\/media?parent=52951"}],"wp:term":[{"taxonomy":"factory","embeddable":true,"href":"https:\/\/factory.sale\/et\/wp-json\/wp\/v2\/factory?post=52951"},{"taxonomy":"free-shipment","embeddable":true,"href":"https:\/\/factory.sale\/et\/wp-json\/wp\/v2\/free-shipment?post=52951"},{"taxonomy":"product_brand","embeddable":true,"href":"https:\/\/factory.sale\/et\/wp-json\/wp\/v2\/product_brand?post=52951"},{"taxonomy":"product_cat","embeddable":true,"href":"https:\/\/factory.sale\/et\/wp-json\/wp\/v2\/product_cat?post=52951"},{"taxonomy":"product_tag","embeddable":true,"href":"https:\/\/factory.sale\/et\/wp-json\/wp\/v2\/product_tag?post=52951"}],"curies":[{"name":"wp","href":"https:\/\/api.w.org\/{rel}","templated":true}]}}