{"id":52435,"date":"2023-12-05T12:56:24","date_gmt":"2023-12-05T13:14:12","guid":{"rendered":"https:\/\/factory.sale\/?post_type=product&#038;p=52435"},"modified":"2024-06-26T14:37:40","modified_gmt":"2024-06-26T14:37:40","slug":"puukuttega-keris-harvia-20-pro","status":"publish","type":"product","link":"https:\/\/factory.sale\/et\/toode\/puukuttega-keris-harvia-20-pro\/","title":{"rendered":"Puuk\u00fcttega keris Harvia 20 Pro"},"content":{"rendered":"<p><strong>Tootekood: 012246<\/strong><\/p>\n<p>Harvia 20 Pro on tugeva leili allikaks keskmise suurusega saunadesse. Kerisel on suur kiviruum ning terasest \u00fclarest. L\u00e4bi malmist klaasukse t\u00e4iendab tule soe kuma sauna \u00f5hkkonda. Tugev 10 mm tulekolde lagi tagab vastupidavuse. Antud mudelil on paigaldamist h\u00f5lbustavad reguleeritavad jalad, mille abil saab n\u00e4iteks suitsuava k\u00f5rguse h\u00f5lpsasti \u00f5igesti paika reguleerida. Kerise saab varustada korstent\u00fc\u00fcpi veeboileriga. Kerise v\u00e4liskest on v\u00e4rvitud grafiitmustaks.Soovitatav saunaruumi suurus on 8\u201320 m3 ja maksimaalne kivide kogus on 40 kg.<\/p>\n<p>&nbsp;<\/p>\n<div class=\"sauna-page-hide-item\">\n<p><strong>Tehnilised andmed:<\/strong><\/p>\n<p>&nbsp;<\/p>\n<table class=\"sauna-table-properties\">\n<tbody>\n<tr>\n<td>Leiliruum, min (m3)<\/td>\n<td class=\"sauna-properties-value-box \">8<\/td>\n<\/tr>\n<tr>\n<td class=\"hightLight\">Leiliruum, maks. (m3)<\/td>\n<td class=\"sauna-properties-value-box hightLight\">20<\/td>\n<\/tr>\n<tr>\n<td>M\u00f5\u00f5dud: laius, (mm)<\/td>\n<td class=\"sauna-properties-value-box \">430<\/td>\n<\/tr>\n<tr>\n<td class=\"hightLight\">M\u00f5\u00f5dud: k\u00f5rgus, (mm)<\/td>\n<td class=\"sauna-properties-value-box hightLight\">760<\/td>\n<\/tr>\n<tr>\n<td>M\u00f5\u00f5dud: s\u00fcgavus, (mm)<\/td>\n<td class=\"sauna-properties-value-box \">510<\/td>\n<\/tr>\n<tr>\n<td class=\"hightLight\">K\u00fcttepuude maksimaalne pikkus, (cm)<\/td>\n<td class=\"sauna-properties-value-box hightLight\">490<\/td>\n<\/tr>\n<tr>\n<td>Maksimaalne kivide kogus, (kg)<\/td>\n<td class=\"sauna-properties-value-box \">40<\/td>\n<\/tr>\n<tr>\n<td class=\"hightLight\">Soojusv\u00f5imsus, (kW)<\/td>\n<td class=\"sauna-properties-value-box hightLight\">18<\/td>\n<\/tr>\n<tr>\n<td>Ohutu kaugus k\u00fcljest ja tagant \/ puu ja kivi (mm)<\/td>\n<td class=\"sauna-properties-value-box \">500\/50<\/td>\n<\/tr>\n<tr>\n<td class=\"hightLight\">Ohutu kaugus ees, (mm)<\/td>\n<td class=\"sauna-properties-value-box hightLight\">500<\/td>\n<\/tr>\n<tr>\n<td>Ohutu kaugus kerisest laeni, (mm)<\/td>\n<td class=\"sauna-properties-value-box \">1300<\/td>\n<\/tr>\n<tr>\n<td class=\"hightLight\">Tulekolde lagi, (mm)<\/td>\n<td class=\"sauna-properties-value-box hightLight\">10<\/td>\n<\/tr>\n<tr>\n<td>Suitsuavade asukoht taga: kaugus p\u00f5randast ava keskpunktini, (mm)<\/td>\n<td class=\"sauna-properties-value-box \">560<\/td>\n<\/tr>\n<tr>\n<td class=\"hightLight\">Suitsuavade asukoht peal: kaugus tagaservast ava keskpunktini, (mm)<\/td>\n<td class=\"sauna-properties-value-box hightLight\">120<\/td>\n<\/tr>\n<tr>\n<td>Suitsuava diameeter, (mm)<\/td>\n<td class=\"sauna-properties-value-box \">115<\/td>\n<\/tr>\n<tr>\n<td class=\"hightLight\">Kerise kaal, (kg)<\/td>\n<td class=\"sauna-properties-value-box \">60<\/td>\n<\/tr>\n<\/tbody>\n<\/table>\n<p>&nbsp;<\/p>\n<p>&nbsp;<\/p>\n<p><a href=\"https:\/\/factory.sale\/wp-content\/uploads\/2023\/12\/Manual_Harvia_Woodburning-Stoves_20-Pro-20-Pro-S_ENG.pdf\" target=\"_blank\" rel=\"noopener\">MANUAAL<\/a><\/p>\n<\/div>\n","protected":false},"excerpt":{"rendered":"<p>Harvia 20 Pro on tugeva leili allikaks keskmise suurusega saunadesse. Kerisel on suur kiviruum ning terasest \u00fclarest. L\u00e4bi malmist klaasukse t\u00e4iendab tule soe kuma sauna \u00f5hkkonda. Tugev 10 mm tulekolde lagi tagab vastupidavuse. Antud mudelil on paigaldamist h\u00f5lbustavad reguleeritavad jalad, mille abil saab n\u00e4iteks suitsuava k\u00f5rguse h\u00f5lpsasti \u00f5igesti paika reguleerida. Kerise saab varustada korstent\u00fc\u00fcpi veeboileriga.<\/p>\n","protected":false},"featured_media":52431,"comment_status":"open","ping_status":"closed","template":"","meta":{"_acf_changed":false},"factory":[],"free-shipment":[],"product_brand":[],"product_cat":[1420,306],"product_tag":[1443,811,2176],"class_list":{"0":"post-52435","1":"product","2":"type-product","3":"status-publish","4":"has-post-thumbnail","6":"product_cat-harvia-et","7":"product_cat-saunakerised","8":"product_tag-harvia-et","9":"product_tag-sauna-et","10":"product_tag-sauna-heater-et","12":"first","13":"instock","14":"sale","15":"taxable","16":"shipping-taxable","17":"purchasable","18":"product-type-simple"},"acf":[],"_links":{"self":[{"href":"https:\/\/factory.sale\/et\/wp-json\/wp\/v2\/product\/52435","targetHints":{"allow":["GET"]}}],"collection":[{"href":"https:\/\/factory.sale\/et\/wp-json\/wp\/v2\/product"}],"about":[{"href":"https:\/\/factory.sale\/et\/wp-json\/wp\/v2\/types\/product"}],"replies":[{"embeddable":true,"href":"https:\/\/factory.sale\/et\/wp-json\/wp\/v2\/comments?post=52435"}],"wp:featuredmedia":[{"embeddable":true,"href":"https:\/\/factory.sale\/et\/wp-json\/wp\/v2\/media\/52431"}],"wp:attachment":[{"href":"https:\/\/factory.sale\/et\/wp-json\/wp\/v2\/media?parent=52435"}],"wp:term":[{"taxonomy":"factory","embeddable":true,"href":"https:\/\/factory.sale\/et\/wp-json\/wp\/v2\/factory?post=52435"},{"taxonomy":"free-shipment","embeddable":true,"href":"https:\/\/factory.sale\/et\/wp-json\/wp\/v2\/free-shipment?post=52435"},{"taxonomy":"product_brand","embeddable":true,"href":"https:\/\/factory.sale\/et\/wp-json\/wp\/v2\/product_brand?post=52435"},{"taxonomy":"product_cat","embeddable":true,"href":"https:\/\/factory.sale\/et\/wp-json\/wp\/v2\/product_cat?post=52435"},{"taxonomy":"product_tag","embeddable":true,"href":"https:\/\/factory.sale\/et\/wp-json\/wp\/v2\/product_tag?post=52435"}],"curies":[{"name":"wp","href":"https:\/\/api.w.org\/{rel}","templated":true}]}}