{"id":52382,"date":"2023-12-05T10:58:37","date_gmt":"2023-12-05T11:13:07","guid":{"rendered":"https:\/\/factory.sale\/?post_type=product&#038;p=52382"},"modified":"2025-10-20T12:45:03","modified_gmt":"2025-10-20T09:45:03","slug":"saunakeris-stoveman-13","status":"publish","type":"product","link":"https:\/\/factory.sale\/et\/toode\/saunakeris-stoveman-13\/","title":{"rendered":"Saunakeris Stoveman 13"},"content":{"rendered":"<p><strong>Tootekood: 13110010<\/strong><\/p>\n<p>Saunaahi STOVEMAN 13 on ette n\u00e4htud kuiva v\u00f5i niiske leili saamiseks koduses majapidamises.<br \/>\nStoveman saunaahi\/keris annab t\u00e4nu metallpinna kiirgust varjavale suurele kerisekivide kogusele meeldiva saunakogemuse oma m\u00f5nusalt maheda ja pehme ning pikaajalise leiliga.<\/p>\n<p>Saunaahjul Stoveman 13 on t\u00f5hustatud \u00f5huvahetust, selleks on kolde v\u00e4lisseinad varustatud \u00f5hukanalitega! \u00d5hukanalid saavad tsirkulatsiooni\u00f5hu kerise p\u00f5hja alt, kuumenedes liigub soe \u00f5hk m\u00f6\u00f6da kanaleid \u00fcles ja v\u00e4ljub kerise pealmiste kivide vahelt.<\/p>\n<p>Saunaahju baasmudelil (Stoveman 13) on klaasiga uks.<\/p>\n<p>&nbsp;<\/p>\n<p><strong>Materjalid:<\/strong><\/p>\n<ul>\n<li>K\u00f5ik saunaahju detailid, mis puutuvad kokku leegiga, on valmistatud 5 mm lehtterasest<\/li>\n<li>Saunaahju p\u00f5hi on valmistatud 3 mm lehtterasest<\/li>\n<li>Tuhakast on valmistatud 2 mm lehtterasest<\/li>\n<li>Tuharest valmistatakse k\u00e4sit\u00f6\u00f6na ja materjaliks on nelikantteras 10\u00d720 mm<\/li>\n<\/ul>\n<p>&nbsp;<\/p>\n<p><strong>Soovitus:<\/strong><\/p>\n<p>Kasutage Stoveman saunaahju \u00fchendamiseks korstnaga CE m\u00e4rgistusega v\u00e4hemalt 600\u00b0C p\u00f5lemisgaaside temperatuurile etten\u00e4htud korstna\u00fchendustorusid.<\/p>\n<p>&nbsp;<\/p>\n<p><strong>Tehnilised andmed:<\/strong><\/p>\n<ul>\n<li>Sobib leiliruumi mahuga: 6-13 m\u00b3<\/li>\n<li>Kerisekivide kogus: 90-110 kg (ei kuulu komplekti. Kerisekividel on pildil illustreeriv t\u00e4hendus.)<\/li>\n<li>Korstna v\u00e4ljaviik: 115 mm<\/li>\n<li>Varustatud tuhapuhastusluugiga<\/li>\n<li>Pakendi m\u00f5\u00f5tmed: 43 \u00d7 54 \u00d7 70 cm (P\/L\/K)<\/li>\n<li>Kaal: 52 kg<\/li>\n<\/ul>\n<p>&nbsp;<\/p>\n<p><a href=\"https:\/\/factory.sale\/wp-content\/uploads\/2023\/12\/Stoveman_13_manual.pdf\" target=\"_blank\" rel=\"noopener\">Kasutus &#8211; ja paigaldusjuhend<\/a><\/p>\n<p><a href=\"https:\/\/factory.sale\/wp-content\/uploads\/2023\/12\/Stoveman-13_21.02.2013.pdf\" target=\"_blank\" rel=\"noopener\">PDF joonis<\/a><\/p>\n<div class=\"fs-video\"><\/div>\n","protected":false},"excerpt":{"rendered":"<p>Saunaahi STOVEMAN 13 on ette n\u00e4htud kuiva v\u00f5i niiske leili saamiseks koduses majapidamises.<br \/>\nStoveman saunaahi\/keris annab t\u00e4nu metallpinna kiirgust varjavale suurele kerisekivide kogusele meeldiva saunakogemuse oma m\u00f5nusalt maheda ja pehme ning pikaajalise leiliga.<\/p>\n","protected":false},"featured_media":52371,"comment_status":"open","ping_status":"closed","template":"","meta":{"_acf_changed":false},"factory":[],"free-shipment":[],"product_brand":[],"product_cat":[4540,306,4784,2649],"product_tag":[811,2176],"class_list":{"0":"post-52382","1":"product","2":"type-product","3":"status-publish","4":"has-post-thumbnail","6":"product_cat-laotooted","7":"product_cat-saunakerised","8":"product_cat-saunakerised-et","9":"product_cat-stoveman-et","10":"product_tag-sauna-et","11":"product_tag-sauna-heater-et","13":"first","14":"instock","15":"sale","16":"taxable","17":"shipping-taxable","18":"purchasable","19":"product-type-simple"},"acf":[],"_links":{"self":[{"href":"https:\/\/factory.sale\/et\/wp-json\/wp\/v2\/product\/52382","targetHints":{"allow":["GET"]}}],"collection":[{"href":"https:\/\/factory.sale\/et\/wp-json\/wp\/v2\/product"}],"about":[{"href":"https:\/\/factory.sale\/et\/wp-json\/wp\/v2\/types\/product"}],"replies":[{"embeddable":true,"href":"https:\/\/factory.sale\/et\/wp-json\/wp\/v2\/comments?post=52382"}],"wp:featuredmedia":[{"embeddable":true,"href":"https:\/\/factory.sale\/et\/wp-json\/wp\/v2\/media\/52371"}],"wp:attachment":[{"href":"https:\/\/factory.sale\/et\/wp-json\/wp\/v2\/media?parent=52382"}],"wp:term":[{"taxonomy":"factory","embeddable":true,"href":"https:\/\/factory.sale\/et\/wp-json\/wp\/v2\/factory?post=52382"},{"taxonomy":"free-shipment","embeddable":true,"href":"https:\/\/factory.sale\/et\/wp-json\/wp\/v2\/free-shipment?post=52382"},{"taxonomy":"product_brand","embeddable":true,"href":"https:\/\/factory.sale\/et\/wp-json\/wp\/v2\/product_brand?post=52382"},{"taxonomy":"product_cat","embeddable":true,"href":"https:\/\/factory.sale\/et\/wp-json\/wp\/v2\/product_cat?post=52382"},{"taxonomy":"product_tag","embeddable":true,"href":"https:\/\/factory.sale\/et\/wp-json\/wp\/v2\/product_tag?post=52382"}],"curies":[{"name":"wp","href":"https:\/\/api.w.org\/{rel}","templated":true}]}}