{"id":51439,"date":"2023-11-09T10:05:12","date_gmt":"2023-11-30T14:28:17","guid":{"rendered":"https:\/\/factory.sale\/?post_type=product&#038;p=51439"},"modified":"2024-06-29T12:22:58","modified_gmt":"2024-06-29T12:22:58","slug":"taistammest-porandalaud-i-klass","status":"publish","type":"product","link":"https:\/\/factory.sale\/et\/toode\/taistammest-porandalaud-i-klass\/","title":{"rendered":"T\u00e4istammest p\u00f5randalaud I klass"},"content":{"rendered":"<p>Tamm on oma pikaealisuse t\u00f5ttu puude kuningas. Seda leidub P\u00f5hja-Aafrikas, P\u00f5hja-Ameerikas, Aasias ja Euroopas. Tammepuit on raske, k\u00f5va ja seda iseloomustab k\u00f5rge kulumiskindlus, mis soodustab seda p\u00f5randakatete valmistamisel.<\/p>\n<p>Valmistatud maitsestatud ja kuivatatud materjalist spetsiaalsetes lehtpuukuivatites.<\/p>\n<p>Tammepuidust p\u00f5randalauad, I klass naturaalne \u2013 s\u00f5lmedeta, puhas laud ilma maltspuiduta pealt, erinev tera, loomulik v\u00e4rv, niiskus 9% +\/- 2%.<\/p>\n<p>I klass &#8211; oksad kuni umbes 2 mm, naturaalne puidu v\u00e4rvus, loomulik teras\u00fcsteem, maltspuit puudub<\/p>\n<p>P\u00f5randalauale saab osutada lisateenuseid, n\u00e4iteks:<\/p>\n<p>Faasimine<\/p>\n<p>Lihvimine<\/p>\n<p>T\u00e4itmine<\/p>\n<p>Vanandamine (k\u00e4sitsi v\u00f5i mehaaniline)<\/p>\n<p>\u00d5li viimistlus<\/p>\n<p>&nbsp;<\/p>\n<p>&nbsp;<\/p>\n<h3><strong>P\u00f5randalaud &#8211; paksus 15 mm<\/strong><\/h3>\n<table style=\"height: 252px;\" width=\"573\">\n<tbody>\n<tr>\n<td>Oak<\/td>\n<td>150 x (500 \u2013 2500)<\/td>\n<td>82,8 \u20ac<\/td>\n<\/tr>\n<tr>\n<td>Oak<\/td>\n<td>(120 \u2013 130) x (500 \u2013 2500)<\/td>\n<td>79,5 \u20ac<\/td>\n<\/tr>\n<tr>\n<td>Oak<\/td>\n<td>100 x (500 \u2013 1200)<\/td>\n<td>72,3 \u20ac<\/td>\n<\/tr>\n<tr>\n<td><span style=\"font-weight: 400;\">Oak\u00a0<\/span><\/td>\n<td><span style=\"font-weight: 400;\">90 x (500 \u2013 1200)\u00a0<\/span><\/td>\n<td><span style=\"font-weight: 400;\">69,9 \u20ac<\/span><\/td>\n<\/tr>\n<\/tbody>\n<\/table>\n<h3><\/h3>\n<h3><strong>P\u00f5randalaud &#8211; paksus<\/strong> 21 mm<\/h3>\n<table style=\"height: 292px;\" width=\"596\">\n<tbody>\n<tr>\n<td>Oak<\/td>\n<td>(140 \u2013 150) x (500 \u2013 2600)<\/td>\n<td>96,6 \u20ac<\/td>\n<\/tr>\n<tr>\n<td>Oak<\/td>\n<td>120 x (500 \u2013 2600)<\/td>\n<td>90,6 \u20ac<\/td>\n<\/tr>\n<tr>\n<td>Oak<\/td>\n<td>100 x (500 \u2013 1400)<\/td>\n<td>80,4 \u20ac<\/td>\n<\/tr>\n<tr>\n<td><span style=\"font-weight: 400;\">Oak\u00a0<\/span><\/td>\n<td><span style=\"font-weight: 400;\">90 x (500 \u2013 1400)\u00a0<\/span><\/td>\n<td>73,8 \u20ac<\/td>\n<\/tr>\n<\/tbody>\n<\/table>\n<p>&nbsp;<\/p>\n<p>&nbsp;<\/p>\n<p>&nbsp;<\/p>\n<p><strong>Soovi korral pakume lisateenuseid, n\u00e4iteks:<\/strong><\/p>\n<p>P\u00f5randalaudade faasimine ja lihvimine TASUTA<br \/>\nPuidu vanandamine (mehaaniline v\u00f5i k\u00e4sitsi rustikeerimine) hind alates + 4,50 eur \/ m2 neto<br \/>\nParem &#8211; vasak (inglise kuusenurk 90\u00b0) suurem p\u00f5randalauast parkett + 10,00 eur \/ m2 v\u00f5rk<br \/>\nPrantsuse kuuse nurk 45\u00b0 koos faasimis- ja lihvimisteenusega alates + 24,25 eur \/ m2 net kuni + 26,50 eur \/ m2 v\u00f5rk<br \/>\nUngari kuuse nurk 60\u00b0 koos faasimis- ja lihvimisteenusega alates + 22,25 eur \/ m2 net kuni + 24,50 eur \/ m2 v\u00f5rk<br \/>\nV\u00e4rvitu \u00f5litamine + 10,00 eur \/ m2 v\u00f5rk<br \/>\nV\u00e4rvi\u00f5litamine + 13,00 eur \/ m2 neto<br \/>\nToorpuidu efekt + 14,25 eur \/ m2 neto<br \/>\nKihilise plaadi alumisel k\u00fcljel t\u00e4iendavad ristl\u00f5iked, mis suurendavad soojus\u00fclekannet l\u00e4bi p\u00f5randalaua ja reguleerivad plaadi pinget, mille tulemuseks on \u00fchtlane soojusjaotus (l\u00f5igete arv s\u00f5ltub plaadi laiusest) 4,50 eur \/ m2 neto<\/p>\n<p>&nbsp;<\/p>\n<p><em>Kui te ei leia p\u00f5randalauda, mis vastaks teie n\u00f5uetele m\u00f5\u00f5tmete, klassi v\u00f5i l\u00f5pliku visuaalse efekti osas, v\u00f5tke meiega \u00fchendust ja saame teha pakkumise vastavalt teie individuaalsetele n\u00f5uetele!<\/em><\/p>\n","protected":false},"excerpt":{"rendered":"<p>Tamm on oma pikaealisuse t\u00f5ttu puude kuningas. Seda leidub P\u00f5hja-Aafrikas, P\u00f5hja-Ameerikas, Aasias ja Euroopas. Tammepuit on raske, k\u00f5va ja seda iseloomustab k\u00f5rge kulumiskindlus, mis soodustab seda p\u00f5randakatete valmistamisel.<\/p>\n<p>Valmistatud maitsestatud ja kuivatatud materjalist spetsiaalsetes lehtpuukuivatites.<\/p>\n<p>Tammepuidust p\u00f5randalauad, I klass naturaalne \u2013 s\u00f5lmedeta, puhas laud ilma maltspuiduta pealt, erinev tera, loomulik v\u00e4rv, niiskus 9% +\/- 2%.<\/p>\n","protected":false},"featured_media":45770,"comment_status":"open","ping_status":"closed","template":"","meta":{"_acf_changed":false},"factory":[],"free-shipment":[],"product_brand":[],"product_cat":[176],"product_tag":[298],"class_list":{"0":"post-51439","1":"product","2":"type-product","3":"status-publish","4":"has-post-thumbnail","6":"product_cat-porand","7":"product_tag-oak-et-2","9":"first","10":"instock","11":"sale","12":"taxable","13":"shipping-taxable","14":"purchasable","15":"product-type-simple"},"acf":[],"_links":{"self":[{"href":"https:\/\/factory.sale\/et\/wp-json\/wp\/v2\/product\/51439","targetHints":{"allow":["GET"]}}],"collection":[{"href":"https:\/\/factory.sale\/et\/wp-json\/wp\/v2\/product"}],"about":[{"href":"https:\/\/factory.sale\/et\/wp-json\/wp\/v2\/types\/product"}],"replies":[{"embeddable":true,"href":"https:\/\/factory.sale\/et\/wp-json\/wp\/v2\/comments?post=51439"}],"wp:featuredmedia":[{"embeddable":true,"href":"https:\/\/factory.sale\/et\/wp-json\/wp\/v2\/media\/45770"}],"wp:attachment":[{"href":"https:\/\/factory.sale\/et\/wp-json\/wp\/v2\/media?parent=51439"}],"wp:term":[{"taxonomy":"factory","embeddable":true,"href":"https:\/\/factory.sale\/et\/wp-json\/wp\/v2\/factory?post=51439"},{"taxonomy":"free-shipment","embeddable":true,"href":"https:\/\/factory.sale\/et\/wp-json\/wp\/v2\/free-shipment?post=51439"},{"taxonomy":"product_brand","embeddable":true,"href":"https:\/\/factory.sale\/et\/wp-json\/wp\/v2\/product_brand?post=51439"},{"taxonomy":"product_cat","embeddable":true,"href":"https:\/\/factory.sale\/et\/wp-json\/wp\/v2\/product_cat?post=51439"},{"taxonomy":"product_tag","embeddable":true,"href":"https:\/\/factory.sale\/et\/wp-json\/wp\/v2\/product_tag?post=51439"}],"curies":[{"name":"wp","href":"https:\/\/api.w.org\/{rel}","templated":true}]}}