{"id":51427,"date":"2023-11-30T13:19:11","date_gmt":"2023-11-30T14:15:10","guid":{"rendered":"https:\/\/factory.sale\/?post_type=product&#038;p=51427"},"modified":"2024-06-27T23:54:20","modified_gmt":"2024-06-27T23:54:20","slug":"taistammest-porandalaud-ii-klass","status":"publish","type":"product","link":"https:\/\/factory.sale\/et\/toode\/taistammest-porandalaud-ii-klass\/","title":{"rendered":"T\u00e4istammest p\u00f5randalaud II klass"},"content":{"rendered":"<p>Tamm on oma pikaealisuse t\u00f5ttu puude kuningas. Seda leidub P\u00f5hja-Aafrikas, P\u00f5hja-Ameerikas, Aasias ja Euroopas. Tammepuit on raske, k\u00f5va ja seda iseloomustab k\u00f5rge kulumiskindlus, mis soodustab seda p\u00f5randakatete valmistamisel.<\/p>\n<p>K\u00f5ik tooted on valmistatud maitsestatud ja kuivatatud materjalist spetsiaalsetes lehtpuukuivatites.<\/p>\n<p>Tamme p\u00f5randalauad, klass II \u2013 lubatud on peened oksakohad, praod, terakesed ja erinevad toonid, niiskus 9% +\/- 2%.<\/p>\n<p>&nbsp;<\/p>\n<div class=\"enigma_blog_full\">\n<div class=\"enigma_blog_post_content\">\n<table style=\"height: 484px;\" width=\"796\">\n<tbody>\n<tr>\n<td class=\"pusty\"><strong>Tamm:<\/strong><\/td>\n<td class=\"pelny\"><strong>laius<\/strong><\/td>\n<td class=\"pelny\"><strong>pikkus<\/strong><\/td>\n<td class=\"pelny\"><strong>paksus<\/strong><\/td>\n<\/tr>\n<tr>\n<td class=\"pusty\"><strong>paksus 15 mm<\/strong><\/td>\n<td class=\"pelny\"><\/td>\n<td class=\"pelny\"><\/td>\n<td class=\"pelny\"><\/td>\n<td class=\"pusty\"><\/td>\n<\/tr>\n<tr>\n<td class=\"pusty\"><\/td>\n<td class=\"pelny\">90<\/td>\n<td class=\"pelny\">500 \u2013 1200<\/td>\n<td class=\"pelny\">15 mm<\/td>\n<td class=\"pusty\">51,24 \u20ac<\/td>\n<\/tr>\n<tr>\n<td><\/td>\n<td>100<\/td>\n<td>500 \u2013 1200<\/td>\n<td>15 mm<\/td>\n<td>52,2 \u20ac<\/td>\n<\/tr>\n<tr>\n<td class=\"pusty\"><\/td>\n<td class=\"pelny\">120<\/td>\n<td class=\"pelny\">600 \u2013 2600<\/td>\n<td class=\"pelny\">15\u00a0mm<\/td>\n<td class=\"pusty\">55,8 \u20ac<\/td>\n<\/tr>\n<tr>\n<td><\/td>\n<td>130<\/td>\n<td>600 \u2013 2600<\/td>\n<td>15 mm<\/td>\n<td>55,8 \u20ac<\/td>\n<\/tr>\n<tr>\n<td class=\"pusty\"><\/td>\n<td class=\"pelny\">150<\/td>\n<td class=\"pelny\">600 \u2013 2600<\/td>\n<td class=\"pelny\">15 mm<\/td>\n<td class=\"pusty\">65,7 \u20ac<\/td>\n<\/tr>\n<tr>\n<td class=\"pusty\"><\/td>\n<td class=\"pelny\">200<\/td>\n<td class=\"pelny\">600 \u2013 2600<\/td>\n<td class=\"pelny\">15 mm<\/td>\n<td class=\"pusty\"><\/td>\n<\/tr>\n<tr>\n<td class=\"pusty\"><strong>paksus 21 mm<\/strong><\/td>\n<td class=\"pelny\"><\/td>\n<td class=\"pelny\"><\/td>\n<td class=\"pelny\"><\/td>\n<td class=\"pusty\"><\/td>\n<\/tr>\n<tr>\n<td class=\"pusty\"><\/td>\n<td class=\"pelny\">\u00a090<\/td>\n<td class=\"pelny\">600 \u2013 1400<\/td>\n<td class=\"pelny\">21 mm<\/td>\n<td class=\"pusty\"><\/td>\n<\/tr>\n<tr>\n<td class=\"pusty\"><\/td>\n<td class=\"pelny\">100<\/td>\n<td class=\"pelny\">600 \u2013 1400 (2000)<\/td>\n<td class=\"pelny\">21 mm<\/td>\n<td class=\"pusty\"><\/td>\n<\/tr>\n<tr>\n<td class=\"pusty\"><\/td>\n<td class=\"pelny\">120<\/td>\n<td class=\"pelny\">600 \u2013 2600<\/td>\n<td class=\"pelny\">21 mm<\/td>\n<td class=\"pusty\"><\/td>\n<\/tr>\n<tr>\n<td class=\"pusty\"><\/td>\n<td class=\"pelny\">150 (140)<\/td>\n<td class=\"pelny\">600 \u2013 2600<\/td>\n<td class=\"pelny\">21 mm<\/td>\n<td class=\"pusty\"><\/td>\n<\/tr>\n<tr>\n<td class=\"pusty\"><\/td>\n<td class=\"pelny\">160<\/td>\n<td class=\"pelny\">600 \u2013 2600<\/td>\n<td class=\"pelny\">21\u00a0mm<\/td>\n<td class=\"pusty\"><\/td>\n<\/tr>\n<tr>\n<td class=\"pusty\"><\/td>\n<td class=\"pelny\">180<\/td>\n<td class=\"pelny\">600 \u2013 2600<\/td>\n<td class=\"pelny\">21 mm<\/td>\n<\/tr>\n<tr>\n<td class=\"pusty\"><\/td>\n<td class=\"pelny\">200<\/td>\n<td class=\"pelny\">600 \u2013 2600<\/td>\n<td class=\"pelny\">21 mm<\/td>\n<td class=\"pusty\"><\/td>\n<\/tr>\n<\/tbody>\n<\/table>\n<\/div>\n<\/div>\n<p>&nbsp;<\/p>\n<p>&nbsp;<\/p>\n<p><strong>Soovi korral pakume lisateenuseid, n\u00e4iteks:<\/strong><\/p>\n<ul>\n<li>P\u00f5randalaudade faasimine ja lihvimine TASUTA<\/li>\n<li>Puidu vanandamine (mehaaniline v\u00f5i k\u00e4sitsi rustikeerimine) hind alates + 4,50 eur \/ m2 neto<\/li>\n<li>Parem &#8211; vasak (inglise kuusenurk 90\u00b0) suurem p\u00f5randalauast parkett + 10,00 eur \/ m2 v\u00f5rk<\/li>\n<li>Prantsuse kuuse nurk 45\u00b0 koos faasimis- ja lihvimisteenusega alates + 24,25 eur \/ m2 net kuni + 26,50 eur \/ m2 v\u00f5rk<\/li>\n<li>Ungari kuuse nurk 60\u00b0 koos faasimis- ja lihvimisteenusega alates + 22,25 eur \/ m2 net kuni + 24,50 eur \/ m2 v\u00f5rk<\/li>\n<li>V\u00e4rvitu \u00f5litamine + 10,00 eur \/ m2 v\u00f5rk<\/li>\n<li>V\u00e4rvi\u00f5litamine + 13,00 eur \/ m2 neto<\/li>\n<li>Toorpuidu efekt + 14,25 eur \/ m2 neto<\/li>\n<li>Kihilise plaadi alumisel k\u00fcljel t\u00e4iendavad ristl\u00f5iked, mis suurendavad soojus\u00fclekannet l\u00e4bi p\u00f5randalaua ja reguleerivad plaadi pinget, mille tulemuseks on \u00fchtlane soojusjaotus (l\u00f5igete arv s\u00f5ltub plaadi laiusest) 4,50 eur \/ m2 neto<\/li>\n<\/ul>\n","protected":false},"excerpt":{"rendered":"<p>Tamm on oma pikaealisuse t\u00f5ttu puude kuningas. Seda leidub P\u00f5hja-Aafrikas, P\u00f5hja-Ameerikas, Aasias ja Euroopas. Tammepuit on raske, k\u00f5va ja seda iseloomustab k\u00f5rge kulumiskindlus, mis soodustab seda p\u00f5randakatete valmistamisel.<\/p>\n<p>K\u00f5ik tooted on valmistatud maitsestatud ja kuivatatud materjalist spetsiaalsetes lehtpuukuivatites.<\/p>\n<p>Tamme p\u00f5randalauad, klass II \u2013 lubatud on peened oksakohad, praod, terakesed ja erinevad toonid, niiskus 9% +\/- 2%.<\/p>\n","protected":false},"featured_media":51407,"comment_status":"open","ping_status":"closed","template":"","meta":{"_acf_changed":false},"factory":[],"free-shipment":[],"product_brand":[],"product_cat":[176],"product_tag":[132],"class_list":{"0":"post-51427","1":"product","2":"type-product","3":"status-publish","4":"has-post-thumbnail","6":"product_cat-porand","7":"product_tag-floor-et-2","9":"first","10":"instock","11":"sale","12":"taxable","13":"shipping-taxable","14":"purchasable","15":"product-type-simple"},"acf":[],"_links":{"self":[{"href":"https:\/\/factory.sale\/et\/wp-json\/wp\/v2\/product\/51427","targetHints":{"allow":["GET"]}}],"collection":[{"href":"https:\/\/factory.sale\/et\/wp-json\/wp\/v2\/product"}],"about":[{"href":"https:\/\/factory.sale\/et\/wp-json\/wp\/v2\/types\/product"}],"replies":[{"embeddable":true,"href":"https:\/\/factory.sale\/et\/wp-json\/wp\/v2\/comments?post=51427"}],"wp:featuredmedia":[{"embeddable":true,"href":"https:\/\/factory.sale\/et\/wp-json\/wp\/v2\/media\/51407"}],"wp:attachment":[{"href":"https:\/\/factory.sale\/et\/wp-json\/wp\/v2\/media?parent=51427"}],"wp:term":[{"taxonomy":"factory","embeddable":true,"href":"https:\/\/factory.sale\/et\/wp-json\/wp\/v2\/factory?post=51427"},{"taxonomy":"free-shipment","embeddable":true,"href":"https:\/\/factory.sale\/et\/wp-json\/wp\/v2\/free-shipment?post=51427"},{"taxonomy":"product_brand","embeddable":true,"href":"https:\/\/factory.sale\/et\/wp-json\/wp\/v2\/product_brand?post=51427"},{"taxonomy":"product_cat","embeddable":true,"href":"https:\/\/factory.sale\/et\/wp-json\/wp\/v2\/product_cat?post=51427"},{"taxonomy":"product_tag","embeddable":true,"href":"https:\/\/factory.sale\/et\/wp-json\/wp\/v2\/product_tag?post=51427"}],"curies":[{"name":"wp","href":"https:\/\/api.w.org\/{rel}","templated":true}]}}