{"id":51071,"date":"2023-11-29T12:56:21","date_gmt":"2023-11-29T12:59:43","guid":{"rendered":"https:\/\/factory.sale\/?post_type=product&#038;p=51071"},"modified":"2025-12-10T11:47:46","modified_gmt":"2025-12-10T08:47:46","slug":"tylo-aurugeneraator-steam-home-3-6-9","status":"publish","type":"product","link":"https:\/\/factory.sale\/et\/toode\/tylo-aurugeneraator-steam-home-3-6-9\/","title":{"rendered":"Tyl\u00f6 aurugeneraator Steam Home 3\/6\/9"},"content":{"rendered":"<p>Koduseks kasutamiseks kohandatud kodune aurugeneraator. Sellel on mitmeid praktilisi funktsioone, sealhulgas ootere\u017eiim, aroomiteraapia ja t\u00e4iustatud kaitse seisaku ajal. Automaatne loputus. Kaasas on auruotsik Essential. Kui soovite aurusaunas kasutada l\u00f5hnaessentse, lisate auruemissiooni Bahia Home.<\/p>\n<p>&nbsp;<\/p>\n<p><strong>Tootekood:<\/strong> 66210120<\/p>\n<p><strong>V\u00e4rv:<\/strong> valge<\/p>\n<p><strong>Paneel:\u00a0<\/strong>lisage Elite v\u00f5i Pure<\/p>\n<p><strong>M\u00f5ju:<\/strong> 3\/6\/9<\/p>\n<p><strong>M\u00f5\u00f5dud (L x K x S):<\/strong>\u00a0480 x 615 x 160 mm<\/p>\n<p>&nbsp;<\/p>\n<p><a href=\"https:\/\/factory.sale\/wp-content\/uploads\/2023\/11\/2900-4160-Steam-Commercial-Home.pdf\" target=\"_blank\" rel=\"noopener\">Steam Commercial Home<\/a><\/p>\n<p><a href=\"https:\/\/factory.sale\/wp-content\/uploads\/2023\/11\/2210905STO-001-Steam-Commercial.pdf\" target=\"_blank\" rel=\"noopener\">Steam Commercial<\/a><\/p>\n<p><a href=\"https:\/\/factory.sale\/wp-content\/uploads\/2023\/11\/CB_Cert_SE-110066-Steam-Commercial.pdf\" target=\"_blank\" rel=\"noopener\">CB_Cert_SE-110066 &#8211; Steam Commercial<\/a><\/p>\n<p>&nbsp;<\/p>\n","protected":false},"excerpt":{"rendered":"<p>Koduseks kasutamiseks kohandatud kodune aurugeneraator. Sellel on mitmeid praktilisi funktsioone, sealhulgas ootere\u017eiim, aroomiteraapia ja t\u00e4iustatud kaitse seisaku ajal. Automaatne loputus. Kaasas on auruotsik Essential. Kui soovite aurusaunas kasutada l\u00f5hnaessentse, lisate auruemissiooni Bahia Home.<\/p>\n","protected":false},"featured_media":51063,"comment_status":"open","ping_status":"closed","template":"","meta":{"_acf_changed":false},"factory":[],"free-shipment":[],"product_brand":[],"product_cat":[1028],"product_tag":[811,2176],"class_list":{"0":"post-51071","1":"product","2":"type-product","3":"status-publish","4":"has-post-thumbnail","6":"product_cat-saunatarvikud","7":"product_tag-sauna-et","8":"product_tag-sauna-heater-et","10":"first","11":"instock","12":"sale","13":"taxable","14":"shipping-taxable","15":"purchasable","16":"product-type-simple"},"acf":[],"_links":{"self":[{"href":"https:\/\/factory.sale\/et\/wp-json\/wp\/v2\/product\/51071","targetHints":{"allow":["GET"]}}],"collection":[{"href":"https:\/\/factory.sale\/et\/wp-json\/wp\/v2\/product"}],"about":[{"href":"https:\/\/factory.sale\/et\/wp-json\/wp\/v2\/types\/product"}],"replies":[{"embeddable":true,"href":"https:\/\/factory.sale\/et\/wp-json\/wp\/v2\/comments?post=51071"}],"wp:featuredmedia":[{"embeddable":true,"href":"https:\/\/factory.sale\/et\/wp-json\/wp\/v2\/media\/51063"}],"wp:attachment":[{"href":"https:\/\/factory.sale\/et\/wp-json\/wp\/v2\/media?parent=51071"}],"wp:term":[{"taxonomy":"factory","embeddable":true,"href":"https:\/\/factory.sale\/et\/wp-json\/wp\/v2\/factory?post=51071"},{"taxonomy":"free-shipment","embeddable":true,"href":"https:\/\/factory.sale\/et\/wp-json\/wp\/v2\/free-shipment?post=51071"},{"taxonomy":"product_brand","embeddable":true,"href":"https:\/\/factory.sale\/et\/wp-json\/wp\/v2\/product_brand?post=51071"},{"taxonomy":"product_cat","embeddable":true,"href":"https:\/\/factory.sale\/et\/wp-json\/wp\/v2\/product_cat?post=51071"},{"taxonomy":"product_tag","embeddable":true,"href":"https:\/\/factory.sale\/et\/wp-json\/wp\/v2\/product_tag?post=51071"}],"curies":[{"name":"wp","href":"https:\/\/api.w.org\/{rel}","templated":true}]}}