{"id":51033,"date":"2023-11-29T11:38:03","date_gmt":"2023-11-29T12:09:44","guid":{"rendered":"https:\/\/factory.sale\/?post_type=product&#038;p=51033"},"modified":"2025-12-10T11:47:46","modified_gmt":"2025-12-10T08:47:46","slug":"tylo-aurugeneraator-steam-commercial-9","status":"publish","type":"product","link":"https:\/\/factory.sale\/et\/toode\/tylo-aurugeneraator-steam-commercial-9\/","title":{"rendered":"Tyl\u00f6 aurugeneraator Steam Commercial 9"},"content":{"rendered":"<p>Kaubanduslik aurugeneraator avalikele paigaldistele, millel on standard nutikate lahenduste jaoks maksimaalse v\u00f5imsuse saavutamiseks. Minimaalne veekulu ja k\u00f5rge energiat\u00f5husus t\u00e4nu patenteeritud &#8220;jagatud toite&#8221; funktsioonile Kahesuunaline side juhtpaneeli ja aurugeneraatori vahel tagab automaatse ja pideva auru ja temperatuuri j\u00e4lgimise. Steam Outlet ja juhtpaneel ostetakse eraldi. L\u00f5hnapumba kasutamisel kombineeritakse aurugeneraator juhtpaneeliga Elite.<\/p>\n<p>&nbsp;<\/p>\n<p><strong>Tootekood:<\/strong> 66210010<\/p>\n<p><strong>V\u00e4rv:<\/strong> valge<\/p>\n<p><strong>Paneel:<\/strong> lisage Elite v\u00f5i Pure<\/p>\n<p><strong>M\u00f5\u00f5dud:<\/strong> 585 x 685 x 230 mm<\/p>\n<p><strong>M\u00f5ju:<\/strong> 9<\/p>\n<p>&nbsp;<\/p>\n<p><img loading=\"lazy\" decoding=\"async\" class=\"alignnone wp-image-51018\" src=\"https:\/\/factory.sale\/wp-content\/uploads\/2023\/11\/Screenshot-2023-11-29-at-13.32.56-300x209.png\" alt=\"\" width=\"591\" height=\"412\" srcset=\"https:\/\/factory.sale\/wp-content\/uploads\/2023\/11\/Screenshot-2023-11-29-at-13.32.56-300x209.png 300w, https:\/\/factory.sale\/wp-content\/uploads\/2023\/11\/Screenshot-2023-11-29-at-13.32.56-1024x713.png 1024w, https:\/\/factory.sale\/wp-content\/uploads\/2023\/11\/Screenshot-2023-11-29-at-13.32.56-150x104.png 150w, https:\/\/factory.sale\/wp-content\/uploads\/2023\/11\/Screenshot-2023-11-29-at-13.32.56-600x418.png 600w, https:\/\/factory.sale\/wp-content\/uploads\/2023\/11\/Screenshot-2023-11-29-at-13.32.56.png 1100w\" sizes=\"auto, (max-width: 591px) 100vw, 591px\" \/><\/p>\n<p>&nbsp;<\/p>\n<p><a href=\"https:\/\/factory.sale\/wp-content\/uploads\/2023\/11\/2900-4160-Steam-Commercial-Home.pdf\" target=\"_blank\" rel=\"noopener\">Steam Commercial Home<\/a><\/p>\n<p><a href=\"https:\/\/factory.sale\/wp-content\/uploads\/2023\/11\/2210905STO-001-Steam-Commercial.pdf\" target=\"_blank\" rel=\"noopener\">Steam Commercial<\/a><\/p>\n<p><a href=\"https:\/\/factory.sale\/wp-content\/uploads\/2023\/11\/CB_Cert_SE-110066-Steam-Commercial.pdf\" target=\"_blank\" rel=\"noopener\">CB_Cert_SE-110066 &#8211; Steam Commercial<\/a><\/p>\n<p>&nbsp;<\/p>\n","protected":false},"excerpt":{"rendered":"<p>Kaubanduslik aurugeneraator avalikele paigaldistele, millel on standard nutikate lahenduste jaoks maksimaalse v\u00f5imsuse saavutamiseks. Minimaalne veekulu ja k\u00f5rge energiat\u00f5husus t\u00e4nu patenteeritud &#8220;jagatud toite&#8221; funktsioonile Kahesuunaline side juhtpaneeli ja aurugeneraatori vahel tagab automaatse ja pideva auru ja temperatuuri j\u00e4lgimise. Steam Outlet ja juhtpaneel ostetakse eraldi. L\u00f5hnapumba kasutamisel kombineeritakse aurugeneraator juhtpaneeliga Elite.<\/p>\n","protected":false},"featured_media":51031,"comment_status":"open","ping_status":"closed","template":"","meta":{"_acf_changed":false},"factory":[],"free-shipment":[],"product_brand":[],"product_cat":[1028],"product_tag":[811],"class_list":{"0":"post-51033","1":"product","2":"type-product","3":"status-publish","4":"has-post-thumbnail","6":"product_cat-saunatarvikud","7":"product_tag-sauna-et","9":"first","10":"instock","11":"sale","12":"taxable","13":"shipping-taxable","14":"purchasable","15":"product-type-simple"},"acf":[],"_links":{"self":[{"href":"https:\/\/factory.sale\/et\/wp-json\/wp\/v2\/product\/51033","targetHints":{"allow":["GET"]}}],"collection":[{"href":"https:\/\/factory.sale\/et\/wp-json\/wp\/v2\/product"}],"about":[{"href":"https:\/\/factory.sale\/et\/wp-json\/wp\/v2\/types\/product"}],"replies":[{"embeddable":true,"href":"https:\/\/factory.sale\/et\/wp-json\/wp\/v2\/comments?post=51033"}],"wp:featuredmedia":[{"embeddable":true,"href":"https:\/\/factory.sale\/et\/wp-json\/wp\/v2\/media\/51031"}],"wp:attachment":[{"href":"https:\/\/factory.sale\/et\/wp-json\/wp\/v2\/media?parent=51033"}],"wp:term":[{"taxonomy":"factory","embeddable":true,"href":"https:\/\/factory.sale\/et\/wp-json\/wp\/v2\/factory?post=51033"},{"taxonomy":"free-shipment","embeddable":true,"href":"https:\/\/factory.sale\/et\/wp-json\/wp\/v2\/free-shipment?post=51033"},{"taxonomy":"product_brand","embeddable":true,"href":"https:\/\/factory.sale\/et\/wp-json\/wp\/v2\/product_brand?post=51033"},{"taxonomy":"product_cat","embeddable":true,"href":"https:\/\/factory.sale\/et\/wp-json\/wp\/v2\/product_cat?post=51033"},{"taxonomy":"product_tag","embeddable":true,"href":"https:\/\/factory.sale\/et\/wp-json\/wp\/v2\/product_tag?post=51033"}],"curies":[{"name":"wp","href":"https:\/\/api.w.org\/{rel}","templated":true}]}}