{"id":51000,"date":"2023-11-29T11:13:03","date_gmt":"2023-11-29T11:14:22","guid":{"rendered":"https:\/\/factory.sale\/?post_type=product&#038;p=51000"},"modified":"2025-12-10T11:38:17","modified_gmt":"2025-12-10T08:38:17","slug":"tylo-releekarp-commercial","status":"publish","type":"product","link":"https:\/\/factory.sale\/et\/toode\/tylo-releekarp-commercial\/","title":{"rendered":"Tyl\u00f6 releekarp Commercial"},"content":{"rendered":"<p>Releekast Commercial on m\u00f5eldud juhtimiseks koos juhtpaneelidega Elite ja Pure ning sobib saunakeristele Sense Commercial 16-20kW. Karbis on \u00fchendus 1 valgusti jaoks ja 3 tk aux. Kui teil on Elite\/Pure ja releekarp Commercial, saate juhtida ka Tyl\u00f6 vanemaid k\u00fcttekehade mudeleid SK 6,6kW, 8kW ja SD\/SDK 10,7kW 16kW ja 20kW.<\/p>\n<p>&nbsp;<\/p>\n<p><strong>V\u00e4rv:<\/strong> valge<\/p>\n<p><strong>Tootekood:<\/strong> 71016012<\/p>\n<p><strong>M\u00f5\u00f5dud (LxKxS):<\/strong> 485 x 295 x 110 mm<\/p>\n<p>&nbsp;<\/p>\n<p>&nbsp;<\/p>\n<p><a href=\"https:\/\/factory.sale\/wp-content\/uploads\/2023\/11\/2900-4153-Relay-box-Commercial-installation_user-guide.pdf\" target=\"_blank\" rel=\"noopener\">Relay box Commercial installation_kasutajajuhised<\/a><\/p>\n","protected":false},"excerpt":{"rendered":"<p>Releekast Commercial on m\u00f5eldud juhtimiseks koos juhtpaneelidega Elite ja Pure ning sobib saunakeristele Sense Commercial 16-20kW. Karbis on \u00fchendus 1 valgusti jaoks ja 3 tk aux. Kui teil on Elite\/Pure ja releekarp Commercial, saate juhtida ka Tyl\u00f6 vanemaid k\u00fcttekehade mudeleid SK 6,6kW, 8kW ja SD\/SDK 10,7kW 16kW ja 20kW.<\/p>\n","protected":false},"featured_media":50997,"comment_status":"open","ping_status":"closed","template":"","meta":{"_acf_changed":false},"factory":[],"free-shipment":[],"product_brand":[],"product_cat":[1027],"product_tag":[809],"class_list":{"0":"post-51000","1":"product","2":"type-product","3":"status-publish","4":"has-post-thumbnail","6":"product_cat-sauna-accessories-2","7":"product_tag-sauna","9":"first","10":"instock","11":"sale","12":"taxable","13":"shipping-taxable","14":"purchasable","15":"product-type-simple"},"acf":[],"_links":{"self":[{"href":"https:\/\/factory.sale\/et\/wp-json\/wp\/v2\/product\/51000","targetHints":{"allow":["GET"]}}],"collection":[{"href":"https:\/\/factory.sale\/et\/wp-json\/wp\/v2\/product"}],"about":[{"href":"https:\/\/factory.sale\/et\/wp-json\/wp\/v2\/types\/product"}],"replies":[{"embeddable":true,"href":"https:\/\/factory.sale\/et\/wp-json\/wp\/v2\/comments?post=51000"}],"wp:featuredmedia":[{"embeddable":true,"href":"https:\/\/factory.sale\/et\/wp-json\/wp\/v2\/media\/50997"}],"wp:attachment":[{"href":"https:\/\/factory.sale\/et\/wp-json\/wp\/v2\/media?parent=51000"}],"wp:term":[{"taxonomy":"factory","embeddable":true,"href":"https:\/\/factory.sale\/et\/wp-json\/wp\/v2\/factory?post=51000"},{"taxonomy":"free-shipment","embeddable":true,"href":"https:\/\/factory.sale\/et\/wp-json\/wp\/v2\/free-shipment?post=51000"},{"taxonomy":"product_brand","embeddable":true,"href":"https:\/\/factory.sale\/et\/wp-json\/wp\/v2\/product_brand?post=51000"},{"taxonomy":"product_cat","embeddable":true,"href":"https:\/\/factory.sale\/et\/wp-json\/wp\/v2\/product_cat?post=51000"},{"taxonomy":"product_tag","embeddable":true,"href":"https:\/\/factory.sale\/et\/wp-json\/wp\/v2\/product_tag?post=51000"}],"curies":[{"name":"wp","href":"https:\/\/api.w.org\/{rel}","templated":true}]}}