{"id":50984,"date":"2023-11-29T11:01:14","date_gmt":"2023-11-29T11:03:20","guid":{"rendered":"https:\/\/factory.sale\/?post_type=product&#038;p=50984"},"modified":"2025-12-10T11:45:45","modified_gmt":"2025-12-10T08:45:45","slug":"tylo-juhtpaneel-pure","status":"publish","type":"product","link":"https:\/\/factory.sale\/et\/toode\/tylo-juhtpaneel-pure\/","title":{"rendered":"Tyl\u00f6 juhtpaneel Pure"},"content":{"rendered":"<p>Pure juhtpaneeli elegantne ja kompaktne disain teeb sellest parima valiku neile, kes hindavad funktsionaalsust ja lihtsust. \u00d5huke must juhtpaneel v\u00f5imaldab teil vaid m\u00f5ne puudutusega h\u00f5lpsalt reguleerida valgustust, temperatuuri ja saunaaega. Muidugi, kui valite algusaja kuni k\u00fcmme tundi ette, saate kohe koju j\u00f5udes astuda imeliselt kuuma sauna v\u00f5i leiliruumi. (Vaja on lisada uksekontakt).<\/p>\n<ul>\n<li>Pure juhtpaneeli juhitakse pehmete puutetundlike juhtnuppude kaudu ja see sobib nii sauna- kui ka leiliruumidega.<\/li>\n<li>Spetsiaalselt loodud sujuvaks t\u00f6\u00f6ks Tyl\u00f6 ja Helo saunakeristega.<\/li>\n<li>Pure&#8217;i mitmek\u00fclgne konstruktsioon v\u00f5imaldab paigaldada nii sauna v\u00f5i leiliruumi sisse kui ka v\u00e4ljapoole.<\/li>\n<\/ul>\n<p>&nbsp;<\/p>\n<p>&nbsp;<\/p>\n<p><strong>V\u00e4rv:<\/strong> must<\/p>\n<p><strong>Tootekood:<\/strong> 72001430<\/p>\n<p><strong>M\u00f5\u00f5dud (LxKxS):<\/strong> 85 x 127 x 12 mm<\/p>\n<p>&nbsp;<\/p>\n<p><a href=\"https:\/\/factory.sale\/wp-content\/uploads\/2023\/11\/2900-5204-Manual-Tylo-Pure-2.0-8-languages.pdf\" target=\"_blank\" rel=\"noopener\">Tyl\u00f6 Pure Manuaal<\/a><\/p>\n","protected":false},"excerpt":{"rendered":"<p>Pure juhtpaneeli elegantne ja kompaktne disain teeb sellest parima valiku neile, kes hindavad funktsionaalsust ja lihtsust. \u00d5huke must juhtpaneel v\u00f5imaldab teil vaid m\u00f5ne puudutusega h\u00f5lpsalt reguleerida valgustust, temperatuuri ja saunaaega. Muidugi, kui valite algusaja kuni k\u00fcmme tundi ette, saate kohe koju j\u00f5udes astuda imeliselt kuuma sauna v\u00f5i leiliruumi. (Vaja on lisada uksekontakt).<\/p>\n<ul>\n<li>Pure juhtpaneeli juhitakse pehmete puutetundlike juhtnuppude kaudu ja see sobib nii sauna- kui ka leiliruumidega.<\/li>\n<li>Spetsiaalselt loodud sujuvaks t\u00f6\u00f6ks Tyl\u00f6 ja Helo saunakeristega.<\/li>\n<li>Pure&#8217;i mitmek\u00fclgne konstruktsioon v\u00f5imaldab paigaldada nii sauna v\u00f5i leiliruumi sisse kui ka v\u00e4ljapoole.<\/li>\n<\/ul>\n","protected":false},"featured_media":50978,"comment_status":"open","ping_status":"closed","template":"","meta":{"_acf_changed":false},"factory":[],"free-shipment":[],"product_brand":[],"product_cat":[306,2633],"product_tag":[300],"class_list":{"0":"post-50984","1":"product","2":"type-product","3":"status-publish","4":"has-post-thumbnail","6":"product_cat-saunakerised","7":"product_cat-tylo-et","8":"product_tag-pure-et-2","10":"first","11":"instock","12":"sale","13":"taxable","14":"shipping-taxable","15":"purchasable","16":"product-type-simple"},"acf":[],"_links":{"self":[{"href":"https:\/\/factory.sale\/et\/wp-json\/wp\/v2\/product\/50984","targetHints":{"allow":["GET"]}}],"collection":[{"href":"https:\/\/factory.sale\/et\/wp-json\/wp\/v2\/product"}],"about":[{"href":"https:\/\/factory.sale\/et\/wp-json\/wp\/v2\/types\/product"}],"replies":[{"embeddable":true,"href":"https:\/\/factory.sale\/et\/wp-json\/wp\/v2\/comments?post=50984"}],"wp:featuredmedia":[{"embeddable":true,"href":"https:\/\/factory.sale\/et\/wp-json\/wp\/v2\/media\/50978"}],"wp:attachment":[{"href":"https:\/\/factory.sale\/et\/wp-json\/wp\/v2\/media?parent=50984"}],"wp:term":[{"taxonomy":"factory","embeddable":true,"href":"https:\/\/factory.sale\/et\/wp-json\/wp\/v2\/factory?post=50984"},{"taxonomy":"free-shipment","embeddable":true,"href":"https:\/\/factory.sale\/et\/wp-json\/wp\/v2\/free-shipment?post=50984"},{"taxonomy":"product_brand","embeddable":true,"href":"https:\/\/factory.sale\/et\/wp-json\/wp\/v2\/product_brand?post=50984"},{"taxonomy":"product_cat","embeddable":true,"href":"https:\/\/factory.sale\/et\/wp-json\/wp\/v2\/product_cat?post=50984"},{"taxonomy":"product_tag","embeddable":true,"href":"https:\/\/factory.sale\/et\/wp-json\/wp\/v2\/product_tag?post=50984"}],"curies":[{"name":"wp","href":"https:\/\/api.w.org\/{rel}","templated":true}]}}