{"id":50836,"date":"2023-11-28T20:32:34","date_gmt":"2023-11-28T20:35:02","guid":{"rendered":"https:\/\/factory.sale\/?post_type=product&#038;p=50836"},"modified":"2025-12-10T11:38:13","modified_gmt":"2025-12-10T08:38:13","slug":"tylo-sense-commercial-16","status":"publish","type":"product","link":"https:\/\/factory.sale\/et\/toode\/tylo-sense-commercial-16\/","title":{"rendered":"Tyl\u00f6 Sense Commercial 16"},"content":{"rendered":"<p>Sobiv elektrikeris suurematesse \u00e4ri- v\u00f5i avalikesse saunadesse. Suurep\u00e4rane valik vananenud paigalduste asendamiseks, kuna seda saab kombineerida elektrooniliste v\u00f5i mehaaniliste juhtseadmetega. Saadaval mitme erineva v\u00f5imsusega ja on varustatud pehme sauna leili pakkumise v\u00f5imalusega. T\u00f6\u00f6tab nii vanema p\u00f5lvkonna juhtpaneelidega kui ka uue digitaalse p\u00f5lvkonna juhtpaneelidega Elite ja Pure.<\/p>\n<ul>\n<li>Funktsionaalsus valmis. Valige, millal soovite, et teie saun oleks soovitud temperatuuril.<\/li>\n<li>Thermosafe kaitsekate. Hoiab \u00e4ra juhuslikud nahap\u00f5letused.<\/li>\n<li>Jagatud v\u00e4ljundi funktsionaalsus. V\u00e4hendab v\u00e4ljundv\u00f5imsust, kui seatud temperatuur on saavutatud.<\/li>\n<li>\u00c4\u00e4rmiselt kiired soojenemisajad.<\/li>\n<\/ul>\n<p>&nbsp;<\/p>\n<p><strong>Tehnilised andmed:<\/strong><\/p>\n<ul>\n<li>V\u00e4rv: must (61001092)<\/li>\n<li>Paneel: Lisa Elite v\u00f5i Pure Add<\/li>\n<li>Releekarp: Commercial Lite<\/li>\n<li>Paigaldamine: seinale kinnitatav<\/li>\n<li>V\u00f5imsus: 16 kW<\/li>\n<li>M\u00f5\u00f5dud (L x K x S): 653 x 646 x 390<\/li>\n<li>Sauna suurus (m3): 15-35<\/li>\n<li>Kivi:\u00a025 kg, eraldi tellitav<\/li>\n<li>Min. Kaugus seinast (mm): 150<\/li>\n<li>Min. kaugus laeni (mm): 1900<\/li>\n<\/ul>\n<p>&nbsp;<\/p>\n<p><a href=\"https:\/\/factory.sale\/wp-content\/uploads\/2023\/11\/2900-5405-SENSE-COMMERCIAL-10-20-installation.pdf\" target=\"_blank\" rel=\"noopener\">SENSE COMMERCIAL 10-20 paigaldusjuhend<\/a><\/p>\n<p><a href=\"https:\/\/factory.sale\/wp-content\/uploads\/2023\/11\/2900-5406-SENSE-COMMERCIAL-10-20-User-Guide.pdf\" target=\"_blank\" rel=\"noopener\">SENSE COMMERCIAL 10-20 kasutusjuhend<\/a><\/p>\n<p><a href=\"https:\/\/factory.sale\/wp-content\/uploads\/2023\/11\/Statement_BLANK_of_BLANK_Test_BLANK_Results_BLANK_Sense_BLANK_Commercial_BLANK_1610950.pdf\" target=\"_blank\" rel=\"noopener\">Statement_BLANK_of_BLANK_Test<\/a><\/p>\n","protected":false},"excerpt":{"rendered":"<p>Sobiv elektrikeris suurematesse \u00e4ri- v\u00f5i avalikesse saunadesse. Suurep\u00e4rane valik vananenud paigalduste asendamiseks, kuna seda saab kombineerida elektrooniliste v\u00f5i mehaaniliste juhtseadmetega. Saadaval mitme erineva v\u00f5imsusega ja on varustatud pehme sauna leili pakkumise v\u00f5imalusega. T\u00f6\u00f6tab nii vanema p\u00f5lvkonna juhtpaneelidega kui ka uue digitaalse p\u00f5lvkonna juhtpaneelidega Elite ja Pure.<\/p>\n<ul>\n<li>Funktsionaalsus valmis. Valige, millal soovite, et teie saun oleks soovitud temperatuuril.<\/li>\n<li>Thermosafe kaitsekate. Hoiab \u00e4ra juhuslikud nahap\u00f5letused.<\/li>\n<li>Jagatud v\u00e4ljundi funktsionaalsus. V\u00e4hendab v\u00e4ljundv\u00f5imsust, kui seatud temperatuur on saavutatud.<\/li>\n<li>\u00c4\u00e4rmiselt kiired soojenemisajad.<\/li>\n<\/ul>\n<p>&nbsp;<\/p>\n","protected":false},"featured_media":50549,"comment_status":"open","ping_status":"closed","template":"","meta":{"_acf_changed":false},"factory":[],"free-shipment":[],"product_brand":[],"product_cat":[306,2633],"product_tag":[811],"class_list":{"0":"post-50836","1":"product","2":"type-product","3":"status-publish","4":"has-post-thumbnail","6":"product_cat-saunakerised","7":"product_cat-tylo-et","8":"product_tag-sauna-et","10":"first","11":"instock","12":"sale","13":"taxable","14":"shipping-taxable","15":"purchasable","16":"product-type-simple"},"acf":[],"_links":{"self":[{"href":"https:\/\/factory.sale\/et\/wp-json\/wp\/v2\/product\/50836","targetHints":{"allow":["GET"]}}],"collection":[{"href":"https:\/\/factory.sale\/et\/wp-json\/wp\/v2\/product"}],"about":[{"href":"https:\/\/factory.sale\/et\/wp-json\/wp\/v2\/types\/product"}],"replies":[{"embeddable":true,"href":"https:\/\/factory.sale\/et\/wp-json\/wp\/v2\/comments?post=50836"}],"wp:featuredmedia":[{"embeddable":true,"href":"https:\/\/factory.sale\/et\/wp-json\/wp\/v2\/media\/50549"}],"wp:attachment":[{"href":"https:\/\/factory.sale\/et\/wp-json\/wp\/v2\/media?parent=50836"}],"wp:term":[{"taxonomy":"factory","embeddable":true,"href":"https:\/\/factory.sale\/et\/wp-json\/wp\/v2\/factory?post=50836"},{"taxonomy":"free-shipment","embeddable":true,"href":"https:\/\/factory.sale\/et\/wp-json\/wp\/v2\/free-shipment?post=50836"},{"taxonomy":"product_brand","embeddable":true,"href":"https:\/\/factory.sale\/et\/wp-json\/wp\/v2\/product_brand?post=50836"},{"taxonomy":"product_cat","embeddable":true,"href":"https:\/\/factory.sale\/et\/wp-json\/wp\/v2\/product_cat?post=50836"},{"taxonomy":"product_tag","embeddable":true,"href":"https:\/\/factory.sale\/et\/wp-json\/wp\/v2\/product_tag?post=50836"}],"curies":[{"name":"wp","href":"https:\/\/api.w.org\/{rel}","templated":true}]}}