{"id":5063,"date":"2021-05-25T14:15:03","date_gmt":"2021-05-25T14:15:03","guid":{"rendered":"https:\/\/factory.sale\/product\/smart-wheel-1-generation-bicycle-modified-electric-vehicle-power-steering-wheel-electric-vehicle-black\/"},"modified":"2026-01-28T09:53:30","modified_gmt":"2026-01-28T06:53:30","slug":"nutirattas-1-polvkonna-jalgratta-modifitseeritud-elektriline-rattas-must","status":"publish","type":"product","link":"https:\/\/factory.sale\/et\/toode\/nutirattas-1-polvkonna-jalgratta-modifitseeritud-elektriline-rattas-must\/","title":{"rendered":"Nutirattas 1. p\u00f5lvkonna jalgratta modifitseeritud elektriline rattas &#8211; must"},"content":{"rendered":"<h2 class=\"goodsIntro_title\">Nutirattas 1. p\u00f5lvkonna jalgratta modifitseeritud elektriline rattas<\/h2>\n<p>Toote spetsifikatsioonid ja Rakenduse juhtimine<\/p>\n<p>Suurus 26 tolli<\/p>\n<p>Rakenduse nimi Imortor, \u00fchendatud telefoniga Bluetooth 4.0 kaudu<\/p>\n<p>Mootor: alalisvoolu harjadeta mootor<br \/>\nMootori materjal: alumiiniumisulam<br \/>\nKandev kaal: 66KG<br \/>\nJalgrattare\u017eiim: puhas elektrire\u017eiim<br \/>\nKohaldatavad mudelid: maastikuratas<br \/>\nKruiisivahemik: 15-20km<br \/>\nTippkiirus: 26km \/ h<br \/>\nPiduri t\u00fc\u00fcp: ketaspidur, V-pidur<br \/>\nAku t\u00fc\u00fcp: liitiumaku<br \/>\nAku: LG (10)<br \/>\nPinge: 36V<br \/>\nV\u00f5imsus: 3200mA<br \/>\nLaadimisaeg: 2 tundi<br \/>\nLaadimistemperatuur: 0\u201340 \u00b0 C<br \/>\nT\u00f6\u00f6temperatuur: -15 \u00b0 C -50 \u00b0 C (s\u00e4ilitamine 12 kuud)<br \/>\nEsialgne v\u00f5imsus: 3-4 amper tundi<br \/>\nS\u00e4ilitamise suhteline \u00f5huniiskus: 5% -60%<br \/>\nNimimootor: 36V<br \/>\nNimiv\u00f5imsus: 240W<br \/>\nP\u00f6\u00f6rdemoment: 25 veist<br \/>\nP\u00f6\u00f6rlemiskiirus: 270 p\u00f6\u00f6ret \/ min Pakendi suurus: 665mm * 665mm * 210mm<br \/>\nPakendi kaal: 11,25 kg 1 komplekt \/ karp 1x mootor<br \/>\n1x t\u00e4isring<br \/>\n1x lisakott<br \/>\n1x valimine<br \/>\n1x laadija<br \/>\n1x mobiiltelefonihoidik (mobiiltelefoni ei saa laadida)<br \/>\n1x kasutusjuhend<\/p>\n<p><img decoding=\"async\" src=\"https:\/\/des.gbtcdn.com\/uploads\/pdm-desc-pic\/Distribution\/image\/2019\/10\/14\/20191014172803_81903.jpg\" \/><\/p>\n<p><img decoding=\"async\" src=\"https:\/\/des.gbtcdn.com\/uploads\/pdm-desc-pic\/Distribution\/image\/2019\/10\/14\/20191014172803_82726.jpg\" \/><\/p>\n<p><img decoding=\"async\" src=\"https:\/\/des.gbtcdn.com\/uploads\/pdm-desc-pic\/Distribution\/image\/2019\/10\/14\/20191014172803_62342.jpg\" \/><\/p>\n<p><img decoding=\"async\" src=\"https:\/\/des.gbtcdn.com\/uploads\/pdm-desc-pic\/Distribution\/image\/2019\/10\/14\/20191014172804_17292.jpg\" \/><\/p>\n<p><img decoding=\"async\" src=\"https:\/\/des.gbtcdn.com\/uploads\/pdm-desc-pic\/Distribution\/image\/2019\/10\/14\/20191014172805_71416.jpg\" \/><\/p>\n<p>&nbsp;<\/p>\n","protected":false},"excerpt":{"rendered":"<p>Toote spetsifikatsioonid ja Rakenduse juhtimine<\/p>\n<p>Suurus 26 tolli<\/p>\n<p>Rakenduse nimi Imortor, \u00fchendatud telefoniga Bluetooth 4.0 kaudu<\/p>\n<p>Mootor: alalisvoolu harjadeta mootor<br \/>\nMootori materjal: alumiiniumisulam<\/p>\n","protected":false},"featured_media":5038,"comment_status":"open","ping_status":"closed","template":"","meta":{"_acf_changed":false},"factory":[],"free-shipment":[],"product_brand":[],"product_cat":[738,739],"product_tag":[],"class_list":{"0":"post-5063","1":"product","2":"type-product","3":"status-publish","4":"has-post-thumbnail","6":"product_cat-elektrilised-liikurid","7":"product_cat-transport","9":"first","10":"instock","11":"sale","12":"taxable","13":"shipping-taxable","14":"purchasable","15":"product-type-simple"},"acf":[],"_links":{"self":[{"href":"https:\/\/factory.sale\/et\/wp-json\/wp\/v2\/product\/5063","targetHints":{"allow":["GET"]}}],"collection":[{"href":"https:\/\/factory.sale\/et\/wp-json\/wp\/v2\/product"}],"about":[{"href":"https:\/\/factory.sale\/et\/wp-json\/wp\/v2\/types\/product"}],"replies":[{"embeddable":true,"href":"https:\/\/factory.sale\/et\/wp-json\/wp\/v2\/comments?post=5063"}],"wp:featuredmedia":[{"embeddable":true,"href":"https:\/\/factory.sale\/et\/wp-json\/wp\/v2\/media\/5038"}],"wp:attachment":[{"href":"https:\/\/factory.sale\/et\/wp-json\/wp\/v2\/media?parent=5063"}],"wp:term":[{"taxonomy":"factory","embeddable":true,"href":"https:\/\/factory.sale\/et\/wp-json\/wp\/v2\/factory?post=5063"},{"taxonomy":"free-shipment","embeddable":true,"href":"https:\/\/factory.sale\/et\/wp-json\/wp\/v2\/free-shipment?post=5063"},{"taxonomy":"product_brand","embeddable":true,"href":"https:\/\/factory.sale\/et\/wp-json\/wp\/v2\/product_brand?post=5063"},{"taxonomy":"product_cat","embeddable":true,"href":"https:\/\/factory.sale\/et\/wp-json\/wp\/v2\/product_cat?post=5063"},{"taxonomy":"product_tag","embeddable":true,"href":"https:\/\/factory.sale\/et\/wp-json\/wp\/v2\/product_tag?post=5063"}],"curies":[{"name":"wp","href":"https:\/\/api.w.org\/{rel}","templated":true}]}}