{"id":5059,"date":"2021-05-25T13:19:52","date_gmt":"2021-05-25T13:19:52","guid":{"rendered":"https:\/\/factory.sale\/product\/inmotion-v8-wheelbarrow-aluminum-alloy-frame-black\/"},"modified":"2026-01-28T09:34:17","modified_gmt":"2026-01-28T06:34:17","slug":"inmotion-v8-wheelbarrow-aluminum-alloy-frame-black","status":"publish","type":"product","link":"https:\/\/factory.sale\/et\/toode\/inmotion-v8-wheelbarrow-aluminum-alloy-frame-black\/","title":{"rendered":"INMOTION V8 \u00fcksratas alumiiniumisulamist raamiga &#8211; must"},"content":{"rendered":"<h2 class=\"goodsIntro_title\">INMOTION V8 \u00fcksratas alumiiniumisulamist raamiga<\/h2>\n<p>1. \u00dcherattaline \u00fche rattaga tasakaalurolleri uus tulevik<br \/>\n2. Valgustus inimeste ja autode \u00f6\u00f6seks hoiatamiseks<br \/>\n3. 800W mootor tagab maksimaalse kiiruse 30km \/ h ja maksimaalse 25-kraadise kalde<br \/>\n4. 474WH 6,4Ah liitiumioonaku (kaasas) 45 &#8211; 50 km l\u00e4bis\u00f5idu ja 4,5 tunni laadimisaja jaoks<br \/>\n5. 16-tolline kummist t\u00e4ispuhutav rehv erinevatele maastikele<br \/>\n6. Alumiiniumisulamist raam max 120kg kasuliku koormuse jaoks<br \/>\n7. Sobib t\u00e4iskasvanutele ja teismelistele m\u00e4ngimiseks teel, rohumaal, n\u00f5lval jne.<\/p>\n","protected":false},"excerpt":{"rendered":"<p>1. \u00dcherattaline \u00fche rattaga tasakaalurolleri uus tulevik<br \/>\n2. Valgustus inimeste ja autode \u00f6\u00f6seks hoiatamiseks<br \/>\n3. 800W mootor tagab maksimaalse kiiruse 30km \/ h ja maksimaalse 25-kraadise kalde<br \/>\n4. 474WH 6,4Ah liitiumioonaku (kaasas) 45 &#8211; 50 km l\u00e4bis\u00f5idu ja 4,5 tunni laadimisaja jaoks<br \/>\n5. 16-tolline kummist t\u00e4ispuhutav rehv erinevatele maastikele<br \/>\n6. Alumiiniumisulamist raam max 120kg kasuliku koormuse jaoks<br \/>\n7. Sobib t\u00e4iskasvanutele ja teismelistele m\u00e4ngimiseks teel, rohumaal, n\u00f5lval jne.<\/p>\n","protected":false},"featured_media":4995,"comment_status":"open","ping_status":"closed","template":"","meta":{"_acf_changed":false},"factory":[],"free-shipment":[],"product_brand":[],"product_cat":[738,1315],"product_tag":[741],"class_list":{"0":"post-5059","1":"product","2":"type-product","3":"status-publish","4":"has-post-thumbnail","6":"product_cat-elektrilised-liikurid","7":"product_cat-uksratas","8":"product_tag-wheelbarrow-et","10":"first","11":"instock","12":"sale","13":"taxable","14":"shipping-taxable","15":"purchasable","16":"product-type-simple"},"acf":[],"_links":{"self":[{"href":"https:\/\/factory.sale\/et\/wp-json\/wp\/v2\/product\/5059","targetHints":{"allow":["GET"]}}],"collection":[{"href":"https:\/\/factory.sale\/et\/wp-json\/wp\/v2\/product"}],"about":[{"href":"https:\/\/factory.sale\/et\/wp-json\/wp\/v2\/types\/product"}],"replies":[{"embeddable":true,"href":"https:\/\/factory.sale\/et\/wp-json\/wp\/v2\/comments?post=5059"}],"wp:featuredmedia":[{"embeddable":true,"href":"https:\/\/factory.sale\/et\/wp-json\/wp\/v2\/media\/4995"}],"wp:attachment":[{"href":"https:\/\/factory.sale\/et\/wp-json\/wp\/v2\/media?parent=5059"}],"wp:term":[{"taxonomy":"factory","embeddable":true,"href":"https:\/\/factory.sale\/et\/wp-json\/wp\/v2\/factory?post=5059"},{"taxonomy":"free-shipment","embeddable":true,"href":"https:\/\/factory.sale\/et\/wp-json\/wp\/v2\/free-shipment?post=5059"},{"taxonomy":"product_brand","embeddable":true,"href":"https:\/\/factory.sale\/et\/wp-json\/wp\/v2\/product_brand?post=5059"},{"taxonomy":"product_cat","embeddable":true,"href":"https:\/\/factory.sale\/et\/wp-json\/wp\/v2\/product_cat?post=5059"},{"taxonomy":"product_tag","embeddable":true,"href":"https:\/\/factory.sale\/et\/wp-json\/wp\/v2\/product_tag?post=5059"}],"curies":[{"name":"wp","href":"https:\/\/api.w.org\/{rel}","templated":true}]}}