{"id":5055,"date":"2021-05-25T13:34:14","date_gmt":"2021-05-25T13:34:14","guid":{"rendered":"https:\/\/factory.sale\/product\/inmotion-p2-electric-bicycle-for-adults-and-teenagers-black\/"},"modified":"2026-01-28T09:59:58","modified_gmt":"2026-01-28T06:59:58","slug":"inmotion-p2-elektrijalgratas-taiskasvanutele-ja-teismelistele-must","status":"publish","type":"product","link":"https:\/\/factory.sale\/et\/toode\/inmotion-p2-elektrijalgratas-taiskasvanutele-ja-teismelistele-must\/","title":{"rendered":"INMOTION P2 Elektrijalgratas t\u00e4iskasvanutele ja teismelistele &#8211; must"},"content":{"rendered":"<h2 class=\"goodsIntro_title\">INMOTION P2 Elektrijalgratas t\u00e4iskasvanutele ja teismelistele<\/h2>\n<p>\u25cf 350 W mootor tagab maksimaalse kiiruse 30 km \/ h ja 12-kraadise kalde<br \/>\n\u25cf 23,2 Ah 36 V liitiumioonaku (kaasas) maksimaalse 80\u2013100 km l\u00e4bis\u00f5iduks puhta elektrire\u017eiimiga ja 160\u2013180 km l\u00e4bis\u00f5idu mopeedire\u017eiimiga<br \/>\n\u25cf 12-tolline t\u00e4ispuhutav kummirehv sobib erinevatelele maastikele<br \/>\n\u25cf Kokkupandav disain mugavaks kandmiseks<br \/>\n\u25cf Sadula reguleeritavad k\u00f5rgused inimeste erinevate pikkuste jaoks<br \/>\n\u25cf Valige pedaalire\u017eiim, mopeedire\u017eiim ja puhas elektrire\u017eiim<br \/>\n\u25cf LED-esi- ja tagatuled ohutuks \u00f6\u00f6iseks s\u00f5itmiseks<br \/>\n\u25cf Alumiiniumisulamist kest maksimaalse 120kg koormuse jaoks<br \/>\n\u25cf sobib t\u00e4iskasvanutele ja teismelistele<\/p>\n<p><img decoding=\"async\" src=\"https:\/\/des.gbtcdn.com\/uploads\/pdm-desc-pic\/Distribution\/image\/2019\/09\/17\/1568693753579064.jpg\" \/><\/p>\n","protected":false},"excerpt":{"rendered":"<p>\u25cf 350 W mootor tagab maksimaalse kiiruse 30 km \/ h ja 12-kraadise kalde<br \/>\n\u25cf 23,2 Ah 36 V liitiumioonaku (kaasas) maksimaalse 80\u2013100 km l\u00e4bis\u00f5iduks puhta elektrire\u017eiimiga ja 160\u2013180 km l\u00e4bis\u00f5idu mopeedire\u017eiimiga<br \/>\n\u25cf 12-tolline t\u00e4ispuhutav kummirehv sobib erinevatelele maastikele<br \/>\n\u25cf Kokkupandav disain mugavaks kandmiseks<br \/>\n\u25cf Sadula reguleeritavad k\u00f5rgused inimeste erinevate pikkuste jaoks<br \/>\n\u25cf Valige pedaalire\u017eiim, mopeedire\u017eiim ja puhas elektrire\u017eiim<br \/>\n\u25cf LED-esi- ja tagatuled ohutuks \u00f6\u00f6iseks s\u00f5itmiseks<br \/>\n\u25cf Alumiiniumisulamist kest maksimaalse 120kg koormuse jaoks<br \/>\n\u25cf sobib t\u00e4iskasvanutele ja teismelistele<\/p>\n","protected":false},"featured_media":5012,"comment_status":"open","ping_status":"closed","template":"","meta":{"_acf_changed":false},"factory":[],"free-shipment":[],"product_brand":[],"product_cat":[738,739],"product_tag":[740],"class_list":{"0":"post-5055","1":"product","2":"type-product","3":"status-publish","4":"has-post-thumbnail","6":"product_cat-elektrilised-liikurid","7":"product_cat-transport","8":"product_tag-inmotion-et","10":"first","11":"instock","12":"sale","13":"taxable","14":"shipping-taxable","15":"purchasable","16":"product-type-simple"},"acf":[],"_links":{"self":[{"href":"https:\/\/factory.sale\/et\/wp-json\/wp\/v2\/product\/5055","targetHints":{"allow":["GET"]}}],"collection":[{"href":"https:\/\/factory.sale\/et\/wp-json\/wp\/v2\/product"}],"about":[{"href":"https:\/\/factory.sale\/et\/wp-json\/wp\/v2\/types\/product"}],"replies":[{"embeddable":true,"href":"https:\/\/factory.sale\/et\/wp-json\/wp\/v2\/comments?post=5055"}],"wp:featuredmedia":[{"embeddable":true,"href":"https:\/\/factory.sale\/et\/wp-json\/wp\/v2\/media\/5012"}],"wp:attachment":[{"href":"https:\/\/factory.sale\/et\/wp-json\/wp\/v2\/media?parent=5055"}],"wp:term":[{"taxonomy":"factory","embeddable":true,"href":"https:\/\/factory.sale\/et\/wp-json\/wp\/v2\/factory?post=5055"},{"taxonomy":"free-shipment","embeddable":true,"href":"https:\/\/factory.sale\/et\/wp-json\/wp\/v2\/free-shipment?post=5055"},{"taxonomy":"product_brand","embeddable":true,"href":"https:\/\/factory.sale\/et\/wp-json\/wp\/v2\/product_brand?post=5055"},{"taxonomy":"product_cat","embeddable":true,"href":"https:\/\/factory.sale\/et\/wp-json\/wp\/v2\/product_cat?post=5055"},{"taxonomy":"product_tag","embeddable":true,"href":"https:\/\/factory.sale\/et\/wp-json\/wp\/v2\/product_tag?post=5055"}],"curies":[{"name":"wp","href":"https:\/\/api.w.org\/{rel}","templated":true}]}}