{"id":50534,"date":"2023-11-27T20:30:06","date_gmt":"2023-11-27T20:32:54","guid":{"rendered":"https:\/\/factory.sale\/?post_type=product&#038;p=50534"},"modified":"2025-12-10T11:32:45","modified_gmt":"2025-12-10T08:32:45","slug":"tylo-sense-commercial-8","status":"publish","type":"product","link":"https:\/\/factory.sale\/et\/toode\/tylo-sense-commercial-8\/","title":{"rendered":"Tyl\u00f6 Sense Commercial 8 must"},"content":{"rendered":"<p>Elektriline saunakeris v\u00e4iksematele \u00e4ri- v\u00f5i avalikele saunadele. Suurep\u00e4rane valik vananenud paigalduste asendamiseks, kuna see \u00fchildub t\u00e4ielikult elektrooniliste v\u00f5i mehaaniliste juhtseadmetega v\u00f5i uue digitaalse p\u00f5lvkonna juhtpaneelidega Elite ja Pure. Sense Commercial saunakeris on saadaval ka kahe erineva v\u00f5imsusega.<\/p>\n<ul>\n<li>WiFi-\u00fchendus Elite digitaalse juhtpaneeliga<\/li>\n<li>Thermosafe kaitsekate. Hoiab \u00e4ra juhuslikud nahap\u00f5letused.<\/li>\n<li>Koheselt valmis ja funktsionaalne. Valige, millal soovite, et teie saun oleks soovitud temperatuuril.<\/li>\n<li>Jagatud v\u00e4ljundi funktsionaalsus. V\u00e4hendab v\u00e4ljundv\u00f5imsust, kui seatud temperatuur on saavutatud.<\/li>\n<\/ul>\n<p>&nbsp;<\/p>\n<p><strong>Tehnilised andmed:<\/strong><\/p>\n<ul>\n<li>V\u00e4rv: Must (61001336)<\/li>\n<li>Paneel:\u00a0Add Elite v\u00f5i Pure Add<\/li>\n<li>Releekarp: Commercial Lite<\/li>\n<li>Paigaldamine:\u00a0p\u00f5randale v\u00f5i seinale paigaldatav<\/li>\n<li>V\u00f5imsus: 8 kW<\/li>\n<li>M\u00f5\u00f5dud (L x K x S): 431 x 600 x 375<\/li>\n<li>Sauna suurus (m3):\u00a0\u00a06-12<\/li>\n<li>Kivi: 20 kg, eraldi tellitav<\/li>\n<li>Min. Kaugus seinast (mm): 110<\/li>\n<li>Min. kaugus laeni (mm): 1900<\/li>\n<\/ul>\n<p>&nbsp;<\/p>\n<p>&nbsp;<\/p>\n<p>&nbsp;<\/p>\n<p><a href=\"https:\/\/factory.sale\/wp-content\/uploads\/2023\/11\/2900-5401-SENSE-COMMERCIAL-6-8-User-Guide.pdf\" target=\"_blank\" rel=\"noopener\">SENSE COMMERCIAL 6-8 kasutusjuhend<\/a><\/p>\n<p><a href=\"https:\/\/factory.sale\/wp-content\/uploads\/2023\/11\/2900-5400-SENSE-COMMERCIAL-6-8-installation.pdf\" target=\"_blank\" rel=\"noopener\">SENSE COMMERCIAL 6-8 paigaldus<\/a><\/p>\n<p><a href=\"https:\/\/factory.sale\/wp-content\/uploads\/2023\/11\/Statement_BLANK_of_BLANK_Test_BLANK_Results_BLANK_Sense_BLANK_Commercial_BLANK_1610950.pdf\" target=\"_blank\" rel=\"noopener\">Statement_BLANK_of_BLANK_Test<\/a><\/p>\n","protected":false},"excerpt":{"rendered":"<p>Elektriline saunakeris v\u00e4iksematele \u00e4ri- v\u00f5i avalikele saunadele. Suurep\u00e4rane valik vananenud paigalduste asendamiseks, kuna see \u00fchildub t\u00e4ielikult elektrooniliste v\u00f5i mehaaniliste juhtseadmetega v\u00f5i uue digitaalse p\u00f5lvkonna juhtpaneelidega Elite ja Pure. Sense Commercial saunakeris on saadaval ka kahe erineva v\u00f5imsusega.<\/p>\n<ul>\n<li>WiFi-\u00fchendus Elite digitaalse juhtpaneeliga<\/li>\n<li>Thermosafe kaitsekate. Hoiab \u00e4ra juhuslikud nahap\u00f5letused.<\/li>\n<li>Koheselt valmis ja funktsionaalne. Valige, millal soovite, et teie saun oleks soovitud temperatuuril.<\/li>\n<li>Jagatud v\u00e4ljundi funktsionaalsus. V\u00e4hendab v\u00e4ljundv\u00f5imsust, kui seatud temperatuur on saavutatud.<\/li>\n<\/ul>\n<p>&nbsp;<\/p>\n","protected":false},"featured_media":50526,"comment_status":"open","ping_status":"closed","template":"","meta":{"_acf_changed":false},"factory":[],"free-shipment":[],"product_brand":[],"product_cat":[306,2633],"product_tag":[2179,811,2176],"class_list":{"0":"post-50534","1":"product","2":"type-product","3":"status-publish","4":"has-post-thumbnail","6":"product_cat-saunakerised","7":"product_cat-tylo-et","8":"product_tag-electric-heater-et","9":"product_tag-sauna-et","10":"product_tag-sauna-heater-et","12":"first","13":"instock","14":"sale","15":"taxable","16":"shipping-taxable","17":"purchasable","18":"product-type-simple"},"acf":[],"_links":{"self":[{"href":"https:\/\/factory.sale\/et\/wp-json\/wp\/v2\/product\/50534","targetHints":{"allow":["GET"]}}],"collection":[{"href":"https:\/\/factory.sale\/et\/wp-json\/wp\/v2\/product"}],"about":[{"href":"https:\/\/factory.sale\/et\/wp-json\/wp\/v2\/types\/product"}],"replies":[{"embeddable":true,"href":"https:\/\/factory.sale\/et\/wp-json\/wp\/v2\/comments?post=50534"}],"wp:featuredmedia":[{"embeddable":true,"href":"https:\/\/factory.sale\/et\/wp-json\/wp\/v2\/media\/50526"}],"wp:attachment":[{"href":"https:\/\/factory.sale\/et\/wp-json\/wp\/v2\/media?parent=50534"}],"wp:term":[{"taxonomy":"factory","embeddable":true,"href":"https:\/\/factory.sale\/et\/wp-json\/wp\/v2\/factory?post=50534"},{"taxonomy":"free-shipment","embeddable":true,"href":"https:\/\/factory.sale\/et\/wp-json\/wp\/v2\/free-shipment?post=50534"},{"taxonomy":"product_brand","embeddable":true,"href":"https:\/\/factory.sale\/et\/wp-json\/wp\/v2\/product_brand?post=50534"},{"taxonomy":"product_cat","embeddable":true,"href":"https:\/\/factory.sale\/et\/wp-json\/wp\/v2\/product_cat?post=50534"},{"taxonomy":"product_tag","embeddable":true,"href":"https:\/\/factory.sale\/et\/wp-json\/wp\/v2\/product_tag?post=50534"}],"curies":[{"name":"wp","href":"https:\/\/api.w.org\/{rel}","templated":true}]}}