{"id":5051,"date":"2021-05-25T13:43:57","date_gmt":"2021-05-25T13:43:57","guid":{"rendered":"https:\/\/factory.sale\/product\/inmotion-l8f-scooter-foldable-with-lcd-display-black\/"},"modified":"2026-01-28T10:29:54","modified_gmt":"2026-01-28T07:29:54","slug":"inmotion-s1-toukeratas-must","status":"publish","type":"product","link":"https:\/\/factory.sale\/et\/toode\/inmotion-s1-toukeratas-must\/","title":{"rendered":"Inmotion S1 T\u00f5ukeratas &#8211; Must"},"content":{"rendered":"<h2 class=\"goodsIntro_titleBox\">INMOTION S1 T\u00f5ukeratas<\/h2>\n<div>\n<p>TOPELT ULATUS, TOPELT L\u00d5BUS<br \/>\n675 Wh liitiumakudega varustatud S1 pakub \u00fcletamatut s\u00f5iduulatust kuni 59 miili ja muljetavaldavat v\u00f5imsust.<br \/>\nValik on 40% pikem kui v\u00f5rreldavatel elektrilistel t\u00f5ukeratastel selles hinnaklassis.<\/p>\n<p>Kaugus kuni 59 miili.<br \/>\nKuni 675 Wh aku mahutavus.<\/p>\n<p>KAHEKORDNE L\u00d6\u00d6GI ABSORPTSIOONI S\u00dcSTEEM<br \/>\nNii esi- kui ka tagaratta vedrustusega s\u00f5idab S1 h\u00f5lpsalt \u00fcle v\u00e4ikeste konaruste, pakkudes teile konkurentsitut s\u00f5idukvaliteedi.<\/p>\n<p>VALLUTAGE KERGELT 30% KALDEID<br \/>\n500 W harjadeta mootori ja tagaveo j\u00f5ul liikuv S1 tagab v\u00f5imsa kiirenduse ja tugeva gaasipedaali reaktsiooni, mis v\u00f5imaldab teil 30% kaldega kaldeid vaevata skaleerida.<\/p>\n<p>\u00dclihele LED-esituli<br \/>\nS1-l on k\u00f5rgele paigaldatud \u00fcliheledad eesmised LED-esituled, mis valgustavad eesolevat teed t\u00e4ielikult ka siis, kui t\u00e4navavalgustus puudub. Nutikad suunatuled ja pidurituled.<br \/>\nS1-l on ka k\u00fcljele paigaldatud suunatuled ja v\u00e4ike tagumine pidurituli, mis on paigaldatud tagumisele poritiivale, hoiatuseks jalak\u00e4ijatele ja teistele teel liikuvatele s\u00f5idukitele. 10-tollised toruta \u00f5hkrehvid.<br \/>\n10-tolliste velgede torudeta \u00f5hkrehvid tagavad suure haarduvuse, mugavuse ja vastupidavuse.<br \/>\nP\u00f5rutage m\u00f6\u00f6da \u00e4\u00e4rekivisid \u00fcles ja alla, kui s\u00f5idate linnas ringi, kontrollides oma s\u00f5itu t\u00e4ielikult.<\/p>\n<p>MAKSIMAALNE MUGAVUS JA STABIILSUS LAIEMA TEKIGA<br \/>\n180 mm laiune ja 135 mm pikkune kummeeritud libisemisvastane tekk pakub 20% laiemat jalaruumi kui v\u00f5rreldavad mudelid. T\u00e4iendav ruum annab teile t\u00e4iendava mugavuse, stabiilsuse ja tasakaalu liikuvust kahjustamata.<\/p>\n<p>SINU S\u00d5IT, SINU TEE<br \/>\nS1-l on 3 erinevat toitere\u017eiimi erinevate olukordade jaoks. Saate h\u00f5lpsasti l\u00fclituda \u00f6kore\u017eiimi, tavare\u017eiimi (D) ja spordire\u017eiimi (S) vahel, vajutades toitenuppu topelt.<\/p>\n<p>NUTIKAS AKUHALDUS<br \/>\nAkus\u00fcsteem sisaldab nutikat akuhalduss\u00fcsteemi (BMS), mis teeb kogu raske t\u00f6\u00f6, et tagada aku maksimaalne eluiga. See tagab aku ohutu kasutamise ja hoiab \u00e4ra \u00fclekuumenemise v\u00f5i ohtliku t\u00fchjenemise, lisaks muudele ohutuskaitsemeetmetele.<\/p>\n<p>NUTIRAKENDUSE \u00dcHENDUS<br \/>\nSaate alla laadida rakenduse INMOTION, et muuta see elektrit\u00f5ukeratas t\u00f5eliselt nutikaks t\u00f5ukerattaks. Saate selle kaugjuhtimisega lukustada, kiirust kohandada ja reisistatistikat j\u00e4lgida oma nutitelefonist.<\/p>\n<p>P\u00d5HITEAVE \u00dcHE PILGUGA<br \/>\nSuur ja selge LCD-juhtpaneel kuvab kogu vajaliku teabe, sealhulgas toitere\u017eiimi, aku laetuse, hetkekiiruse, suunatulede ikoonid ja palju muud. Kuna kogu see teave on h\u00f5lpsasti n\u00e4htav, ei pea te kummarduma ja silmitsema, mis on potentsiaalne ohutusoht, ja teate alati, kui palju leviulatust teil on j\u00e4\u00e4nud.<\/p>\n<h2>Tehnilised andmed<\/h2>\n<table class=\"table table-hover table-striped\">\n<tbody>\n<tr>\n<td><span class=\"specs-item-name\">M\u00f5\u00f5tmed<\/span><br \/>\nPikkus x Laius x K\u00f5rgus<\/td>\n<td>Klapp: 1264*541*512 mm \/ 49.8*21.3*21.2 inch<br \/>\nAvatuna: 1264*1219.5*512mm \/ 49.8* 48.0*21.2 inch<\/td>\n<\/tr>\n<tr>\n<td class=\"specs-item-name\">Kaal<\/td>\n<td>Neto: 24kg \/ 52.9lbs<br \/>\nKasulik kaal: 140kg \/ 308.6lbs<\/td>\n<\/tr>\n<tr class=\"specs-sub-title\">\n<td colspan=\"2\">\n<h3>S\u00f5itja<\/h3>\n<\/td>\n<\/tr>\n<tr>\n<td class=\"specs-item-name\">Soovitav Vanus<\/td>\n<td>14-60<\/td>\n<\/tr>\n<tr>\n<td class=\"specs-item-name\">N\u00f5utav Pikkus<\/td>\n<td>130-200cm \/ 51.2-78.7inch<\/td>\n<\/tr>\n<tr>\n<td class=\"specs-item-name\">Maksimum Kiirus<\/td>\n<td>18.6mph<\/td>\n<\/tr>\n<tr>\n<td class=\"specs-item-name\">T\u00fc\u00fcpiline Ulatus<\/td>\n<td>56 miili<\/td>\n<\/tr>\n<tr>\n<td class=\"specs-item-name\">Maksimum Kalle<\/td>\n<td>30%<\/td>\n<\/tr>\n<tr class=\"specs-sub-title\">\n<td colspan=\"2\">\n<h3>Masina parameetrid<\/h3>\n<\/td>\n<\/tr>\n<tr>\n<td class=\"specs-item-name\">L\u00e4bitav Maastik<\/td>\n<td>asphalt\/flat pavement; obstacles \u227a 0.4 in (1 cm); gaps \u227a 1.2 in (3 cm)<\/td>\n<\/tr>\n<tr>\n<td class=\"specs-item-name\">T\u00f6\u00f6temperatuur<\/td>\n<td>-10-40\u2103<\/td>\n<\/tr>\n<tr>\n<td class=\"specs-item-name\">S\u00e4ilitustemperatuur<\/td>\n<td>-20-45\u2103<\/td>\n<\/tr>\n<tr>\n<td class=\"specs-item-name\">IP Reiting<\/td>\n<td>IP55<\/td>\n<\/tr>\n<tr>\n<td class=\"specs-item-name\">Nimipinge<\/td>\n<td>54V<\/td>\n<\/tr>\n<tr>\n<td class=\"specs-item-name\">Maksimum Laadimispinge<\/td>\n<td>63V<\/td>\n<\/tr>\n<tr>\n<td class=\"specs-item-name\">Laadimistemperatuur<\/td>\n<td>0-40\u2103<\/td>\n<\/tr>\n<tr class=\"specs-sub-title\">\n<td colspan=\"2\">\n<h3>Patarei<\/h3>\n<\/td>\n<\/tr>\n<tr>\n<td class=\"specs-item-name\">V\u00f5imsus<\/td>\n<td>675Wh<\/td>\n<\/tr>\n<tr>\n<td class=\"specs-item-name\">Laadimisaeg<\/td>\n<td>7h<\/td>\n<\/tr>\n<tr>\n<td class=\"specs-item-name\">Patareide kogus<\/td>\n<td>1<\/td>\n<\/tr>\n<tr class=\"specs-sub-title\">\n<td colspan=\"2\">\n<h3>Motoor<\/h3>\n<\/td>\n<\/tr>\n<tr>\n<td class=\"specs-item-name\">T\u00fc\u00fcpiline J\u00f5ud<\/td>\n<td>500w<\/td>\n<\/tr>\n<tr>\n<td class=\"specs-item-name\">Maksimum J\u00f5ud<\/td>\n<td>1000w<\/td>\n<\/tr>\n<tr>\n<td class=\"specs-item-name\">V\u00e4ljundv\u00f5imsus<\/td>\n<td>500w<\/td>\n<\/tr>\n<tr>\n<td class=\"specs-item-name\">Sisendpinge<\/td>\n<td>63V<\/td>\n<\/tr>\n<tr class=\"specs-sub-title\">\n<td colspan=\"2\">\n<h3>Laadija<\/h3>\n<\/td>\n<\/tr>\n<tr>\n<td class=\"specs-item-name\">V\u00e4ljundpinge<\/td>\n<td>63V<\/td>\n<\/tr>\n<tr>\n<td class=\"specs-item-name\">V\u00e4ljundvool<\/td>\n<td>2A<\/td>\n<\/tr>\n<tr class=\"specs-sub-title\">\n<td colspan=\"2\">\n<h3>Funktsioonid<\/h3>\n<\/td>\n<\/tr>\n<tr>\n<td class=\"specs-item-name\">Suunatuled<\/td>\n<td>Punased<\/td>\n<\/tr>\n<tr>\n<td class=\"specs-item-name\">S\u00f5idure\u017eiimid<\/td>\n<td>Keskkonnas\u00f5bralik re\u017eiim, standardre\u017eiim, spordire\u017eiim<\/td>\n<\/tr>\n<tr>\n<td class=\"specs-item-name\">Amortisaator<\/td>\n<td>Ees ja Taga<\/td>\n<\/tr>\n<tr>\n<td class=\"specs-item-name\">Pidurituli<\/td>\n<td>0.5W<\/td>\n<\/tr>\n<\/tbody>\n<\/table>\n<h5><img decoding=\"async\" src=\"https:\/\/inmotion-global-web.oss-us-west-1.aliyuncs.com\/products\/s1\/inmotion-s1-1.webp\" \/><\/h5>\n<h5><img decoding=\"async\" src=\"https:\/\/inmotion-global-web.oss-us-west-1.aliyuncs.com\/products\/s1\/inmotion-s1-5.webp\" \/><\/h5>\n<h5><img decoding=\"async\" src=\"https:\/\/inmotion-global-web.oss-us-west-1.aliyuncs.com\/products\/s1\/inmotion-s1-9.webp\" \/><\/h5>\n<h5><img decoding=\"async\" src=\"https:\/\/inmotion-global-web.oss-us-west-1.aliyuncs.com\/products\/s1\/inmotion-s1-10.webp\" \/><\/h5>\n<h5><img decoding=\"async\" src=\"https:\/\/inmotion-global-web.oss-us-west-1.aliyuncs.com\/products\/s1\/inmotion-s1-11.webp\" \/><\/h5>\n<h5><img loading=\"lazy\" decoding=\"async\" class=\"alignnone size-full wp-image-27228\" src=\"https:\/\/factory.sale\/wp-content\/uploads\/2021\/05\/Inmotion-S1.jpg\" alt=\"\" width=\"1243\" height=\"775\" srcset=\"https:\/\/factory.sale\/wp-content\/uploads\/2021\/05\/Inmotion-S1.jpg 1243w, https:\/\/factory.sale\/wp-content\/uploads\/2021\/05\/Inmotion-S1-300x187.jpg 300w, https:\/\/factory.sale\/wp-content\/uploads\/2021\/05\/Inmotion-S1-1024x638.jpg 1024w, https:\/\/factory.sale\/wp-content\/uploads\/2021\/05\/Inmotion-S1-150x94.jpg 150w, https:\/\/factory.sale\/wp-content\/uploads\/2021\/05\/Inmotion-S1-600x374.jpg 600w\" sizes=\"auto, (max-width: 1243px) 100vw, 1243px\" \/><\/h5>\n<\/div>\n<div><\/div>\n","protected":false},"excerpt":{"rendered":"<p>TOPELT ULATUS, TOPELT L\u00d5BUS<br \/>\n675 Wh liitiumakudega varustatud S1 pakub \u00fcletamatut s\u00f5iduulatust kuni 59 miili ja muljetavaldavat v\u00f5imsust.<br \/>\nValik on 40% pikem kui v\u00f5rreldavatel elektrilistel t\u00f5ukeratastel selles hinnaklassis.<\/p>\n<p>Kaugus kuni 59 miili.<br \/>\nKuni 675 Wh aku mahutavus.<\/p>\n<p>KAHEKORDNE L\u00d6\u00d6GI ABSORPTSIOONI S\u00dcSTEEM<br \/>\nNii esi- kui ka tagaratta vedrustusega s\u00f5idab S1 h\u00f5lpsalt \u00fcle v\u00e4ikeste konaruste, pakkudes teile konkurentsitut s\u00f5idukvaliteedi.<\/p>\n<p>&nbsp;<\/p>\n","protected":false},"featured_media":27238,"comment_status":"open","ping_status":"closed","template":"","meta":{"_acf_changed":false},"factory":[],"free-shipment":[],"product_brand":[],"product_cat":[857,738],"product_tag":[740],"class_list":{"0":"post-5051","1":"product","2":"type-product","3":"status-publish","4":"has-post-thumbnail","6":"product_cat-e-toukerattad-et","7":"product_cat-elektrilised-liikurid","8":"product_tag-inmotion-et","10":"first","11":"instock","12":"sale","13":"taxable","14":"shipping-taxable","15":"purchasable","16":"product-type-simple"},"acf":[],"_links":{"self":[{"href":"https:\/\/factory.sale\/et\/wp-json\/wp\/v2\/product\/5051","targetHints":{"allow":["GET"]}}],"collection":[{"href":"https:\/\/factory.sale\/et\/wp-json\/wp\/v2\/product"}],"about":[{"href":"https:\/\/factory.sale\/et\/wp-json\/wp\/v2\/types\/product"}],"replies":[{"embeddable":true,"href":"https:\/\/factory.sale\/et\/wp-json\/wp\/v2\/comments?post=5051"}],"wp:featuredmedia":[{"embeddable":true,"href":"https:\/\/factory.sale\/et\/wp-json\/wp\/v2\/media\/27238"}],"wp:attachment":[{"href":"https:\/\/factory.sale\/et\/wp-json\/wp\/v2\/media?parent=5051"}],"wp:term":[{"taxonomy":"factory","embeddable":true,"href":"https:\/\/factory.sale\/et\/wp-json\/wp\/v2\/factory?post=5051"},{"taxonomy":"free-shipment","embeddable":true,"href":"https:\/\/factory.sale\/et\/wp-json\/wp\/v2\/free-shipment?post=5051"},{"taxonomy":"product_brand","embeddable":true,"href":"https:\/\/factory.sale\/et\/wp-json\/wp\/v2\/product_brand?post=5051"},{"taxonomy":"product_cat","embeddable":true,"href":"https:\/\/factory.sale\/et\/wp-json\/wp\/v2\/product_cat?post=5051"},{"taxonomy":"product_tag","embeddable":true,"href":"https:\/\/factory.sale\/et\/wp-json\/wp\/v2\/product_tag?post=5051"}],"curies":[{"name":"wp","href":"https:\/\/api.w.org\/{rel}","templated":true}]}}