{"id":50450,"date":"2023-11-27T16:56:38","date_gmt":"2023-11-27T16:58:14","guid":{"rendered":"https:\/\/factory.sale\/?post_type=product&#038;p=50450"},"modified":"2025-12-10T11:31:24","modified_gmt":"2025-12-10T08:31:24","slug":"tylo-sense-elite-8-cloud","status":"publish","type":"product","link":"https:\/\/factory.sale\/et\/toode\/tylo-sense-elite-8-cloud\/","title":{"rendered":"Tyl\u00f6 Sense Elite 8 (Cloud) must"},"content":{"rendered":"<p>Meie uusim lisand Sense saunakeriste valikusse. Sellel on mitmeid nutikaid ja patenteeritud funktsioone ning see on ideaalne valik energias\u00e4\u00e4stlikuks saunask\u00e4imiseks. Komplekti kuulub Elite Cloud juhtpaneel koos wifi-\u00fchenduse ja pilvep\u00f5hise funktsionaalsusega, et tagada maksimaalne eelis ja mugavus.<\/p>\n<ul>\n<li>Lihtne ja mugav WiFi juhtpaneel t\u00e4ieliku \u00fclevaatega.<\/li>\n<li>V\u00e4ga automatiseeritud ja ajastatud kasutamine maksimaalse vabaduse ja paindlikkuse tagamiseks.<\/li>\n<li>Jagatud v\u00e4ljundi funktsionaalsus. V\u00e4hendab v\u00e4ljundv\u00f5imsust, kui seatud temperatuur on saavutatud.<\/li>\n<\/ul>\n<p>&nbsp;<\/p>\n<p><strong>Tehnilised andmed:<\/strong><\/p>\n<ul>\n<li>V\u00e4rv: must (61001340)<\/li>\n<li>Paneel: Elite (kaasas)<\/li>\n<li>Releekarp: pole vajalik<\/li>\n<li>Paigaldamine:\u00a0p\u00f5randale v\u00f5i seinale paigaldatav<\/li>\n<li>V\u00f5imsus: 8 kW<\/li>\n<li>M\u00f5\u00f5dud (L x K x S): 431 x 600 x 375<\/li>\n<li>Sauna suurus (m3): 6-12<\/li>\n<li>Kivi: 20 kg, eraldi tellides<\/li>\n<li>Min. kaugus seinast (mm): 110<\/li>\n<li>Min. kaugus laeni (mm): 1900<\/li>\n<\/ul>\n<p>&nbsp;<\/p>\n<p>&nbsp;<\/p>\n<p><a href=\"https:\/\/factory.sale\/wp-content\/uploads\/2023\/11\/2900-5470-SENSE-ELITE-installation.pdf\" target=\"_blank\" rel=\"noopener\">SENSE ELITE paigaldus<\/a><\/p>\n<p><a href=\"https:\/\/factory.sale\/wp-content\/uploads\/2023\/11\/2900-5471-SENSE-ELITE-User-Guide.pdf\" target=\"_blank\" rel=\"noopener\">SENSE ELITE paigaldusjuhend<\/a><\/p>\n<p><a href=\"https:\/\/factory.sale\/wp-content\/uploads\/2023\/11\/Statement-of-Test-Results-Sense-Pure-Elite-Combi-1610962-1.pdf\" target=\"_blank\" rel=\"noopener\">Testitulemuste aruanne Sense Pure Elite Combi<\/a><\/p>\n","protected":false},"excerpt":{"rendered":"<p>Meie uusim lisand Sense saunakeriste valikusse. Sellel on mitmeid nutikaid ja patenteeritud funktsioone ning see on ideaalne valik energias\u00e4\u00e4stlikuks saunask\u00e4imiseks. Komplekti kuulub Elite Cloud juhtpaneel koos wifi-\u00fchenduse ja pilvep\u00f5hise funktsionaalsusega, et tagada maksimaalne eelis ja mugavus.<\/p>\n<ul>\n<li>Lihtne ja mugav WiFi juhtpaneel t\u00e4ieliku \u00fclevaatega.<\/li>\n<li>V\u00e4ga automatiseeritud ja ajastatud kasutamine maksimaalse vabaduse ja paindlikkuse tagamiseks.<\/li>\n<li>Jagatud v\u00e4ljundi funktsionaalsus. V\u00e4hendab v\u00e4ljundv\u00f5imsust, kui seatud temperatuur on saavutatud.<\/li>\n<\/ul>\n","protected":false},"featured_media":50302,"comment_status":"open","ping_status":"closed","template":"","meta":{"_acf_changed":false},"factory":[],"free-shipment":[],"product_brand":[],"product_cat":[2633],"product_tag":[],"class_list":{"0":"post-50450","1":"product","2":"type-product","3":"status-publish","4":"has-post-thumbnail","6":"product_cat-tylo-et","8":"first","9":"instock","10":"sale","11":"taxable","12":"shipping-taxable","13":"purchasable","14":"product-type-simple"},"acf":[],"_links":{"self":[{"href":"https:\/\/factory.sale\/et\/wp-json\/wp\/v2\/product\/50450","targetHints":{"allow":["GET"]}}],"collection":[{"href":"https:\/\/factory.sale\/et\/wp-json\/wp\/v2\/product"}],"about":[{"href":"https:\/\/factory.sale\/et\/wp-json\/wp\/v2\/types\/product"}],"replies":[{"embeddable":true,"href":"https:\/\/factory.sale\/et\/wp-json\/wp\/v2\/comments?post=50450"}],"wp:featuredmedia":[{"embeddable":true,"href":"https:\/\/factory.sale\/et\/wp-json\/wp\/v2\/media\/50302"}],"wp:attachment":[{"href":"https:\/\/factory.sale\/et\/wp-json\/wp\/v2\/media?parent=50450"}],"wp:term":[{"taxonomy":"factory","embeddable":true,"href":"https:\/\/factory.sale\/et\/wp-json\/wp\/v2\/factory?post=50450"},{"taxonomy":"free-shipment","embeddable":true,"href":"https:\/\/factory.sale\/et\/wp-json\/wp\/v2\/free-shipment?post=50450"},{"taxonomy":"product_brand","embeddable":true,"href":"https:\/\/factory.sale\/et\/wp-json\/wp\/v2\/product_brand?post=50450"},{"taxonomy":"product_cat","embeddable":true,"href":"https:\/\/factory.sale\/et\/wp-json\/wp\/v2\/product_cat?post=50450"},{"taxonomy":"product_tag","embeddable":true,"href":"https:\/\/factory.sale\/et\/wp-json\/wp\/v2\/product_tag?post=50450"}],"curies":[{"name":"wp","href":"https:\/\/api.w.org\/{rel}","templated":true}]}}