{"id":50213,"date":"2023-11-26T19:36:38","date_gmt":"2023-11-26T19:52:20","guid":{"rendered":"https:\/\/factory.sale\/?post_type=product&#038;p=50213"},"modified":"2025-12-10T11:45:50","modified_gmt":"2025-12-10T08:45:50","slug":"tylo-crown-elite-10","status":"publish","type":"product","link":"https:\/\/factory.sale\/et\/toode\/tylo-crown-elite-10\/","title":{"rendered":"Tyl\u00f6 Crown Elite 10 must"},"content":{"rendered":"<p>Crown keris on kergesti sauna paigutatav. P\u00f5randal seisvat seadet on oma kitsaste 40 cm laiuste k\u00fclgedega lihtne paigutada nurgast, vastu seina v\u00f5i vastu klaasist esik\u00fclge. Standardvarustuses kasutatakse juhuslike p\u00f5letuste eest kaitsmiseks ainulaadset Thermosafe\u2122 puutekaitset. Seadmel on sisseehitatud valgustus.<\/p>\n<p>&nbsp;<\/p>\n<p><strong>Tehnilised andmed:<\/strong><\/p>\n<ul>\n<li>V\u00e4rv: must (61002004)<\/li>\n<li>Paneel: Elite \u2013 kaasas<\/li>\n<li>Releekast: pole n\u00f5utav<\/li>\n<li>V\u00f5imsus: 10,5 kW<\/li>\n<li>M\u00f5\u00f5dud (L x K x S): 365 x 806 x 365<\/li>\n<li>Sauna suurus (m3): 10-18<\/li>\n<li>Kivi:\u00a020 kg &#8211; eraldi tellitav<\/li>\n<li>Min. kaugus seinast (mm): 50 mm<\/li>\n<li>Min. kaugus laest (mm): 1900 mm<\/li>\n<\/ul>\n<p>&nbsp;<\/p>\n<p><a href=\"https:\/\/factory.sale\/wp-content\/uploads\/2023\/11\/2900-5500-CROWN-ELITE-installation.pdf\" target=\"_blank\" rel=\"noopener\">CROWN ELITE manuaal<\/a><\/p>\n<p><a href=\"https:\/\/factory.sale\/wp-content\/uploads\/2023\/11\/2900-5510-CROWN-ELITE-User-guide.pdf\" target=\"_blank\" rel=\"noopener\">CROWN ELITE kasutajatugi<\/a><\/p>\n<p><a href=\"https:\/\/factory.sale\/wp-content\/uploads\/2023\/11\/2900-5540-lift-out-Crown.pdf\" target=\"_blank\" rel=\"noopener\">Lift out Crown<\/a><\/p>\n","protected":false},"excerpt":{"rendered":"<p>Crown keris on kergesti sauna paigutatav. P\u00f5randal seisvat seadet on oma kitsaste 40 cm laiuste k\u00fclgedega lihtne paigutada nurgast, vastu seina v\u00f5i vastu klaasist esik\u00fclge. Standardvarustuses kasutatakse juhuslike p\u00f5letuste eest kaitsmiseks ainulaadset Thermosafe\u2122 puutekaitset. Seadmel on sisseehitatud valgustus.<\/p>\n","protected":false},"featured_media":49945,"comment_status":"open","ping_status":"closed","template":"","meta":{"_acf_changed":false},"factory":[],"free-shipment":[],"product_brand":[],"product_cat":[306,2633],"product_tag":[811,2176],"class_list":{"0":"post-50213","1":"product","2":"type-product","3":"status-publish","4":"has-post-thumbnail","6":"product_cat-saunakerised","7":"product_cat-tylo-et","8":"product_tag-sauna-et","9":"product_tag-sauna-heater-et","11":"first","12":"instock","13":"sale","14":"taxable","15":"shipping-taxable","16":"purchasable","17":"product-type-simple"},"acf":[],"_links":{"self":[{"href":"https:\/\/factory.sale\/et\/wp-json\/wp\/v2\/product\/50213","targetHints":{"allow":["GET"]}}],"collection":[{"href":"https:\/\/factory.sale\/et\/wp-json\/wp\/v2\/product"}],"about":[{"href":"https:\/\/factory.sale\/et\/wp-json\/wp\/v2\/types\/product"}],"replies":[{"embeddable":true,"href":"https:\/\/factory.sale\/et\/wp-json\/wp\/v2\/comments?post=50213"}],"wp:featuredmedia":[{"embeddable":true,"href":"https:\/\/factory.sale\/et\/wp-json\/wp\/v2\/media\/49945"}],"wp:attachment":[{"href":"https:\/\/factory.sale\/et\/wp-json\/wp\/v2\/media?parent=50213"}],"wp:term":[{"taxonomy":"factory","embeddable":true,"href":"https:\/\/factory.sale\/et\/wp-json\/wp\/v2\/factory?post=50213"},{"taxonomy":"free-shipment","embeddable":true,"href":"https:\/\/factory.sale\/et\/wp-json\/wp\/v2\/free-shipment?post=50213"},{"taxonomy":"product_brand","embeddable":true,"href":"https:\/\/factory.sale\/et\/wp-json\/wp\/v2\/product_brand?post=50213"},{"taxonomy":"product_cat","embeddable":true,"href":"https:\/\/factory.sale\/et\/wp-json\/wp\/v2\/product_cat?post=50213"},{"taxonomy":"product_tag","embeddable":true,"href":"https:\/\/factory.sale\/et\/wp-json\/wp\/v2\/product_tag?post=50213"}],"curies":[{"name":"wp","href":"https:\/\/api.w.org\/{rel}","templated":true}]}}