{"id":49930,"date":"2023-11-25T22:41:16","date_gmt":"2023-11-25T23:05:50","guid":{"rendered":"https:\/\/factory.sale\/?post_type=product&#038;p=49930"},"modified":"2025-12-10T11:29:33","modified_gmt":"2025-12-10T08:29:33","slug":"tylo-sense-sport-combi-4","status":"publish","type":"product","link":"https:\/\/factory.sale\/et\/toode\/tylo-sense-sport-combi-4\/","title":{"rendered":"Tyl\u00f6 Sense Sport Combi 4"},"content":{"rendered":"<p>Sense Sport Combi 4. N\u00fc\u00fcd saate nautida nii sauna kui leili selle kerge ja paindliku kompaktses formaadis sauna- ja aurusaunaga. Lihtne positsioneerida ja nutikalt disainitud nagu teised Sense seeria k\u00fcttekehad. Juhtpaneel on sisseehitatud. Seade asetatakse seinale. T\u00e4iendada seinakeristele m\u00f5eldud saunakiviga.<\/p>\n<p>&nbsp;<\/p>\n<p><strong>Tehniline kirjeldus:<\/strong><\/p>\n<ul>\n<li>V\u00e4rv: must (62202060)<\/li>\n<li>Paneel: sisseehitatud<\/li>\n<li>Releekarp: pole vajalik<\/li>\n<li>Paigaldamine: Seinale kinnitatav<\/li>\n<li>V\u00f5imsus: 4,5 kW<\/li>\n<li>M\u00f5\u00f5dud (L x K x S): 348 x 490 x 274<\/li>\n<li>Sauna suurus (m3): 2-4<\/li>\n<li>Kivi: 7 kg, tellida eraldi<\/li>\n<li>Min. kaugus seinast (mm): 20 mm<\/li>\n<li>Min. kaugus laeni (mm): 1900 mm<\/li>\n<\/ul>\n<p>&nbsp;<\/p>\n<p><a href=\"https:\/\/factory.sale\/wp-content\/uploads\/2023\/11\/2900-5254-SENSE-SPORT-COMBI-Install.pdf\" target=\"_blank\" rel=\"noopener\">SENSE SPORT COMBI Install<\/a><\/p>\n<p><a href=\"https:\/\/factory.sale\/wp-content\/uploads\/2023\/11\/Sense-Sport-2-4_-CB_test-report_211100476SHA-001-1.pdf\" target=\"_blank\" rel=\"noopener\">Sense Sport 2-4_ CB_test report<\/a><\/p>\n<p><a href=\"https:\/\/factory.sale\/wp-content\/uploads\/2023\/11\/Sense-Sport-2-4_CB_Cert_SE-1075501-1.pdf\" target=\"_blank\" rel=\"noopener\">Sense Sport 2-4_CB_Cert_<\/a><\/p>\n<p><a href=\"https:\/\/factory.sale\/wp-content\/uploads\/2023\/11\/Sense-Sport-2-4_CB_Cert_SE-1075501-1.pdf\" target=\"_blank\" rel=\"noopener\">SENSE SPORT COMBI 2-4 User Guide<\/a><\/p>\n","protected":false},"excerpt":{"rendered":"<p>Sense Sport Combi 4. N\u00fc\u00fcd saate nautida nii sauna kui leili selle kerge ja paindliku kompaktses formaadis sauna- ja aurusaunaga. Lihtne positsioneerida ja nutikalt disainitud nagu teised Sense seeria k\u00fcttekehad. Juhtpaneel on sisseehitatud. Seade asetatakse seinale. T\u00e4iendada seinakeristele m\u00f5eldud saunakiviga.<\/p>\n","protected":false},"featured_media":49928,"comment_status":"open","ping_status":"closed","template":"","meta":{"_acf_changed":false},"factory":[],"free-shipment":[],"product_brand":[],"product_cat":[265,2632],"product_tag":[809,1145],"class_list":{"0":"post-49930","1":"product","2":"type-product","3":"status-publish","4":"has-post-thumbnail","6":"product_cat-sauna-heaters","7":"product_cat-tylo","8":"product_tag-sauna","9":"product_tag-sauna-heater","11":"first","12":"instock","13":"sale","14":"taxable","15":"shipping-taxable","16":"purchasable","17":"product-type-simple"},"acf":[],"_links":{"self":[{"href":"https:\/\/factory.sale\/et\/wp-json\/wp\/v2\/product\/49930","targetHints":{"allow":["GET"]}}],"collection":[{"href":"https:\/\/factory.sale\/et\/wp-json\/wp\/v2\/product"}],"about":[{"href":"https:\/\/factory.sale\/et\/wp-json\/wp\/v2\/types\/product"}],"replies":[{"embeddable":true,"href":"https:\/\/factory.sale\/et\/wp-json\/wp\/v2\/comments?post=49930"}],"wp:featuredmedia":[{"embeddable":true,"href":"https:\/\/factory.sale\/et\/wp-json\/wp\/v2\/media\/49928"}],"wp:attachment":[{"href":"https:\/\/factory.sale\/et\/wp-json\/wp\/v2\/media?parent=49930"}],"wp:term":[{"taxonomy":"factory","embeddable":true,"href":"https:\/\/factory.sale\/et\/wp-json\/wp\/v2\/factory?post=49930"},{"taxonomy":"free-shipment","embeddable":true,"href":"https:\/\/factory.sale\/et\/wp-json\/wp\/v2\/free-shipment?post=49930"},{"taxonomy":"product_brand","embeddable":true,"href":"https:\/\/factory.sale\/et\/wp-json\/wp\/v2\/product_brand?post=49930"},{"taxonomy":"product_cat","embeddable":true,"href":"https:\/\/factory.sale\/et\/wp-json\/wp\/v2\/product_cat?post=49930"},{"taxonomy":"product_tag","embeddable":true,"href":"https:\/\/factory.sale\/et\/wp-json\/wp\/v2\/product_tag?post=49930"}],"curies":[{"name":"wp","href":"https:\/\/api.w.org\/{rel}","templated":true}]}}