{"id":49887,"date":"2023-11-25T21:30:21","date_gmt":"2023-11-25T21:48:11","guid":{"rendered":"https:\/\/factory.sale\/?post_type=product&#038;p=49887"},"modified":"2025-12-10T11:38:15","modified_gmt":"2025-12-10T08:38:15","slug":"tylo-sense-combi-elite-8","status":"publish","type":"product","link":"https:\/\/factory.sale\/et\/toode\/tylo-sense-combi-elite-8\/","title":{"rendered":"Tyl\u00f6 Sense Combi Elite 8 must"},"content":{"rendered":"<p>Antud alternatiiv \u00fclimateks saunam\u00f5nudeks. Kuiv saun, m\u00e4rg saun, rikkalik ja soe leil. Teate seda, Sense Combi Elite saunakeris on efektiivne, nutikas ja h\u00f5lpsasti kasutatav. Pilvep\u00f5hise funktsiooniga WiFi-juhtpaneeli abil saate selle isegi oma diivanilt v\u00f5i basseinilt programmeerida v\u00f5i sisse v\u00f5i v\u00e4lja l\u00fclitada.<\/p>\n<ul>\n<li>Kaasas aurutamisv\u00f5imalus. Saadaval aroomi- ja mineraalteraapiad.<\/li>\n<li>Jagatud v\u00e4ljundi funktsionaalsus. V\u00e4hendab v\u00e4ljundv\u00f5imsust, kui seatud temperatuur on saavutatud.<\/li>\n<li>Thermosafe kaitsekate. Hoiab \u00e4ra juhuslikud nahap\u00f5letused.<\/li>\n<\/ul>\n<p>&nbsp;<\/p>\n<p><strong>Tehniline kirjeldus:<\/strong><\/p>\n<ul>\n<li>V\u00e4rv: must (61001352)<\/li>\n<li>Paneel: Elite (kaasas)<\/li>\n<li>Releekarp: pole vajalik<\/li>\n<li>Paigaldamine:\u00a0p\u00f5randale v\u00f5i seinale paigaldatav<\/li>\n<li>V\u00f5imsus: 8 kW<\/li>\n<li>M\u00f5\u00f5dud (L x K x S): 430 x 615 x 375<\/li>\n<li>Sauna suurus (m3): 6-12<\/li>\n<li>Kivi: 20 kg, eraldi tellitav<\/li>\n<li>Min. kaugus seinast (mm): 110 mm<\/li>\n<li>Min. kaugus laest (mm): 1900 mm<\/li>\n<\/ul>\n<p>&nbsp;<\/p>\n<p>&nbsp;<\/p>\n<p>&nbsp;<\/p>\n<p><a href=\"https:\/\/factory.sale\/wp-content\/uploads\/2023\/11\/2900-5410-SENSE-COMBI-Elite-Pure-installation-2.pdf\" target=\"_blank\" rel=\"noopener\">SENSE COMBI Elite Pure paigaldusjuhend<\/a><\/p>\n<p><a href=\"https:\/\/factory.sale\/wp-content\/uploads\/2023\/11\/2900-5411-SENSE-COMBI-Elite-Pure-User-Guide.pdf\" target=\"_blank\" rel=\"noopener\">SENSE COMBI Elite Pure kasutajatugi<\/a><\/p>\n<p><a href=\"https:\/\/factory.sale\/wp-content\/uploads\/2023\/11\/2900-5411-SENSE-COMBI-Elite-Pure-User-Guide.pdf\" target=\"_blank\" rel=\"noopener\">Statement of Test Results Sense Pure Elite Combi<\/a><\/p>\n","protected":false},"excerpt":{"rendered":"<p>Antud alternatiiv \u00fclimateks saunam\u00f5nudeks. Kuiv saun, m\u00e4rg saun, rikkalik ja soe leil. Teate seda, Sense Combi Elite saunakeris on efektiivne, nutikas ja h\u00f5lpsasti kasutatav. Pilvep\u00f5hise funktsiooniga WiFi-juhtpaneeli abil saate selle isegi oma diivanilt v\u00f5i basseinilt programmeerida v\u00f5i sisse v\u00f5i v\u00e4lja l\u00fclitada.<\/p>\n<ul>\n<li>Kaasas aurutamisv\u00f5imalus. Saadaval aroomi- ja mineraalteraapiad.<\/li>\n<li>Jagatud v\u00e4ljundi funktsionaalsus. V\u00e4hendab v\u00e4ljundv\u00f5imsust, kui seatud temperatuur on saavutatud.<\/li>\n<li>Thermosafe kaitsekate. Hoiab \u00e4ra juhuslikud nahap\u00f5letused.<\/li>\n<\/ul>\n<p>&nbsp;<\/p>\n","protected":false},"featured_media":49646,"comment_status":"open","ping_status":"closed","template":"","meta":{"_acf_changed":false},"factory":[],"free-shipment":[],"product_brand":[],"product_cat":[306,2633],"product_tag":[811,2176],"class_list":{"0":"post-49887","1":"product","2":"type-product","3":"status-publish","4":"has-post-thumbnail","6":"product_cat-saunakerised","7":"product_cat-tylo-et","8":"product_tag-sauna-et","9":"product_tag-sauna-heater-et","11":"first","12":"instock","13":"sale","14":"taxable","15":"shipping-taxable","16":"purchasable","17":"product-type-simple"},"acf":[],"_links":{"self":[{"href":"https:\/\/factory.sale\/et\/wp-json\/wp\/v2\/product\/49887","targetHints":{"allow":["GET"]}}],"collection":[{"href":"https:\/\/factory.sale\/et\/wp-json\/wp\/v2\/product"}],"about":[{"href":"https:\/\/factory.sale\/et\/wp-json\/wp\/v2\/types\/product"}],"replies":[{"embeddable":true,"href":"https:\/\/factory.sale\/et\/wp-json\/wp\/v2\/comments?post=49887"}],"wp:featuredmedia":[{"embeddable":true,"href":"https:\/\/factory.sale\/et\/wp-json\/wp\/v2\/media\/49646"}],"wp:attachment":[{"href":"https:\/\/factory.sale\/et\/wp-json\/wp\/v2\/media?parent=49887"}],"wp:term":[{"taxonomy":"factory","embeddable":true,"href":"https:\/\/factory.sale\/et\/wp-json\/wp\/v2\/factory?post=49887"},{"taxonomy":"free-shipment","embeddable":true,"href":"https:\/\/factory.sale\/et\/wp-json\/wp\/v2\/free-shipment?post=49887"},{"taxonomy":"product_brand","embeddable":true,"href":"https:\/\/factory.sale\/et\/wp-json\/wp\/v2\/product_brand?post=49887"},{"taxonomy":"product_cat","embeddable":true,"href":"https:\/\/factory.sale\/et\/wp-json\/wp\/v2\/product_cat?post=49887"},{"taxonomy":"product_tag","embeddable":true,"href":"https:\/\/factory.sale\/et\/wp-json\/wp\/v2\/product_tag?post=49887"}],"curies":[{"name":"wp","href":"https:\/\/api.w.org\/{rel}","templated":true}]}}