{"id":4923,"date":"2021-04-27T14:42:23","date_gmt":"2021-04-27T14:42:23","guid":{"rendered":"https:\/\/factory.sale\/?post_type=product&#038;p=4923"},"modified":"2024-06-27T18:19:30","modified_gmt":"2024-06-27T18:19:30","slug":"polukarbonaadist-kasvuhoone-klassik-240","status":"publish","type":"product","link":"https:\/\/factory.sale\/et\/toode\/polukarbonaadist-kasvuhoone-klassik-240\/","title":{"rendered":"Pol\u00fckarbonaadist kasvuhoone Klassik 240"},"content":{"rendered":"<div>\n<div>Kasvuhoone Klassik 240 on valmistatud tsingitud torust 20\u00d720, mis ei m\u00e4dane ega roosteta.<\/div>\n<div>Kasvuhoone katmiseks kasutatakse kvaliteetsed pol\u00fckarbonaati, mis kattub ideaalselt kasvuhoone<\/div>\n<div>profiiliga, luues head mikrokliimat kasvuhoones kasvavatele taimedele.<\/div>\n<div>Kaarte vaheline kaugus on 66cm.<\/div>\n<div>Kasvuhoone ei vaja vundamenti, kuid paigaldamine vundamendile on v\u00f5imalik.<\/div>\n<div>Kasvuhoone paigaldatakse maapinna sisse spetsiaalsete kinnitus jalgadega, pol\u00fckarbonaadi<\/div>\n<div>kinnitamiseks on k\u00f5ik vajalikud detailid komplektis.<\/div>\n<div>Kasvuhoonel on kaks ust ja kaks tuulutusakent.<\/div>\n<\/div>\n<div>\n<p>M\u00f5\u00f5dud ja hinnad:<\/p>\n<div class=\"js-color-sizes js-color-sizes-1\"><strong><label class=\"marginr15\">4mm \u2013 2 x 2.1 x 3.3 m \u2013 519 EUR <label class=\"marginr15\"><span class=\"js-product-extra-price\">(ei sisalda KM).<\/span><\/label><\/label><\/strong><\/div>\n<div class=\"js-color-sizes js-color-sizes-1\">\n<p><strong><label class=\"marginr15\">6mm \u2013 2 x 2.1 x 3.3 m \u2013 629 EUR <label class=\"marginr15\"><span class=\"js-product-extra-price\">(ei sisalda KM).<\/span><\/label><\/label><\/strong><\/p>\n<p>&nbsp;<\/p>\n<\/div>\n<\/div>\n<div>\n<div class=\"row margint10\">\n<div class=\"row margint20\">\n<div class=\"row margint10\">\n<div class=\"row margint10\">\n<div>\n<div class=\"row margint20\">\n<div class=\"row margint20\">Lisaks:<\/div>\n<div class=\"row row-extra js-extra js-extra-3158\">\n<div class=\"row row-extra js-extra js-extra-1695\"><strong><label class=\"marginr15\">\u00d5huaken \u2013 25<span class=\"js-product-extra-price\">\u00a0EUR (ei sisalda KM).<\/span><\/label><\/strong><\/div>\n<div class=\"row row-extra js-extra js-extra-1695\"><strong><label class=\"marginr15\">Automaatika \u2013 29<span class=\"js-product-extra-price\">\u00a0EUR\u00a0<label class=\"marginr15\">(ei sisalda KM).<\/label><\/span><\/label><\/strong><\/div>\n<div class=\"row row-extra js-extra js-extra-1695\"><strong><label class=\"marginr15\">Tilkkastmise s\u00fcsteem \u2013 65<span class=\"js-product-extra-price\">\u00a0EUR\u00a0<label class=\"marginr15\">(ei sisalda KM).<br \/>\n<\/label><\/span><\/label><\/strong><strong><strong><label class=\"marginr15\">Tsingitud peenar 0,7m \u2013 53<span class=\"js-product-extra-price\">\u00a0EUR\u00a0<label class=\"marginr15\">(ei sisalda KM).<\/p>\n<p><\/label><\/span><\/label><\/strong><\/strong><\/div>\n<\/div>\n<\/div>\n<\/div>\n<div>\n<div class=\"row margint10\"><strong>Me pakume ka paigaldust ja transporti. Pakkumise saamiseks saatke meile oma aadress.<\/strong><\/div>\n<\/div>\n<\/div>\n<\/div>\n<\/div>\n<\/div>\n<\/div>\n","protected":false},"excerpt":{"rendered":"<div>Kasvuhoone Klassik 240 on valmistatud tsingitud torust 20\u00d720, mis ei m\u00e4dane ega roosteta. Kasvuhoone katmiseks kasutatakse kvaliteetsed pol\u00fckarbonaati, mis kattub ideaalselt kasvuhoone profiiliga, luues head mikrokliimat kasvuhoones kasvavatele taimedele.<\/div>\n<div>Kaarte vaheline kaugus on 66cm. Kasvuhoone ei vaja vundamenti, kuid paigaldamine vundamendile on v\u00f5imalik. Kasvuhoone paigaldatakse maapinna sisse spetsiaalsete kinnitus jalgadega, pol\u00fckarbonaadi kinnitamiseks on k\u00f5ik vajalikud detailid komplektis. Kasvuhoonel on kaks ust ja kaks tuulutusakent.<\/div>\n","protected":false},"featured_media":4926,"comment_status":"open","ping_status":"closed","template":"","meta":{"_acf_changed":false},"factory":[],"free-shipment":[],"product_brand":[],"product_cat":[924,221],"product_tag":[222],"class_list":{"0":"post-4923","1":"product","2":"type-product","3":"status-publish","4":"has-post-thumbnail","6":"product_cat-aiatooted","7":"product_cat-kasvuhooned","8":"product_tag-greenhouse-et-2","10":"first","11":"instock","12":"sale","13":"taxable","14":"shipping-taxable","15":"purchasable","16":"product-type-simple"},"acf":[],"_links":{"self":[{"href":"https:\/\/factory.sale\/et\/wp-json\/wp\/v2\/product\/4923","targetHints":{"allow":["GET"]}}],"collection":[{"href":"https:\/\/factory.sale\/et\/wp-json\/wp\/v2\/product"}],"about":[{"href":"https:\/\/factory.sale\/et\/wp-json\/wp\/v2\/types\/product"}],"replies":[{"embeddable":true,"href":"https:\/\/factory.sale\/et\/wp-json\/wp\/v2\/comments?post=4923"}],"wp:featuredmedia":[{"embeddable":true,"href":"https:\/\/factory.sale\/et\/wp-json\/wp\/v2\/media\/4926"}],"wp:attachment":[{"href":"https:\/\/factory.sale\/et\/wp-json\/wp\/v2\/media?parent=4923"}],"wp:term":[{"taxonomy":"factory","embeddable":true,"href":"https:\/\/factory.sale\/et\/wp-json\/wp\/v2\/factory?post=4923"},{"taxonomy":"free-shipment","embeddable":true,"href":"https:\/\/factory.sale\/et\/wp-json\/wp\/v2\/free-shipment?post=4923"},{"taxonomy":"product_brand","embeddable":true,"href":"https:\/\/factory.sale\/et\/wp-json\/wp\/v2\/product_brand?post=4923"},{"taxonomy":"product_cat","embeddable":true,"href":"https:\/\/factory.sale\/et\/wp-json\/wp\/v2\/product_cat?post=4923"},{"taxonomy":"product_tag","embeddable":true,"href":"https:\/\/factory.sale\/et\/wp-json\/wp\/v2\/product_tag?post=4923"}],"curies":[{"name":"wp","href":"https:\/\/api.w.org\/{rel}","templated":true}]}}