{"id":49215,"date":"2023-11-23T09:11:04","date_gmt":"2023-11-23T09:15:04","guid":{"rendered":"https:\/\/factory.sale\/?post_type=product&#038;p=49215"},"modified":"2025-12-10T11:45:51","modified_gmt":"2025-12-10T08:45:51","slug":"tylo-crown-combi-elite-8","status":"publish","type":"product","link":"https:\/\/factory.sale\/et\/toode\/tylo-crown-combi-elite-8\/","title":{"rendered":"Tyl\u00f6 Crown Combi Elite 8 must"},"content":{"rendered":"<p>Crown k\u00fcttekeha vastab oma kuninglikule nimele. Alates majesteetlikust kroonikujulisest grillist kuni muljetavaldava valgustusmustrini \u00f5hkub see k\u00fcttekeha elegantsi ja rafineeritust. Kombineerides vapustavat visuaali t\u00e4iustatud tehnoloogiaga, oleme loonud kerise, mis paistab silma nii vormi kui ka funktsiooni poolest, pakkudes teile t\u00f5eliselt meeldej\u00e4\u00e4va saunaelamuse.<\/p>\n<p>Sellel p\u00f5randal seisval saunakerisel on s\u00fcmmeetriline disain, mis on kombineeritud elegantse valgustusmustriga, mis heidab sooja kuma \u00fcle ruumi, luues rahuliku ja l\u00f5\u00f5gastava \u00f5hkkonna. Pilkup\u00fc\u00fcdev Crown grill v\u00f5imaldab optimaalset \u00f5huvoolu ja soojuse ringlust kogu saunas, tagades, et saate kerise tehnoloogiast k\u00f5ik kasu. Crown on saadaval kolme v\u00f5imsusega 6 kW, 8 kw ja 10 kW.<\/p>\n<p>Kroon on kergesti paigaldatav. P\u00f5randal seisvat seadet on oma kitsaste 40 cm laiuste k\u00fclgedega lihtne paigutada nurgast, vastu seina v\u00f5i vastu klaasist esik\u00fclge. Standardvarustuses kasutatakse juhuslike p\u00f5letuste eest kaitsmiseks ainulaadset Thermosafe\u2122 puutekaitset. Seadmel on sisseehitatud valgustus. Kombiversioon v\u00f5ib saavutada kuni 25% energias\u00e4\u00e4stu v\u00f5rreldes traditsioonilise seadmega, kui seda kasutatakse temperatuuril 65-70\u00b0 ja niiskustasemel 35%. Kombimudel on veidi s\u00fcgavam, veidi \u00fcle 440 mm.<\/p>\n<p>&nbsp;<\/p>\n<p>&nbsp;<\/p>\n<p><strong>Tehnilised andmed:<\/strong><\/p>\n<ul>\n<li>V\u00e4rv: must (61002052)<\/li>\n<li>Paneel: Elite \u2013 kaasas<\/li>\n<li>Releekast: pole n\u00f5utav<\/li>\n<li>V\u00f5imsus: 8 kW<\/li>\n<li>M\u00f5\u00f5dud (L x K x S): 365 x 806 x 442<\/li>\n<li>Sauna suurus (m3): 6-12<\/li>\n<li>Kivi: 20kg &#8211; tellida eraldi<\/li>\n<li>Min. kaugus seinast (mm): 50 mm<\/li>\n<li>Min. kaugus laeni (mm): 1900 mm<\/li>\n<\/ul>\n<p>&nbsp;<\/p>\n<p><a href=\"https:\/\/factory.sale\/wp-content\/uploads\/2023\/11\/2900-5520-CROWN-COMBI-Elite-installation.pdf\" target=\"_blank\" rel=\"noopener\">CROWN ELITE COMBI paigaldamine<\/a><\/p>\n<p><a href=\"https:\/\/factory.sale\/wp-content\/uploads\/2023\/11\/2900-5530-CROWN-COMBI-Elite-User-Guide.pdf\" target=\"_blank\" rel=\"noopener\">CROWN COMBI Elite kasutusjuhend<\/a><\/p>\n<p><a href=\"https:\/\/factory.sale\/wp-content\/uploads\/2023\/11\/2900-5542-lift-out-Crown-Combi.pdf\" target=\"_blank\" rel=\"noopener\">T\u00f5stmine Crown Combi<\/a><\/p>\n","protected":false},"excerpt":{"rendered":"<p>Crown k\u00fcttekeha vastab oma kuninglikule nimele. Alates majesteetlikust kroonikujulisest grillist kuni muljetavaldava valgustusmustrini \u00f5hkub see k\u00fcttekeha elegantsi ja rafineeritust. Kombineerides vapustavat visuaali t\u00e4iustatud tehnoloogiaga, oleme loonud kerise, mis paistab silma nii vormi kui ka funktsiooni poolest, pakkudes teile t\u00f5eliselt meeldej\u00e4\u00e4va saunaelamuse.<\/p>\n","protected":false},"featured_media":49180,"comment_status":"open","ping_status":"closed","template":"","meta":{"_acf_changed":false},"factory":[],"free-shipment":[],"product_brand":[],"product_cat":[306,2633],"product_tag":[811,2176],"class_list":{"0":"post-49215","1":"product","2":"type-product","3":"status-publish","4":"has-post-thumbnail","6":"product_cat-saunakerised","7":"product_cat-tylo-et","8":"product_tag-sauna-et","9":"product_tag-sauna-heater-et","11":"first","12":"instock","13":"sale","14":"taxable","15":"shipping-taxable","16":"purchasable","17":"product-type-simple"},"acf":[],"_links":{"self":[{"href":"https:\/\/factory.sale\/et\/wp-json\/wp\/v2\/product\/49215","targetHints":{"allow":["GET"]}}],"collection":[{"href":"https:\/\/factory.sale\/et\/wp-json\/wp\/v2\/product"}],"about":[{"href":"https:\/\/factory.sale\/et\/wp-json\/wp\/v2\/types\/product"}],"replies":[{"embeddable":true,"href":"https:\/\/factory.sale\/et\/wp-json\/wp\/v2\/comments?post=49215"}],"wp:featuredmedia":[{"embeddable":true,"href":"https:\/\/factory.sale\/et\/wp-json\/wp\/v2\/media\/49180"}],"wp:attachment":[{"href":"https:\/\/factory.sale\/et\/wp-json\/wp\/v2\/media?parent=49215"}],"wp:term":[{"taxonomy":"factory","embeddable":true,"href":"https:\/\/factory.sale\/et\/wp-json\/wp\/v2\/factory?post=49215"},{"taxonomy":"free-shipment","embeddable":true,"href":"https:\/\/factory.sale\/et\/wp-json\/wp\/v2\/free-shipment?post=49215"},{"taxonomy":"product_brand","embeddable":true,"href":"https:\/\/factory.sale\/et\/wp-json\/wp\/v2\/product_brand?post=49215"},{"taxonomy":"product_cat","embeddable":true,"href":"https:\/\/factory.sale\/et\/wp-json\/wp\/v2\/product_cat?post=49215"},{"taxonomy":"product_tag","embeddable":true,"href":"https:\/\/factory.sale\/et\/wp-json\/wp\/v2\/product_tag?post=49215"}],"curies":[{"name":"wp","href":"https:\/\/api.w.org\/{rel}","templated":true}]}}