{"id":4917,"date":"2021-04-27T14:29:44","date_gmt":"2021-04-27T14:29:44","guid":{"rendered":"https:\/\/factory.sale\/?post_type=product&#038;p=4917"},"modified":"2024-06-27T15:37:06","modified_gmt":"2024-06-27T15:37:06","slug":"polukarbonaadist-kasvuhooned-master","status":"publish","type":"product","link":"https:\/\/factory.sale\/et\/toode\/polukarbonaadist-kasvuhooned-master\/","title":{"rendered":"Pol\u00fckarbonaadist kasvuhooned Master"},"content":{"rendered":"<div>\n<div>Kasvuhoone \u201cMaster\u201d on viilkatusega mudel. Kasvuhoone karkass on valmistatud tsingitud nelikanttorust m\u00f5\u00f5tmetega 20\u00d720 mm.<\/div>\n<div>T\u00e4nu keevituskohtade puudumisele ja tsinkimisele torud ei roosteta ning nende eluiga on v\u00e4ga pikk.<\/div>\n<div>Oluliselt lihtsamaks muudetud kasvuhoone karkassi kokkupanek (oluliselt on v\u00e4hendatud karkassi kokkupanekuks vajalike poltide ja mutrite arvu).<\/div>\n<div>Karkassi laius 2,5 meetrit, k\u00f5rgus 2,2 meetrit.<\/div>\n<div>Karkass \u2013 tsingitud terasest nelikanttoru 20 x 20 mm, sammuga 1000mm.<\/div>\n<div>Kasvuhoone m\u00f5lemas otsas on hingedel uks.<\/div>\n<div>V\u00f5rrelduna kaarkasvuhoonetega on selles rohkem kasulikku pinda.<\/div>\n<div>\n<p>Komplekti kuuluvad tihendid.<\/p>\n<\/div>\n<\/div>\n<div>\n<div class=\"row margint10\">\n<div class=\"row margint20\">\n<div class=\"row margint10\">\n<div class=\"row margint10\">\n<div class=\"row margint20\">Lisaks:<\/div>\n<div class=\"row row-extra js-extra js-extra-1695\"><strong><label class=\"marginr15\">\u00d5huaken \u2013 25<span class=\"js-product-extra-price\">\u00a0EUR (ei sisalda KM).<\/span><\/label><\/strong><\/div>\n<div class=\"row row-extra js-extra js-extra-1695\"><strong><label class=\"marginr15\">Automaatika \u2013 29<span class=\"js-product-extra-price\">\u00a0EUR\u00a0<label class=\"marginr15\">(ei sisalda KM).<\/label><\/span><\/label><\/strong><\/div>\n<div class=\"row row-extra js-extra js-extra-1695\"><strong><label class=\"marginr15\">Tilkkastmise s\u00fcsteem \u2013 65<span class=\"js-product-extra-price\">\u00a0EUR\u00a0<label class=\"marginr15\">(ei sisalda KM).<\/label><\/span><\/label><\/strong><\/div>\n<div class=\"row row-extra js-extra js-extra-1695\"><strong><label class=\"marginr15\">Tsingitud peenar 0,7m \u2013 53<span class=\"js-product-extra-price\">\u00a0EUR\u00a0<label class=\"marginr15\">(ei sisalda KM).<\/label><\/span><\/label><\/strong><\/div>\n<\/div>\n<div class=\"row row-extra js-extra js-extra-1695\">\n<p><strong>Me pakume ka paigaldust ja transporti. Pakkumise saamiseks saatke meile oma aadress.<\/strong><\/p>\n<\/div>\n<\/div>\n<\/div>\n<\/div>\n<\/div>\n","protected":false},"excerpt":{"rendered":"<div>Kasvuhoone \u201cMaster\u201d on viilkatusega mudel. Kasvuhoone karkass on valmistatud tsingitud nelikanttorust m\u00f5\u00f5tmetega 20\u00d720 mm. T\u00e4nu keevituskohtade puudumisele ja tsinkimisele torud ei roosteta ning nende eluiga on v\u00e4ga pikk. Oluliselt lihtsamaks muudetud kasvuhoone karkassi kokkupanek (oluliselt on v\u00e4hendatud karkassi kokkupanekuks vajalike poltide ja mutrite arvu). Karkassi laius 2,5 meetrit, k\u00f5rgus 2,2 meetrit. Karkass \u2013 tsingitud terasest nelikanttoru 20 x 20 mm, sammuga 1000mm. Kasvuhoone m\u00f5lemas otsas on hingedel uks. V\u00f5rrelduna kaarkasvuhoonetega on selles rohkem kasulikku pinda. Komplekti kuuluvad tihendid.<\/div>\n","protected":false},"featured_media":4920,"comment_status":"open","ping_status":"closed","template":"","meta":{"_acf_changed":false},"factory":[],"free-shipment":[],"product_brand":[],"product_cat":[924,221],"product_tag":[222],"class_list":{"0":"post-4917","1":"product","2":"type-product","3":"status-publish","4":"has-post-thumbnail","6":"product_cat-aiatooted","7":"product_cat-kasvuhooned","8":"product_tag-greenhouse-et-2","10":"first","11":"instock","12":"sale","13":"taxable","14":"shipping-taxable","15":"purchasable","16":"product-type-simple"},"acf":[],"_links":{"self":[{"href":"https:\/\/factory.sale\/et\/wp-json\/wp\/v2\/product\/4917","targetHints":{"allow":["GET"]}}],"collection":[{"href":"https:\/\/factory.sale\/et\/wp-json\/wp\/v2\/product"}],"about":[{"href":"https:\/\/factory.sale\/et\/wp-json\/wp\/v2\/types\/product"}],"replies":[{"embeddable":true,"href":"https:\/\/factory.sale\/et\/wp-json\/wp\/v2\/comments?post=4917"}],"wp:featuredmedia":[{"embeddable":true,"href":"https:\/\/factory.sale\/et\/wp-json\/wp\/v2\/media\/4920"}],"wp:attachment":[{"href":"https:\/\/factory.sale\/et\/wp-json\/wp\/v2\/media?parent=4917"}],"wp:term":[{"taxonomy":"factory","embeddable":true,"href":"https:\/\/factory.sale\/et\/wp-json\/wp\/v2\/factory?post=4917"},{"taxonomy":"free-shipment","embeddable":true,"href":"https:\/\/factory.sale\/et\/wp-json\/wp\/v2\/free-shipment?post=4917"},{"taxonomy":"product_brand","embeddable":true,"href":"https:\/\/factory.sale\/et\/wp-json\/wp\/v2\/product_brand?post=4917"},{"taxonomy":"product_cat","embeddable":true,"href":"https:\/\/factory.sale\/et\/wp-json\/wp\/v2\/product_cat?post=4917"},{"taxonomy":"product_tag","embeddable":true,"href":"https:\/\/factory.sale\/et\/wp-json\/wp\/v2\/product_tag?post=4917"}],"curies":[{"name":"wp","href":"https:\/\/api.w.org\/{rel}","templated":true}]}}