{"id":4897,"date":"2021-04-27T13:40:11","date_gmt":"2021-04-27T13:40:11","guid":{"rendered":"https:\/\/factory.sale\/?post_type=product&#038;p=4897"},"modified":"2024-06-27T15:34:54","modified_gmt":"2024-06-27T15:34:54","slug":"polukarbonaadist-kasvuhoone-ekstra-700","status":"publish","type":"product","link":"https:\/\/factory.sale\/et\/toode\/polukarbonaadist-kasvuhoone-ekstra-700\/","title":{"rendered":"Pol\u00fckarbonaadist kasvuhoone Ekstra 700"},"content":{"rendered":"<div>\n<h3>Omadused:<\/h3>\n<ul>\n<li>Kaarte vaheline kaugus 67 cm<\/li>\n<li>Paigaldatakse 50x150mm prussi peale<\/li>\n<li>Kaarede 40mmX20mm serva asukoht suurendab nende tugevust 1,5 korda<\/li>\n<li>7 tugevdatud k\u00e4iku 40mmX20mm<\/li>\n<li>Metallist mugav kahepoolne k\u00e4epide<\/li>\n<li>Ainulaadsed patenteeritud hinged avavad ukse 180 kraadi<\/li>\n<li>Ainulaadsed patenteeritud krabi\u00fchendused h\u00f5lpsaks ja usaldusv\u00e4\u00e4rseks kinnitamiseks<\/li>\n<li>Torude spetsiaalne kaitsekate, mis pikendab raami kasutusiga 5 aasta v\u00f5rra<\/li>\n<li>Meeldej\u00e4\u00e4vad otsad<\/li>\n<li>Pakitud kasvuhoone m\u00f5\u00f5tmed v\u00f5imaldavad seda vedada s\u00f5iduautos<\/li>\n<li>Puuduvad keevis\u00f5mblusi<\/li>\n<li>K\u00f5igi kinnitusdetailide k\u00f5igi osade mugavaks ja t\u00e4pseks monteerimiseks tehakse spetsiaalsed augud<\/li>\n<\/ul>\n<\/div>\n<div>\n<div>\n<p>M\u00f5\u00f5dud ja hinnad:<\/p>\n<div class=\"js-color-sizes js-color-sizes-1\"><strong><label class=\"marginr15\">4mm \u2013 3 x 2.1 x 4 m \u2013 815 EUR <label class=\"marginr15\"><label class=\"marginr15\"><span class=\"js-product-extra-price\">(ei sisalda KM).<\/span><\/label><\/label><\/label><\/strong><\/div>\n<div class=\"js-color-sizes js-color-sizes-1\"><strong><label class=\"marginr15\">4mm \u2013 3 x 2.1 x 6 m \u2013 923 EUR <label class=\"marginr15\"><label class=\"marginr15\"><span class=\"js-product-extra-price\">(ei sisalda KM).<\/span><\/label><\/label><\/label><\/strong><\/div>\n<div class=\"js-color-sizes js-color-sizes-1\"><strong><label class=\"marginr15\">4mm \u2013 3 x 2.1 x 8 m \u2013 1018 EUR <label class=\"marginr15\"><label class=\"marginr15\"><span class=\"js-product-extra-price\">(ei sisalda KM).<\/span><\/label><\/label><\/label><\/strong><\/div>\n<div class=\"js-color-sizes js-color-sizes-1\"><strong><label class=\"marginr15\">4mm \u2013 3 x 2.1 x 10 m \u2013 1108 EUR <label class=\"marginr15\"><label class=\"marginr15\"><span class=\"js-product-extra-price\">(ei sisalda KM).<\/span><\/label><\/label><\/label><\/strong><\/div>\n<div class=\"js-color-sizes js-color-sizes-1\"><strong><label class=\"marginr15\">6mm \u2013 3 x 2.1 x 4 m \u2013 923 EUR <label class=\"marginr15\"><label class=\"marginr15\"><span class=\"js-product-extra-price\">(ei sisalda KM).<\/span><\/label><\/label><\/label><\/strong><\/div>\n<div class=\"js-color-sizes js-color-sizes-1\"><strong><label class=\"marginr15\">6mm \u2013 3 x 2.1 x 6 m \u2013 1019 EUR <label class=\"marginr15\"><label class=\"marginr15\"><span class=\"js-product-extra-price\">(ei sisalda KM).<\/span><\/label><\/label><\/label><\/strong><\/div>\n<div class=\"js-color-sizes js-color-sizes-1\"><strong><label class=\"marginr15\">6mm \u2013 3 x 2.1 x 8 m \u2013 1197 EUR <label class=\"marginr15\"><label class=\"marginr15\"><span class=\"js-product-extra-price\">(ei sisalda KM).<\/span><\/label><\/label><\/label><\/strong><\/div>\n<div class=\"js-color-sizes js-color-sizes-1\"><strong><label class=\"marginr15\">6mm \u2013 3 x 2.1 x 10 m \u2013 1309 EUR <label class=\"marginr15\"><label class=\"marginr15\"><span class=\"js-product-extra-price\">(ei sisalda KM).<\/p>\n<p><\/span><\/label><\/label><\/label><\/strong><\/div>\n<\/div>\n<\/div>\n<div>\n<div class=\"row margint10\">\n<div class=\"row margint20\">\n<div class=\"row margint10\">\n<div class=\"row margint10\">\n<div class=\"row margint20\">Lisaks:<\/div>\n<div class=\"row row-extra js-extra js-extra-1695\"><strong><label class=\"marginr15\">\u00d5huaken \u2013 25<span class=\"js-product-extra-price\">\u00a0EUR (ei sisalda KM).<\/span><\/label><\/strong><\/div>\n<div class=\"row row-extra js-extra js-extra-1695\"><strong><label class=\"marginr15\">Automaatika \u2013 29<span class=\"js-product-extra-price\">\u00a0EUR\u00a0<label class=\"marginr15\">(ei sisalda KM).<\/label><\/span><\/label><\/strong><\/div>\n<div class=\"row row-extra js-extra js-extra-1695\"><strong><label class=\"marginr15\">Tilkkastmise s\u00fcsteem \u2013 65<span class=\"js-product-extra-price\">\u00a0EUR\u00a0<label class=\"marginr15\">(ei sisalda KM).<\/label><\/span><\/label><\/strong><\/div>\n<div class=\"row row-extra js-extra js-extra-1695\"><strong><label class=\"marginr15\">Tsingitud peenar 0,7m \u2013 53<span class=\"js-product-extra-price\">\u00a0EUR\u00a0<label class=\"marginr15\">(ei sisalda KM).<\/label><\/span><\/label><\/strong><\/div>\n<\/div>\n<div class=\"row row-extra js-extra js-extra-1695\">\n<p><strong>Me pakume ka paigaldust ja transporti. Pakkumise saamiseks saatke meile oma aadress.<\/strong><\/p>\n<p><strong>NB! 6mm pol\u00fckarbonaadiga kasvuhoonel otsad 4mm valmistatud pol\u00fckarbonaadist.<\/strong><\/p>\n<\/div>\n<\/div>\n<\/div>\n<\/div>\n<\/div>\n","protected":false},"excerpt":{"rendered":"<p>Kaarte vaheline kaugus 67 cm. Paigaldatakse 50x150mm prussi peale. Kaarede 40mmX20mm serva asukoht suurendab nende tugevust 1,5 korda. 7 tugevdatud k\u00e4iku 40mmX20mm. Metallist mugav kahepoolne k\u00e4epide. Ainulaadsed patenteeritud hinged avavad ukse 180 kraadi. Ainulaadsed patenteeritud krabi\u00fchendused h\u00f5lpsaks ja usaldusv\u00e4\u00e4rseks kinnitamiseks. Torude spetsiaalne kaitsekate, mis pikendab raami kasutusiga 5 aasta v\u00f5rra. Meeldej\u00e4\u00e4vad otsad. Pakitud kasvuhoone m\u00f5\u00f5tmed v\u00f5imaldavad seda vedada s\u00f5iduautos. Puuduvad keevis\u00f5mblusi. K\u00f5igi kinnitusdetailide k\u00f5igi osade mugavaks ja t\u00e4pseks monteerimiseks tehakse spetsiaalsed augud.<\/p>\n","protected":false},"featured_media":4913,"comment_status":"open","ping_status":"closed","template":"","meta":{"_acf_changed":false},"factory":[],"free-shipment":[],"product_brand":[],"product_cat":[924,221],"product_tag":[222],"class_list":{"0":"post-4897","1":"product","2":"type-product","3":"status-publish","4":"has-post-thumbnail","6":"product_cat-aiatooted","7":"product_cat-kasvuhooned","8":"product_tag-greenhouse-et-2","10":"first","11":"instock","12":"sale","13":"taxable","14":"shipping-taxable","15":"purchasable","16":"product-type-simple"},"acf":[],"_links":{"self":[{"href":"https:\/\/factory.sale\/et\/wp-json\/wp\/v2\/product\/4897","targetHints":{"allow":["GET"]}}],"collection":[{"href":"https:\/\/factory.sale\/et\/wp-json\/wp\/v2\/product"}],"about":[{"href":"https:\/\/factory.sale\/et\/wp-json\/wp\/v2\/types\/product"}],"replies":[{"embeddable":true,"href":"https:\/\/factory.sale\/et\/wp-json\/wp\/v2\/comments?post=4897"}],"wp:featuredmedia":[{"embeddable":true,"href":"https:\/\/factory.sale\/et\/wp-json\/wp\/v2\/media\/4913"}],"wp:attachment":[{"href":"https:\/\/factory.sale\/et\/wp-json\/wp\/v2\/media?parent=4897"}],"wp:term":[{"taxonomy":"factory","embeddable":true,"href":"https:\/\/factory.sale\/et\/wp-json\/wp\/v2\/factory?post=4897"},{"taxonomy":"free-shipment","embeddable":true,"href":"https:\/\/factory.sale\/et\/wp-json\/wp\/v2\/free-shipment?post=4897"},{"taxonomy":"product_brand","embeddable":true,"href":"https:\/\/factory.sale\/et\/wp-json\/wp\/v2\/product_brand?post=4897"},{"taxonomy":"product_cat","embeddable":true,"href":"https:\/\/factory.sale\/et\/wp-json\/wp\/v2\/product_cat?post=4897"},{"taxonomy":"product_tag","embeddable":true,"href":"https:\/\/factory.sale\/et\/wp-json\/wp\/v2\/product_tag?post=4897"}],"curies":[{"name":"wp","href":"https:\/\/api.w.org\/{rel}","templated":true}]}}