{"id":4860,"date":"2021-04-27T13:04:30","date_gmt":"2021-04-27T13:04:30","guid":{"rendered":"https:\/\/factory.sale\/?post_type=product&#038;p=4860"},"modified":"2024-07-02T05:25:40","modified_gmt":"2024-07-02T05:25:40","slug":"polukarbonaadist-kasvuhoone-standart-xl","status":"publish","type":"product","link":"https:\/\/factory.sale\/et\/toode\/polukarbonaadist-kasvuhoone-standart-xl\/","title":{"rendered":"Pol\u00fckarbonaadist kasvuhoone Standart XL"},"content":{"rendered":"<div class=\"FFpbKc\"><\/div>\n<div>Kasvuhoone Standart XL on v\u00e4ga tugeva konstruktsiooniga tsingitud torust (40 x 20 mm, paksusega \u2013 1 \u2013 1,2 mm). Kasvuhoone on kaetud 6mm paksuse pol\u00fckarbonaadiga.<\/div>\n<div>\n<p>M\u00f5\u00f5dud ja hinnad:<\/p>\n<\/div>\n<div>\n<div class=\"row margint10\">\n<div class=\"js-color-sizes js-color-sizes-1\">\n<div>\n<div class=\"js-color-sizes js-color-sizes-1\"><strong><label class=\"marginr15\">6mm &#8211; 4 x 2.7 x 4 m &#8211; 1379 EUR <label class=\"marginr15\"><label class=\"marginr15\"><span class=\"js-product-extra-price\">(ei sisalda KM).<\/span><\/label><\/label><\/label><\/strong><\/div>\n<div class=\"js-color-sizes js-color-sizes-1\"><strong><label class=\"marginr15\">6mm &#8211; 4 x 2.7 x 6 m &#8211; 1679 EUR <label class=\"marginr15\"><label class=\"marginr15\"><span class=\"js-product-extra-price\">(ei sisalda KM).<\/span><\/label><\/label><\/label><\/strong><\/div>\n<div class=\"js-color-sizes js-color-sizes-1\"><strong><label class=\"marginr15\">6mm &#8211; 4 x 2.7 x 8 m &#8211; 1979 EUR <label class=\"marginr15\"><label class=\"marginr15\"><span class=\"js-product-extra-price\">(ei sisalda KM).<\/span><\/label><\/label><\/label><\/strong><\/div>\n<div class=\"js-color-sizes js-color-sizes-1\"><strong><label class=\"marginr15\">6mm &#8211; 4 x 2.7 x 10 m &#8211; 2279 EUR <label class=\"marginr15\"><label class=\"marginr15\"><span class=\"js-product-extra-price\">(ei sisalda KM).<\/span><\/label><\/label><\/label><\/strong><\/div>\n<div class=\"js-color-sizes js-color-sizes-1\"><strong><label class=\"marginr15\">6mm &#8211; 4 x 2.7 x 12 m &#8211; 2579 EUR <label class=\"marginr15\"><label class=\"marginr15\"><span class=\"js-product-extra-price\">(ei sisalda KM).<\/p>\n<p><\/span><\/label><\/label><\/label><\/strong><\/div>\n<\/div>\n<\/div>\n<\/div>\n<\/div>\n<div>\n<div class=\"row margint10\">\n<div class=\"row margint20\">\n<div class=\"row margint10\">\n<div>\n<div class=\"row margint20\">Lisaks:<\/div>\n<div class=\"row row-extra js-extra js-extra-1676\">\n<div class=\"row row-extra js-extra js-extra-1695\"><strong><label class=\"marginr15\">\u00d5huaken \u2013 25<span class=\"js-product-extra-price\">\u00a0EUR (ei sisalda KM).<\/span><\/label><\/strong><\/div>\n<div class=\"row row-extra js-extra js-extra-1695\"><strong><label class=\"marginr15\">Automaatika \u2013 29<span class=\"js-product-extra-price\">\u00a0EUR\u00a0<label class=\"marginr15\">(ei sisalda KM).<\/label><\/span><\/label><\/strong><\/div>\n<div class=\"row row-extra js-extra js-extra-1695\"><strong><label class=\"marginr15\">Tilkkastmise s\u00fcsteem \u2013 65<span class=\"js-product-extra-price\">\u00a0EUR\u00a0<label class=\"marginr15\">(ei sisalda KM).<\/label><\/span><\/label><\/strong><\/div>\n<div class=\"row row-extra js-extra js-extra-1695\"><strong><label class=\"marginr15\">Tsingitud peenar 0,7m \u2013 53<span class=\"js-product-extra-price\">\u00a0EUR\u00a0<label class=\"marginr15\">(ei sisalda KM).<\/label><\/span><\/label><\/strong><\/div>\n<\/div>\n<\/div>\n<div>\n<div>\n<div>\n<div class=\"row margint10\"><strong><br \/>\nMe pakume ka paigaldust ja transporti. Pakkumise saamiseks saatke meile oma aadress.<br \/>\n<\/strong><\/div>\n<\/div>\n<\/div>\n<div><strong><br \/>\nNB! 6mm pol\u00fckarbonaadiga kasvuhoonel otsad 4mm valmistatud pol\u00fckarbonaadist.<\/strong><\/div>\n<\/div>\n<\/div>\n<\/div>\n<\/div>\n<\/div>\n","protected":false},"excerpt":{"rendered":"<div>Esimest korda oli kasutatud karkassi eriti koormatud piirkondades ja laia v\u00f5imendatud profiili, mis kannatab raskeid lumekoormaid. T\u00e4nu uuele laia profiili kasutamisele sai v\u00f5imalikuks detailide arvu v\u00e4hendamine, mis h\u00f5lbustab kokkupanekut ning suurendab ehitise kandev\u00f5imet, hinda t\u00f5stmata. Kasvuhoone laius on optimaalne kolme peenra jaoks. Kasvuhoone geomeetria on l\u00e4bim\u00f5eldud nii, et seda saaks j\u00e4rgnevalt t\u00e4iendada erinevate aksessuaaridega: peenardega, k\u00fclgriiulitega seemikute jaoks. K\u00f5ik see v\u00f5imaldas luua uue k\u00f5rgkvaliteetse ning perspektiivse mudeli madala hinnaga. Karkass koos t\u00e4iskomplekteerimisega, pingutiga ja k\u00fcljetoega kannatab maksimaalselt 180kg \u00a0lund 1m2 \u00a0maa horisontaalpinna kohta, mis v\u00f5rdub 1,4m alles sadanud v\u00f5i 0,7m seisnud lumega. Kasvuhoone Standart XL on v\u00e4ga tugeva konstruktsiooniga tsingitud torust (40 x 20 mm, paksusega \u2013 1 \u2013 1,2 mm). Kasvuhoone on kaetud 6mm paksuse pol\u00fckarbonaadiga.<\/div>\n","protected":false},"featured_media":4881,"comment_status":"open","ping_status":"closed","template":"","meta":{"_acf_changed":false},"factory":[],"free-shipment":[],"product_brand":[],"product_cat":[221,260],"product_tag":[222],"class_list":{"0":"post-4860","1":"product","2":"type-product","3":"status-publish","4":"has-post-thumbnail","6":"product_cat-kasvuhooned","7":"product_cat-preemium","8":"product_tag-greenhouse-et-2","10":"first","11":"instock","12":"sale","13":"taxable","14":"shipping-taxable","15":"purchasable","16":"product-type-simple"},"acf":[],"_links":{"self":[{"href":"https:\/\/factory.sale\/et\/wp-json\/wp\/v2\/product\/4860","targetHints":{"allow":["GET"]}}],"collection":[{"href":"https:\/\/factory.sale\/et\/wp-json\/wp\/v2\/product"}],"about":[{"href":"https:\/\/factory.sale\/et\/wp-json\/wp\/v2\/types\/product"}],"replies":[{"embeddable":true,"href":"https:\/\/factory.sale\/et\/wp-json\/wp\/v2\/comments?post=4860"}],"wp:featuredmedia":[{"embeddable":true,"href":"https:\/\/factory.sale\/et\/wp-json\/wp\/v2\/media\/4881"}],"wp:attachment":[{"href":"https:\/\/factory.sale\/et\/wp-json\/wp\/v2\/media?parent=4860"}],"wp:term":[{"taxonomy":"factory","embeddable":true,"href":"https:\/\/factory.sale\/et\/wp-json\/wp\/v2\/factory?post=4860"},{"taxonomy":"free-shipment","embeddable":true,"href":"https:\/\/factory.sale\/et\/wp-json\/wp\/v2\/free-shipment?post=4860"},{"taxonomy":"product_brand","embeddable":true,"href":"https:\/\/factory.sale\/et\/wp-json\/wp\/v2\/product_brand?post=4860"},{"taxonomy":"product_cat","embeddable":true,"href":"https:\/\/factory.sale\/et\/wp-json\/wp\/v2\/product_cat?post=4860"},{"taxonomy":"product_tag","embeddable":true,"href":"https:\/\/factory.sale\/et\/wp-json\/wp\/v2\/product_tag?post=4860"}],"curies":[{"name":"wp","href":"https:\/\/api.w.org\/{rel}","templated":true}]}}