{"id":4800,"date":"2021-03-31T13:06:42","date_gmt":"2021-03-31T13:06:42","guid":{"rendered":"https:\/\/factory.sale\/?post_type=product&#038;p=4800"},"modified":"2026-03-05T16:53:19","modified_gmt":"2026-03-05T13:53:19","slug":"huum-uku-local-juhtpult","status":"publish","type":"product","link":"https:\/\/factory.sale\/et\/toode\/huum-uku-local-juhtpult\/","title":{"rendered":"HUUM UKU 4.2 Local kontrolls\u00fcsteem &#8211; Classic"},"content":{"rendered":"<h2><span style=\"font-size: 14pt;\">HUUM UKU 4.2 Local kontrolls\u00fcsteem &#8211; Classic<\/span><\/h2>\n<p><strong>HUUM UKU Local<\/strong> on sauna juhts\u00fcsteemi lihtsaim mudel, mis t\u00f6\u00f6tab ilma v\u00f5rgu\u00fchenduseta juhtpuldist leiliruumi seinal. UKU Local sobib sulle, kui eelistad sauna k\u00fctta kohapeal v\u00f5i saun asub piirkonnas, kus puudub hea v\u00f5rgu\u00fchendus. Seinal asuv juhtpult n\u00e4eb stiilne v\u00e4lja ning selle men\u00fc\u00fc \u00fclimalt kasutajas\u00f5bralik. Lihtsa vaevaga saad seadistada k\u00fctmise aega, temperatuuri ning mitmeid lisafunktsioone.<\/p>\n<p>Juhts\u00fcsteemiga saab \u00fchendada sauna valgustuse\/ventilatsiooni ja auruti ning ka neid samast puldist seadistada. Ohutuse eest hoolitsevad \u00fclekuumenemiskaitse ja lapselukk. Soovi korral saad oma UKU Local mudelit igal ajal v\u00e4ikese lisatasu eest t\u00e4iendada WiFi v\u00f5imekusega ning asuda k\u00f5iki samu funktsioone kasutama mobiilirakenduses.<\/p>\n<p>Juhtpult:<\/p>\n<ul>\n<li>Temperatuur 40-110 \u00baC<\/li>\n<li>Keristele kuni 18 kW<\/li>\n<li>Toitepinge 400 V 3N; 230 V 1N<\/li>\n<li>K\u00fctteaeg 3h; 8h; 12h<\/li>\n<li>EAN: 4744103013326<\/li>\n<\/ul>\n<p>Olulised omadused:<\/p>\n<ul>\n<li>Sobib elektrikeristele v\u00f5imsusega kuni 18 kW<\/li>\n<li>\u00dchildub erinevate tootjate keristega<\/li>\n<li>Sihttemperatuur vahemikus 40\u2013110 \u00b0C<\/li>\n<li>Taimer k\u00fctmise algusaja ja kestuse seadistamiseks<\/li>\n<li>\u00dchendatav valgustuse\/ventilatsiooni ja aurutiga<\/li>\n<li>\u00dclekuumenemiskaitse<\/li>\n<li>Laste turvalukk<\/li>\n<li>Ukseandur<\/li>\n<li>Stiilsete juhtpaneelide valik<\/li>\n<li>Juhtimine seinale paigaldatud juhtpaneelist<\/li>\n<\/ul>\n<p>Komplekt sisaldab:<\/p>\n<ul>\n<li>juhtpaneeli (105 x 55 x 22 mm)<\/li>\n<li>juhtpaneeli kaablit (3 m; 4 x 0,34 mm\u00b2 )<\/li>\n<li>peamoodulit (250 x 175 x 75 mm)<\/li>\n<li>termoandurit<\/li>\n<li>ukseandurit<\/li>\n<li>termo-\/ukseanduri kaablit (5 + 5m; 2 x 0,22 mm\u00b2)<\/li>\n<\/ul>\n<p>Juhts\u00fcsteemi komplekti kuulub mustast plastikust CLASSIC Black juhtpult. Kui soovid teise disainiga pulti, saad selle juurde osta.<\/p>\n<p>Saate valida mitme erineva v\u00e4rvi vahel nagu: <a href=\"https:\/\/factory.sale\/et\/toode\/huum-uku-classic-juhtpaneel-must\/\" target=\"_blank\" rel=\"noopener\">klassikaline must<\/a> (plastik),\u00a0<a href=\"https:\/\/factory.sale\/et\/toode\/huum-uku-sauna-juhtpaneel-wood\/\" target=\"_blank\" rel=\"noopener\">puit<\/a>, <a href=\"https:\/\/factory.sale\/et\/toode\/huum-uku-glass-juhtpaneel-must\/\" target=\"_blank\" rel=\"noopener\">must klaas<\/a>, <a href=\"https:\/\/factory.sale\/et\/toode\/huum-uku-glass-juhtpaneel-peegel\/\" target=\"_blank\" rel=\"noopener\">peegel klaas<\/a> ja <a href=\"https:\/\/factory.sale\/et\/toode\/huum-uku-glass-juhtpaneel-kuldne\/\" target=\"_blank\" rel=\"noopener\">kuldne klaas<\/a>.<\/p>\n<p>&nbsp;<\/p>\n<div class=\"video-wrapper \"><iframe loading=\"lazy\" title=\"UKU INTRODUCTION\" width=\"500\" height=\"281\" src=\"https:\/\/www.youtube.com\/embed\/qGxgJDDF6XE?feature=oembed\" frameborder=\"0\" allow=\"accelerometer; autoplay; clipboard-write; encrypted-media; gyroscope; picture-in-picture; web-share\" referrerpolicy=\"strict-origin-when-cross-origin\" allowfullscreen><\/iframe><\/div>\n<p>&nbsp;<\/p>\n<p><a title=\"Vaata videot uues aknas\" href=\"https:\/\/www.youtube.com\/watch?v=qGxgJDDF6XE\" target=\"_blank\" rel=\"noopener\">Vaata videot uues aknas<\/a><\/p>\n","protected":false},"excerpt":{"rendered":"<p><strong>HUUM UKU Local<\/strong> on sauna juhts\u00fcsteemi lihtsaim mudel, mis t\u00f6\u00f6tab ilma v\u00f5rgu\u00fchenduseta juhtpuldist leiliruumi seinal.<\/p>\n","protected":false},"featured_media":98870,"comment_status":"open","ping_status":"closed","template":"","meta":{"_acf_changed":false},"factory":[],"free-shipment":[5018],"product_brand":[4432],"product_cat":[1435,1345,784],"product_tag":[723,721,718],"class_list":{"0":"post-4800","1":"product","2":"type-product","3":"status-publish","4":"has-post-thumbnail","6":"free-shipment-tasuta-saatmine","7":"product_brand-huum-et","8":"product_cat-huum-et","9":"product_cat-juhtpuldid","10":"product_cat-sanitaartehnika","11":"product_tag-cliff-et","12":"product_tag-hive-et","13":"product_tag-huum-et","15":"first","16":"instock","17":"sale","18":"taxable","19":"shipping-taxable","20":"purchasable","21":"product-type-simple"},"acf":[],"_links":{"self":[{"href":"https:\/\/factory.sale\/et\/wp-json\/wp\/v2\/product\/4800","targetHints":{"allow":["GET"]}}],"collection":[{"href":"https:\/\/factory.sale\/et\/wp-json\/wp\/v2\/product"}],"about":[{"href":"https:\/\/factory.sale\/et\/wp-json\/wp\/v2\/types\/product"}],"replies":[{"embeddable":true,"href":"https:\/\/factory.sale\/et\/wp-json\/wp\/v2\/comments?post=4800"}],"wp:featuredmedia":[{"embeddable":true,"href":"https:\/\/factory.sale\/et\/wp-json\/wp\/v2\/media\/98870"}],"wp:attachment":[{"href":"https:\/\/factory.sale\/et\/wp-json\/wp\/v2\/media?parent=4800"}],"wp:term":[{"taxonomy":"factory","embeddable":true,"href":"https:\/\/factory.sale\/et\/wp-json\/wp\/v2\/factory?post=4800"},{"taxonomy":"free-shipment","embeddable":true,"href":"https:\/\/factory.sale\/et\/wp-json\/wp\/v2\/free-shipment?post=4800"},{"taxonomy":"product_brand","embeddable":true,"href":"https:\/\/factory.sale\/et\/wp-json\/wp\/v2\/product_brand?post=4800"},{"taxonomy":"product_cat","embeddable":true,"href":"https:\/\/factory.sale\/et\/wp-json\/wp\/v2\/product_cat?post=4800"},{"taxonomy":"product_tag","embeddable":true,"href":"https:\/\/factory.sale\/et\/wp-json\/wp\/v2\/product_tag?post=4800"}],"curies":[{"name":"wp","href":"https:\/\/api.w.org\/{rel}","templated":true}]}}