{"id":4788,"date":"2021-03-30T12:23:28","date_gmt":"2021-03-30T12:23:28","guid":{"rendered":"https:\/\/factory.sale\/?post_type=product&#038;p=4788"},"modified":"2026-03-05T16:43:20","modified_gmt":"2026-03-05T13:43:20","slug":"puukuttega-keris-huum-hive-wood-13-kw","status":"publish","type":"product","link":"https:\/\/factory.sale\/et\/toode\/puukuttega-keris-huum-hive-wood-13-kw\/","title":{"rendered":"Puuk\u00fcttega keris HUUM HIVE WOOD 13 kW"},"content":{"rendered":"<h2><span style=\"font-size: 14pt;\">HUUM HIVE Wood &#8211; Elava tulega puukeris t\u00f5eliselt l\u00f5\u00f5gastavate saunahetkede jaoks<\/span><\/h2>\n<p>HUUM HIVE Wood puukeris on kindel ja stiilne valik, kui hindad traditsioonilise sauna lihtsust v\u00f5i leiliruumis puudub elektri\u00fchendus. Kerise p\u00f5hjamaiselt rahulik disain toob esile kivide loomuliku ilu. Sisult on HIVE Wood nii t\u00f5hus kui ka vastupidav. Suur kerisekivide hulk tagab kauakestva ja maheda leili. Leek koldes on v\u00f5imas ja p\u00f5lemine efektiivne. Koldes asuv leegil\u00f5ikaja, millele saab osaks k\u00f5ige karmim kuumus, on valmistatud 5 mm paksusest terasest ja erakordselt vastupidav. Saunavee soojendamiseks saab kivide alla paigaldada soojusvaheti. Elav tuli ning puidu praksumine koldes loovad \u00f5dusa meeleolu ja aitavad sul argip\u00e4eva rutust v\u00e4lja l\u00fclituda.<\/p>\n<p data-start=\"205\" data-end=\"665\">HUUM HIVE Wood puukeris on ideaalne valik neile, kes soovivad saunas kogeda t\u00f5elist, loodusl\u00e4hedast ja ajatut saunatunnet. HIVE Wood \u00fchendab traditsioonilise puuk\u00fctte atmosf\u00e4\u00e4ri kaasaegse disaini, nutikalt l\u00e4bim\u00f5eldud konstruktsiooni ja k\u00f5rget kvaliteeti pakkuva soojusjaotusega. See keris on loodud 8\u201316 m\u00b3 leiliruumidele, pakkudes kiiret soojendust, pehmet leilikvaliteeti ja usaldusv\u00e4\u00e4rset j\u00f5udlust nii kodusaunades kui ka v\u00e4iksemates majutusasutustes.<\/p>\n<p data-start=\"1148\" data-end=\"1658\">Keris on valmistatud vastupidavatest materjalidest, mis taluvad k\u00f5rgeid temperatuure ja pikaajalist kasutust. Koldes olev leegil\u00f5ikaja on valmistatud 5 mm paksusest terasest \u2013 just sellest osast l\u00e4heb l\u00e4bi kogu tule intensiivseim kuumus. Selline konstruktsioon pikendab kerise eluiga m\u00e4rkimisv\u00e4\u00e4rselt ning tagab stabiilse ja ohutu p\u00f5lemise ka korduva kuumutamise korral. Lisaks on kerise \u00f5huvool nutikalt suunatud nii, et p\u00f5lemine oleks v\u00f5imalikult t\u00f5hus, v\u00e4hendades puidukulu ja kiirendades sauna soojenemist.<\/p>\n<p data-start=\"1660\" data-end=\"2060\">HIVE Woodi puuk\u00fcttega lahendus loob autentse saunakogemuse, mida ei ole v\u00f5imalik saavutada elektrikerisega. Puidu l\u00f5hn, t\u00f5rvased suitsunoodid, leegi praksumine ja loomulik soojus teevad iga saunakorra eriliseks ning aitavad l\u00f5\u00f5gastuda s\u00fcgavamalt ja loomulikumalt. See on keris, mis ei paku mitte ainult soojust, vaid ka meeleolu ja rituaali \u2013 naudingut, mis on saunatraditsioonides p\u00fcsinud p\u00f5lvkondi.<\/p>\n<p data-start=\"2062\" data-end=\"2417\">Hoolimata oma v\u00f5imsusest ja suurusest on HIVE Woodi kasutamine mugav ja intuitiivne. Suur koldesuu tagab, et puid on lihtne lisada ning p\u00f5lemisprotsessi j\u00e4lgida. Keris sobib h\u00e4sti ka neile, kes soovivad vannivett soojendada \u2013 soovi korral saab paigaldada soojusvaheti, mis kasutab \u00e4ra kivide alt t\u00f5usva kuumuse ning muudab sauna veelgi funktsionaalsemaks.<\/p>\n<p data-start=\"2731\" data-end=\"3135\">HUUM HIVE Wood on loodud pikaajaliseks kasutuseks ja stabiilseks t\u00f6\u00f6ks. K\u00f5ik kerise detailid on valmistatud vastupidavatest materjalidest, mis on m\u00f5eldud taluma kuumust, niiskust ja intensiivset kasutamist. Regulaarne hooldus on lihtne. K\u00f5ik see muudab HIVE Woodi usaldusv\u00e4\u00e4rseks ja madala hooldusvajadusega valikuks.<\/p>\n<p data-start=\"3137\" data-end=\"3595\">HUUM HIVE Wood puukeris on suurep\u00e4rane lahendus saunale, kus v\u00e4\u00e4rtustatakse traditsioonilist saunaelamust, looduslikku soojust ja modernset disaini. See keris pakub v\u00f5imsust, pehmet leilikvaliteeti ja rahulikku atmosf\u00e4\u00e4ri, mis muudab iga saunask\u00e4igu rahustavaks, tervendavaks ja meeldej\u00e4\u00e4vaks. HIVE Wood toob kokku sajandivanused saunatraditsioonid ja HUUMi tipptasemel tehnoloogia, pakkudes erakordselt kvaliteetset saunaelamust, mis kestab aastaid.<\/p>\n<p>Soovitame kerisele paigaldada kaitsepiirde!<\/p>\n<p>\u00d5ige suurusega keris = parem saun! Kasuta meie <a href=\"https:\/\/huum.ee\/kalkulaator\/\" target=\"_blank\" rel=\"noopener\">sauna kalkulaatorit<\/a>, et veenduda, et valid just \u00f5ige v\u00f5imsuse.<\/p>\n<p>&nbsp;<\/p>\n<p><strong>Komplekti kuulub:<\/strong><\/p>\n<ul>\n<li>puuk\u00fcttega keris<\/li>\n<\/ul>\n<p><strong>Keris vajab juurde:<\/strong><\/p>\n<ul>\n<li>\u00fchendust korstnaga<\/li>\n<li>90 kilogrammi 5-10 cm l\u00e4bim\u00f5\u00f5duga <a href=\"https:\/\/factory.sale\/et\/toode\/kerise-kivid\/\" target=\"_blank\" rel=\"noopener\">kerisekive<\/a><\/li>\n<\/ul>\n<p>Meie soovitame kasutada kerises \u00fcmaraid kerisekive. Need tagavad pehmema leili \u2013 vesi liigub s\u00fcgavamale kivikihtidesse ja aurustub aeglaselt, luues m\u00f5nusa ja pika leilikogemuse.<\/p>\n<p><strong>Tehnilised andmed:<\/strong><\/p>\n<ul>\n<li>kaal 47 kg<\/li>\n<li>k\u00f5rgus 75 cm<\/li>\n<li>laius 45 cm<\/li>\n<li>s\u00fcgavus 46 cm<\/li>\n<li>k\u00f6etav ruumala 6-13 m\u00b3<\/li>\n<li>v\u00f5imusus 13 kW<\/li>\n<li>kivide mahutavus 90 kg<\/li>\n<li>k\u00fcttepuude pikkus: 30 cm<\/li>\n<li>suitsul\u00f5\u00f5ri l\u00e4bim\u00f5\u00f5t: 115 mm<\/li>\n<\/ul>\n<p><strong>Ohutuskaugused:<\/strong><\/p>\n<ul>\n<li>A: 190 mm<\/li>\n<li>B: 250 mm<\/li>\n<li>C: 900 mm<\/li>\n<li>D: 425 mm<\/li>\n<li>E: 5 mm<\/li>\n<li>F: 460 mm<\/li>\n<li>G: 240 mm<\/li>\n<li>\u00d8: 450 mm<\/li>\n<\/ul>\n<p><strong>Garantii<\/strong>:<\/p>\n<ul>\n<li>kodukasutus \u2013 3 aastat<\/li>\n<li>\u00e4rikasutus \u2013 1 aasta<\/li>\n<\/ul>\n<p>Kui vajad sellele kerisele varuosi, siis saada meile e-mail. Lisavarustus on leitav <a href=\"https:\/\/factory.sale\/et\/product-category\/sanitaartehnika\/saunatarvikud\/huum-et-2\/\" target=\"_blank\" rel=\"noopener\">SIIT<\/a>.<\/p>\n<p><b>NB! <\/b>Korstnakomplekte saab juurde osta eraldi \u2013 leiad need <a href=\"https:\/\/factory.sale\/et\/product-category\/sanitaartehnika\/saunatarvikud\/korstnakomplektid\/\" target=\"_blank\" rel=\"noopener\">SIIT<\/a><br \/>\n<strong>EAN: 4744103015139<\/strong><\/p>\n<p>&nbsp;<\/p>\n<h2>HUUM HIVE WOOD KIVIDE PAIGUTUS<\/h2>\n<div class=\"video-wrapper \"><iframe loading=\"lazy\" title=\"HUUM HIVE Wood and Heat stone placement\" width=\"500\" height=\"281\" src=\"https:\/\/www.youtube.com\/embed\/6TlsxBdrBZw?feature=oembed\" frameborder=\"0\" allow=\"accelerometer; autoplay; clipboard-write; encrypted-media; gyroscope; picture-in-picture; web-share\" referrerpolicy=\"strict-origin-when-cross-origin\" allowfullscreen><\/iframe><\/div>\n<h2>HUUM SAUN<\/h2>\n<div class=\"video-wrapper \"><iframe loading=\"lazy\" title=\"HUUM Sauna\" width=\"500\" height=\"281\" src=\"https:\/\/www.youtube.com\/embed\/iwtstDYE1Do?feature=oembed\" frameborder=\"0\" allow=\"accelerometer; autoplay; clipboard-write; encrypted-media; gyroscope; picture-in-picture; web-share\" referrerpolicy=\"strict-origin-when-cross-origin\" allowfullscreen><\/iframe><\/div>\n<h2>MIKS HUUM?<\/h2>\n<div class=\"video-wrapper \"><iframe loading=\"lazy\" title=\"Why HUUM heaters?\" width=\"500\" height=\"281\" src=\"https:\/\/www.youtube.com\/embed\/mstEnCX5Ehs?feature=oembed\" frameborder=\"0\" allow=\"accelerometer; autoplay; clipboard-write; encrypted-media; gyroscope; picture-in-picture; web-share\" referrerpolicy=\"strict-origin-when-cross-origin\" allowfullscreen><\/iframe><\/div>\n","protected":false},"excerpt":{"rendered":"<p>HUUM HIVE Wood on viinud iidsed saunaehitamise tarkused uuele tasemele. Puuk\u00fcttekerise k\u00f5ige tundlikum osa, leegil\u00f5ikaja, on valmistatud 5 mm paksusest roostevabast terasest ja on seet\u00f5ttu erakordselt vastupidav.<\/p>\n<ul>\n<li>roostevaba teras<\/li>\n<li>suur kivide mahutavus<\/li>\n<\/ul>\n","protected":false},"featured_media":133241,"comment_status":"open","ping_status":"closed","template":"","meta":{"_acf_changed":false},"factory":[],"free-shipment":[5018],"product_brand":[4432],"product_cat":[719,784],"product_tag":[723,721,718],"class_list":{"0":"post-4788","1":"product","2":"type-product","3":"status-publish","4":"has-post-thumbnail","6":"free-shipment-tasuta-saatmine","7":"product_brand-huum-et","8":"product_cat-huum","9":"product_cat-sanitaartehnika","10":"product_tag-cliff-et","11":"product_tag-hive-et","12":"product_tag-huum-et","14":"first","15":"instock","16":"sale","17":"taxable","18":"shipping-taxable","19":"purchasable","20":"product-type-simple"},"acf":[],"_links":{"self":[{"href":"https:\/\/factory.sale\/et\/wp-json\/wp\/v2\/product\/4788","targetHints":{"allow":["GET"]}}],"collection":[{"href":"https:\/\/factory.sale\/et\/wp-json\/wp\/v2\/product"}],"about":[{"href":"https:\/\/factory.sale\/et\/wp-json\/wp\/v2\/types\/product"}],"replies":[{"embeddable":true,"href":"https:\/\/factory.sale\/et\/wp-json\/wp\/v2\/comments?post=4788"}],"wp:featuredmedia":[{"embeddable":true,"href":"https:\/\/factory.sale\/et\/wp-json\/wp\/v2\/media\/133241"}],"wp:attachment":[{"href":"https:\/\/factory.sale\/et\/wp-json\/wp\/v2\/media?parent=4788"}],"wp:term":[{"taxonomy":"factory","embeddable":true,"href":"https:\/\/factory.sale\/et\/wp-json\/wp\/v2\/factory?post=4788"},{"taxonomy":"free-shipment","embeddable":true,"href":"https:\/\/factory.sale\/et\/wp-json\/wp\/v2\/free-shipment?post=4788"},{"taxonomy":"product_brand","embeddable":true,"href":"https:\/\/factory.sale\/et\/wp-json\/wp\/v2\/product_brand?post=4788"},{"taxonomy":"product_cat","embeddable":true,"href":"https:\/\/factory.sale\/et\/wp-json\/wp\/v2\/product_cat?post=4788"},{"taxonomy":"product_tag","embeddable":true,"href":"https:\/\/factory.sale\/et\/wp-json\/wp\/v2\/product_tag?post=4788"}],"curies":[{"name":"wp","href":"https:\/\/api.w.org\/{rel}","templated":true}]}}