{"id":4783,"date":"2021-03-30T12:10:39","date_gmt":"2021-03-30T12:10:40","guid":{"rendered":"https:\/\/factory.sale\/?post_type=product&#038;p=4783"},"modified":"2026-03-05T16:43:21","modified_gmt":"2026-03-05T13:43:21","slug":"huum-steel-keris-mini-3-5-kw","status":"publish","type":"product","link":"https:\/\/factory.sale\/et\/toode\/huum-steel-keris-mini-3-5-kw\/","title":{"rendered":"HUUM STEEL Keris Mini 4 KW"},"content":{"rendered":"<h2><span style=\"font-size: 14pt;\">HUUM STEEL MINI &#8211; T\u00f5hus ja ruumis\u00e4\u00e4stlik elektrikeris rahulikuks saunaelamuseks<\/span><\/h2>\n<p>HUUM STEEL Mini elektrikeris on ideaalne valik neile, kes soovivad leida t\u00f5husat kerist v\u00e4ikesesse kodusauna. Kerise sihvakas disain v\u00f5imaldab seda h\u00f5lpsasti seinale kinnitada. V\u00e4ikesed ohutuskaugused muudavad STEEL Mini sobivaks ka k\u00f5ige v\u00e4iksematesse leiliruumidesse. Sisseehitatud \u00f5hutunnel tagab kiire k\u00fctmise ning kerisesse mahub muljetavaldav 60 kg kerisekive, et tagada mahe ja kauakestev leil. Elegantne roostevabast terasest korpus on vastupidav ning lisab stiili igale leiliruumile.<\/p>\n<p data-start=\"219\" data-end=\"656\">HUUM STEEL Mini elektrikeris on ideaalne valik v\u00e4ikestesse leiliruumidesse, kus iga sentimeeter loeb ning leilikvaliteedi arvelt j\u00e4releandmisi teha ei taheta. See keris esindab HUUMi tuntud disainikeelt \u2013 minimalistlik, selgete joontega, stiilne ja tehniliselt nutikas. STEEL Mini \u00fchendab endas ruumis\u00e4\u00e4stlikkuse, efektiivse soojusjaotuse ja k\u00f5rgetasemelise leilikvaliteedi, mis teeb sellest \u00fche parima v\u00e4ikesaunade kerise turul.<\/p>\n<p data-start=\"658\" data-end=\"1116\">Kompaktse 3,5 kW v\u00f5imsusega keris sobib suurep\u00e4raselt leiliruumidesse suurusega 3\u20135 m\u00b3. T\u00e4nu oma kitsale ja vertikaalsele disainile mahub STEEL Mini kohtadesse, kuhu tavap\u00e4rased kerised lihtsalt ei mahu \u2013 n\u00e4iteks v\u00e4ikestesse kodusaunadesse, korterisaunadesse v\u00f5i renoveeritud p\u00f6\u00f6ningusaunadesse, kus ruum on piiratud. Sellest hoolimata suudab keris pakkuda \u00fcllatavalt v\u00f5imsat ja stabiilset soojendust, mis loob m\u00f5nusa ja \u00fchtlase temperatuuriga saunakogemuse.<\/p>\n<p data-start=\"1118\" data-end=\"1602\">Kerise konstruktsioon on loodud maksimaalse kivimahu saavutamiseks. Kuigi keris n\u00e4ib v\u00e4ike, mahub sellesse siiski muljetavaldavas koguses kive, mis tagavad leili pehmuse ja niiskuse. T\u00e4nu kivide efektiivsele kuumenemisele aurustub vesi sujuvalt ja \u00fchtlaselt, v\u00e4ltides kuiva v\u00f5i k\u00f5rvetavat leili ning tagades meeldivalt pehme ja traditsioonilise saunatunde.<\/p>\n<p data-start=\"1604\" data-end=\"2003\">Disaini poolest sobitub STEEL Mini ideaalselt modernsesse interj\u00f6\u00f6ri. Minimalistlik vorm lisab leiliruumile \u00f5hulisust ja korrastatust. STEEL Mini v\u00f5ib paigaldada nii p\u00f5randale kui ka seinale, muutes selle \u00e4\u00e4rmiselt paindlikuks lahenduseks erinevates ruumides.<\/p>\n<p data-start=\"2005\" data-end=\"2487\">Keris \u00fchildub HUUM UKU juhtimiss\u00fcsteemidega, mis v\u00f5imaldavad sauna juhtida kaasaegselt ja mugavalt. Nutitelefoni kaudu saab kerise sisse l\u00fclitada, seadistada temperatuuri, ajastada soojendust ning j\u00e4lgida sauna t\u00f6\u00f6ts\u00fcklit. See on eriti mugav neile, kes soovivad sooja sauna juba enne koju j\u00f5udmist v\u00f5i lihtsalt eelistavad kodu nutikat automatiseerimist. UKU s\u00fcsteemid on tuntud oma t\u00f6\u00f6kindluse ja turvalisuse poolest, mis tagab, et sauna kasutamine on alati mugav ja probleemivaba.<\/p>\n<p data-start=\"2489\" data-end=\"2905\">HUUM STEEL Mini kerise \u00fcks olulisi eeliseid on selle energiat\u00f5husus. Keris soojendab eelk\u00f5ige kive, mitte \u00f5hku nende \u00fcmber, mis aitab saavutada temperatuuri kiiremini ja stabiilsemalt. See t\u00e4hendab, et energiakulu j\u00e4\u00e4b madalamaks, samas kui leilikvaliteet on k\u00f5rge ja pikaajaliselt p\u00fcsiv. See on m\u00e4rkimisv\u00e4\u00e4rne eelis just v\u00e4ikestes kodudes, kus soojusvahetus on intensiivsem ja energiatarve v\u00f5ib tugevalt varieeruda.<\/p>\n<p data-start=\"3512\" data-end=\"3939\">HUUM STEEL Mini elektrikeris on ideaalne lahendus neile, kellel on v\u00e4ike leiliruum, kuid suured ootused leilikvaliteedi ja disaini osas. See keris pakub k\u00f5ike, mida kaasaegne saunaomanik vajab: v\u00f5imsa soojenduse, pehme traditsioonilise leili, ilusat esteetikat ja nutikaid juhtimisv\u00f5imalusi. STEEL Mini muudab ka k\u00f5ige v\u00e4iksema sauna t\u00f5eliseks l\u00f5\u00f5gastuspaigaks, kus kvaliteet ja mugavus k\u00e4ivad alati k\u00e4sik\u00e4es.<\/p>\n<p>Soovitame kerisele paigaldada kaitsepiirde \u2013 kas HUUMi kaitsepiirde v\u00f5i eritellimusena valmistatud kaitsepiirde, et tagada saunas suurem ohutus ja mugavus.<\/p>\n<p>\u00d5ige suurusega keris = parem saun! Kasuta meie <a href=\"https:\/\/huum.ee\/kalkulaator\/\" target=\"_blank\" rel=\"noopener\">sauna kalkulaatorit<\/a>, et veenduda, et valid just \u00f5ige v\u00f5imsuse.<\/p>\n<p>&nbsp;<\/p>\n<p><strong>Komplekt sisaldab:<\/strong><\/p>\n<ul>\n<li>elektrikerist<\/li>\n<li>reguleeritavaid jalgasid<\/li>\n<\/ul>\n<p><strong>Keris vajab juurde:<\/strong><\/p>\n<ul>\n<li><a href=\"https:\/\/factory.sale\/et\/product-category\/sanitaartehnika\/juhtpuldid\/huum-et\/\" target=\"_blank\" rel=\"noopener\">juhtpulti<\/a><\/li>\n<li>kuumakindlat toitekaablit<\/li>\n<li>60 kilogrammi 3-5 cm l\u00e4bim\u00f5\u00f5duga <a href=\"https:\/\/factory.sale\/et\/toode\/kerise-kivid\/\" target=\"_blank\" rel=\"noopener\">kerisekive<\/a><\/li>\n<\/ul>\n<p>Meie soovitame kasutada kerises \u00fcmaraid kerisekive. Need tagavad pehmema leili \u2013 vesi liigub s\u00fcgavamale kivikihtidesse ja aurustub aeglaselt, luues m\u00f5nusa ja pika leilikogemuse.<\/p>\n<p><strong>Tehnilised andmed:<\/strong><\/p>\n<ul>\n<li>kaal 14,5 kg<\/li>\n<li>k\u00f5rgus 97,5 cm<\/li>\n<li>laius 31 cm<\/li>\n<li>s\u00fcgavus 16 cm<\/li>\n<li>k\u00f6etav ruumala 3-5 m\u00b3<\/li>\n<li>v\u00f5imusus 3,5 kW<\/li>\n<li>kivide mahutavus 60 kg<\/li>\n<\/ul>\n<p><strong>Elektrikerise ohutuskaugused:<\/strong><\/p>\n<ul>\n<li>A 50 mm<\/li>\n<li>B 420 mm<\/li>\n<li>C 310 mm<\/li>\n<li>D 160 mm<\/li>\n<li>H 975 mm<\/li>\n<\/ul>\n<p><strong>Garantii<\/strong>:<\/p>\n<ul>\n<li>kodukasutus \u2013 3 aastat<\/li>\n<li>\u00e4rikasutus \u2013 1 aasta<\/li>\n<\/ul>\n<p>Kui vajad sellele kerisele varuosi, siis saada meile e-mail. Lisavarustus on leitav <a href=\"https:\/\/factory.sale\/et\/product-category\/sanitaartehnika\/saunatarvikud\/huum-et-2\/\" target=\"_blank\" rel=\"noopener\">SIIT<\/a>.<\/p>\n<p><strong>EAN: 4744103010233<\/strong><\/p>\n<p><a href=\"https:\/\/factory.sale\/wp-content\/uploads\/2022\/08\/h1006l02_v1_steel_user_manual_eu_2022_07_11.pdf\" target=\"_blank\" rel=\"noopener\">Paigaldus-ja kasutusjuhend<\/a><\/p>\n<p>&nbsp;<\/p>\n<h2>HUUM STEEL MINI KIVIDE PAIGUTUS<\/h2>\n<div class=\"video-wrapper \"><iframe loading=\"lazy\" title=\"HUUM STEEL and STEEL mini stone placement\" width=\"500\" height=\"281\" src=\"https:\/\/www.youtube.com\/embed\/g5r_FBV34KI?feature=oembed\" frameborder=\"0\" allow=\"accelerometer; autoplay; clipboard-write; encrypted-media; gyroscope; picture-in-picture; web-share\" referrerpolicy=\"strict-origin-when-cross-origin\" allowfullscreen><\/iframe><\/div>\n<h2>HUUM STEEL MINI PAIGALDUS<\/h2>\n<div class=\"video-wrapper \"><iframe loading=\"lazy\" title=\"HUUM STEEL Mini installation for EU\" width=\"500\" height=\"281\" src=\"https:\/\/www.youtube.com\/embed\/LZPfJbd_p5g?feature=oembed\" frameborder=\"0\" allow=\"accelerometer; autoplay; clipboard-write; encrypted-media; gyroscope; picture-in-picture; web-share\" referrerpolicy=\"strict-origin-when-cross-origin\" allowfullscreen><\/iframe><\/div>\n<h2>HUUM SAUN<\/h2>\n<div class=\"video-wrapper \"><iframe loading=\"lazy\" title=\"Sauna inspiration \u2502 HUUM HIVE Wood \u2502 wood-burning stove\" width=\"500\" height=\"281\" src=\"https:\/\/www.youtube.com\/embed\/s5SwqfqFP9Y?feature=oembed\" frameborder=\"0\" allow=\"accelerometer; autoplay; clipboard-write; encrypted-media; gyroscope; picture-in-picture; web-share\" referrerpolicy=\"strict-origin-when-cross-origin\" allowfullscreen><\/iframe><\/div>\n<p><strong><span style=\"font-size: 18pt;\">MIKS HUUM?<\/span><\/strong><\/p>\n<div class=\"video-wrapper \"><iframe loading=\"lazy\" title=\"Why HUUM heaters?\" width=\"500\" height=\"281\" src=\"https:\/\/www.youtube.com\/embed\/mstEnCX5Ehs?feature=oembed\" frameborder=\"0\" allow=\"accelerometer; autoplay; clipboard-write; encrypted-media; gyroscope; picture-in-picture; web-share\" referrerpolicy=\"strict-origin-when-cross-origin\" allowfullscreen><\/iframe><\/div>\n","protected":false},"excerpt":{"rendered":"<p>Esitleme HUUM Steel Mini 4kW &#8211; t\u00e4iuslik saunakeris kompaktsetesse ruumidesse!<\/p>\n<ul>\n<li>v\u00e4ikesed ohutuskaugused<\/li>\n<li>keskel olev sisemine \u00f5hukanal kiirendab soojenemist 25%<\/li>\n<li>suur kivimaht<\/li>\n<li>roostevaba teras<\/li>\n<\/ul>\n","protected":false},"featured_media":99959,"comment_status":"open","ping_status":"closed","template":"","meta":{"_acf_changed":false},"factory":[],"free-shipment":[5018],"product_brand":[4432],"product_cat":[719,306,784],"product_tag":[723,721,718],"class_list":{"0":"post-4783","1":"product","2":"type-product","3":"status-publish","4":"has-post-thumbnail","6":"free-shipment-tasuta-saatmine","7":"product_brand-huum-et","8":"product_cat-huum","9":"product_cat-saunakerised","10":"product_cat-sanitaartehnika","11":"product_tag-cliff-et","12":"product_tag-hive-et","13":"product_tag-huum-et","15":"first","16":"instock","17":"sale","18":"taxable","19":"shipping-taxable","20":"purchasable","21":"product-type-simple"},"acf":[],"_links":{"self":[{"href":"https:\/\/factory.sale\/et\/wp-json\/wp\/v2\/product\/4783","targetHints":{"allow":["GET"]}}],"collection":[{"href":"https:\/\/factory.sale\/et\/wp-json\/wp\/v2\/product"}],"about":[{"href":"https:\/\/factory.sale\/et\/wp-json\/wp\/v2\/types\/product"}],"replies":[{"embeddable":true,"href":"https:\/\/factory.sale\/et\/wp-json\/wp\/v2\/comments?post=4783"}],"wp:featuredmedia":[{"embeddable":true,"href":"https:\/\/factory.sale\/et\/wp-json\/wp\/v2\/media\/99959"}],"wp:attachment":[{"href":"https:\/\/factory.sale\/et\/wp-json\/wp\/v2\/media?parent=4783"}],"wp:term":[{"taxonomy":"factory","embeddable":true,"href":"https:\/\/factory.sale\/et\/wp-json\/wp\/v2\/factory?post=4783"},{"taxonomy":"free-shipment","embeddable":true,"href":"https:\/\/factory.sale\/et\/wp-json\/wp\/v2\/free-shipment?post=4783"},{"taxonomy":"product_brand","embeddable":true,"href":"https:\/\/factory.sale\/et\/wp-json\/wp\/v2\/product_brand?post=4783"},{"taxonomy":"product_cat","embeddable":true,"href":"https:\/\/factory.sale\/et\/wp-json\/wp\/v2\/product_cat?post=4783"},{"taxonomy":"product_tag","embeddable":true,"href":"https:\/\/factory.sale\/et\/wp-json\/wp\/v2\/product_tag?post=4783"}],"curies":[{"name":"wp","href":"https:\/\/api.w.org\/{rel}","templated":true}]}}