{"id":4760,"date":"2025-09-23T11:53:56","date_gmt":"2021-03-23T11:53:56","guid":{"rendered":"https:\/\/factory.sale\/product\/huum-drop-heater\/"},"modified":"2026-04-09T12:02:39","modified_gmt":"2026-04-09T09:02:39","slug":"elektrikeris-huum-drop-45-kw","status":"publish","type":"product","link":"https:\/\/factory.sale\/et\/toode\/elektrikeris-huum-drop-45-kw\/","title":{"rendered":"Elektrikeris HUUM DROP 4 + TASUTA kerisekivid!"},"content":{"rendered":"<div>\n<h2><span style=\"font-size: 14pt;\">HUUM DROP 4 \u2013 Elegantne, vastupidav ja silmapaistev elektrikeris igasse saunaruumi<\/span><\/h2>\n<p>HUUM DROP elektrikeris on inspireeritud looduse puhtaimast elemendist, veepiisast. Maineka Red Dot 2015 disainiauhinnaga p\u00e4rjatud kerise teevad eriliseks kaarjad vormid, mis pehmendavad sauna interj\u00f6\u00f6ri ja lisavad leiliruumile elegantsi. Peale hea v\u00e4ljan\u00e4gemise on DROP kerisel teisigi silmapaistvaid omadusi. Kompaktne seinale paigaldatav keris mahutab kuni 55 kg kive, \u00fcletades sellega enamikku puuk\u00fcttekeriseid ning tagab maheda ja kauakestva leili. Roostevabast terasest detailid kindlustavad kerisele vastupidavuse ja pika eluea. DROP on stiilne ja v\u00f5imekas elektrikeris, mis pakub nauditavat saunakogemust ning on stiilne pilgup\u00fc\u00fcdja igas leiliruumis.<\/p>\n<p>Soovitame kerisele paigaldada kaitsepiirde \u2013 kas HUUMi kaitsepiirde v\u00f5i eritellimusena valmistatud kaitsepiirde, et tagada saunas suurem ohutus ja mugavus.<\/p>\n<\/div>\n<div>\n<p>\u00d5ige suurusega keris = parem saun! Kasuta meie <a href=\"https:\/\/huum.ee\/kalkulaator\/\" target=\"_blank\" rel=\"noopener\">sauna kalkulaatorit<\/a>, et veenduda, et valid just \u00f5ige v\u00f5imsuse.<\/p>\n<p>&nbsp;<\/p>\n<\/div>\n<div>\n<p><strong>Komplekt sisaldab:<\/strong><\/p>\n<ul>\n<li>elektrikerist<\/li>\n<li>seinakinnitust<\/li>\n<\/ul>\n<p><strong>Keris vajab juurde:<\/strong><\/p>\n<ul>\n<li><a href=\"https:\/\/factory.sale\/et\/product-category\/sanitaartehnika\/juhtpuldid\/huum-et\/\" target=\"_blank\" rel=\"noopener\">juhtpulti<\/a><\/li>\n<li>kuumakindlat toitekaablit<\/li>\n<li>55 kilogrammi 5-10 cm l\u00e4bim\u00f5\u00f5duga <a href=\"https:\/\/factory.sale\/et\/toode\/kerise-kivid\/\" target=\"_blank\" rel=\"noopener\">kerisekive<\/a><\/li>\n<\/ul>\n<p>Meie soovitame kasutada kerises \u00fcmaraid kerisekive. Need tagavad pehmema leili \u2013 vesi liigub s\u00fcgavamale kivikihtidesse ja aurustub aeglaselt, luues m\u00f5nusa ja pika leilikogemuse.<\/p>\n<p><strong>Tehnilised andmed:<\/strong><\/p>\n<\/div>\n<ul>\n<li>kaal 11 kg<\/li>\n<li>k\u00f5rgus 59 cm<\/li>\n<li>laius 39 cm<\/li>\n<li>s\u00fcgavus 33,5 cm<\/li>\n<li>k\u00f6etav ruumala 3-7 m\u00b3<\/li>\n<li>v\u00f5imusus 4,5 kW<\/li>\n<li>kivide mahutavus 55 kg<\/li>\n<\/ul>\n<p><strong>Elektrikerise ohutuskaugused:<\/strong><\/p>\n<ul>\n<li>A 100 mm<\/li>\n<li>B 590 mm<\/li>\n<li>C 435 mm<\/li>\n<li>D 170 mm<\/li>\n<li>E min. 310 mm<\/li>\n<\/ul>\n<div>\n<p><strong>Garantii<\/strong>:<\/p>\n<ul>\n<li>kodukasutus \u2013 3 aastat<\/li>\n<li>\u00e4rikasutus \u2013 1 aasta<\/li>\n<\/ul>\n<p>Kui vajad sellele kerisele varuosi, siis saada meile e-mail. Lisavarustus on leitav <a href=\"https:\/\/factory.sale\/et\/product-category\/sanitaartehnika\/saunatarvikud\/huum-et-2\/\" target=\"_blank\" rel=\"noopener\">SIIT<\/a>.<\/p>\n<p><strong>EAN: 4744103010622<\/strong><\/p>\n<p>&nbsp;<\/p>\n<\/div>\n<div>\n<h2><span style=\"font-size: 18pt;\">HUUM DROP KIVIDE PAIGUTAMINE<\/span><\/h2>\n<div class=\"video-wrapper \"><iframe loading=\"lazy\" title=\"HUUM DROP stone placement\" width=\"500\" height=\"281\" src=\"https:\/\/www.youtube.com\/embed\/JfjHE9vosF8?feature=oembed\" frameborder=\"0\" allow=\"accelerometer; autoplay; clipboard-write; encrypted-media; gyroscope; picture-in-picture; web-share\" referrerpolicy=\"strict-origin-when-cross-origin\" allowfullscreen><\/iframe><\/div>\n<h2><span style=\"font-size: 18pt;\">HUUM DROP PAIGALDAMINE<\/span><\/h2>\n<div class=\"video-wrapper \"><iframe loading=\"lazy\" title=\"DROP installation\" width=\"500\" height=\"281\" src=\"https:\/\/www.youtube.com\/embed\/XOvYxiIffyA?feature=oembed\" frameborder=\"0\" allow=\"accelerometer; autoplay; clipboard-write; encrypted-media; gyroscope; picture-in-picture; web-share\" referrerpolicy=\"strict-origin-when-cross-origin\" allowfullscreen><\/iframe><\/div>\n<h2><span style=\"font-size: 18pt;\">MIKS HUUM?<\/span><\/h2>\n<div class=\"video-wrapper \"><iframe loading=\"lazy\" title=\"Why HUUM heaters?\" width=\"500\" height=\"281\" src=\"https:\/\/www.youtube.com\/embed\/mstEnCX5Ehs?feature=oembed\" frameborder=\"0\" allow=\"accelerometer; autoplay; clipboard-write; encrypted-media; gyroscope; picture-in-picture; web-share\" referrerpolicy=\"strict-origin-when-cross-origin\" allowfullscreen><\/iframe><\/div>\n<\/div>\n","protected":false},"excerpt":{"rendered":"<p>Elektrikeris HUUM DROP 4 on inspireeritud veetilga kujust. Elektrikerise orgaaniline ja minimalistlik disain muudab teie sauna leiliruumi elegantseks ja kaasaegseks ja p\u00fc\u00fcab k\u00f5ikide saunaliste pilke ja kiidus\u00f5nu.<\/p>\n<ul>\n<li>kaugjuhitav mobiilirakendusest<\/li>\n<li>mahe ja kauakestev leil<\/li>\n<li>unikaalne disain<\/li>\n<\/ul>\n","protected":false},"featured_media":99991,"comment_status":"open","ping_status":"closed","template":"","meta":{"_acf_changed":false},"factory":[],"free-shipment":[5018],"product_brand":[4432],"product_cat":[719,784],"product_tag":[4824,2179,718,811],"class_list":{"0":"post-4760","1":"product","2":"type-product","3":"status-publish","4":"has-post-thumbnail","6":"free-shipment-tasuta-saatmine","7":"product_brand-huum-et","8":"product_cat-huum","9":"product_cat-sanitaartehnika","10":"product_tag-4-5-kw","11":"product_tag-electric-heater-et","12":"product_tag-huum-et","13":"product_tag-sauna-et","15":"first","16":"instock","17":"sale","18":"taxable","19":"shipping-taxable","20":"purchasable","21":"product-type-simple"},"acf":[],"_links":{"self":[{"href":"https:\/\/factory.sale\/et\/wp-json\/wp\/v2\/product\/4760","targetHints":{"allow":["GET"]}}],"collection":[{"href":"https:\/\/factory.sale\/et\/wp-json\/wp\/v2\/product"}],"about":[{"href":"https:\/\/factory.sale\/et\/wp-json\/wp\/v2\/types\/product"}],"replies":[{"embeddable":true,"href":"https:\/\/factory.sale\/et\/wp-json\/wp\/v2\/comments?post=4760"}],"wp:featuredmedia":[{"embeddable":true,"href":"https:\/\/factory.sale\/et\/wp-json\/wp\/v2\/media\/99991"}],"wp:attachment":[{"href":"https:\/\/factory.sale\/et\/wp-json\/wp\/v2\/media?parent=4760"}],"wp:term":[{"taxonomy":"factory","embeddable":true,"href":"https:\/\/factory.sale\/et\/wp-json\/wp\/v2\/factory?post=4760"},{"taxonomy":"free-shipment","embeddable":true,"href":"https:\/\/factory.sale\/et\/wp-json\/wp\/v2\/free-shipment?post=4760"},{"taxonomy":"product_brand","embeddable":true,"href":"https:\/\/factory.sale\/et\/wp-json\/wp\/v2\/product_brand?post=4760"},{"taxonomy":"product_cat","embeddable":true,"href":"https:\/\/factory.sale\/et\/wp-json\/wp\/v2\/product_cat?post=4760"},{"taxonomy":"product_tag","embeddable":true,"href":"https:\/\/factory.sale\/et\/wp-json\/wp\/v2\/product_tag?post=4760"}],"curies":[{"name":"wp","href":"https:\/\/api.w.org\/{rel}","templated":true}]}}