{"id":47156,"date":"2023-11-15T12:24:47","date_gmt":"2023-11-15T12:27:47","guid":{"rendered":"https:\/\/factory.sale\/?post_type=product&#038;p=47156"},"modified":"2024-09-18T13:18:38","modified_gmt":"2024-09-18T10:18:38","slug":"leapton-660w-lp210210-m-66-mh-bifacial-alu-raam","status":"publish","type":"product","link":"https:\/\/factory.sale\/et\/toode\/leapton-660w-lp210210-m-66-mh-bifacial-alu-raam\/","title":{"rendered":"Leapton 660W LP210*210-M-66-MH Bifacial Alu raam"},"content":{"rendered":"<p>Leapton, \u00fclemaailmne k\u00f5rgeima kvaliteediga fotogalvaaniliste paneelide tootja. Ettev\u00f5te keskendub kvaliteetsete tootes\u00fcsteemide projekteerimisele ja integreerimisele ning tegeleb keskmise ja k\u00f5rgekvaliteediliste PV elektritootmiss\u00fcsteemide arendamisega ja edendamisega.<\/p>\n<p>&nbsp;<\/p>\n<h3>Maksimaalne reiting<\/h3>\n<p>S\u00fcsteemi maksimaalne pinge: 1500 V<\/p>\n<h3><\/h3>\n<h3>Soojushinnang<\/h3>\n<p>Temperatuurikoefitsient Pmax: -0,36 %\/\u00b0C<\/p>\n<p>Temperatuuri koefitsient Voc: -0,28 %\/\u00b0C<\/p>\n<p>Temperatuuri koefitsient Isc: 0,05 %\/\u00b0C<\/p>\n<p>&nbsp;<\/p>\n<h3>Elektriandmed NOCT-s<\/h3>\n<p>Temperatuur:\u00a041\u00b13 \u00b0C<\/p>\n<p>Kambri nominaalne t\u00f6\u00f6temperatuur (NOCT): 800 W\/M2, AM 1,5&lt;\u00a0tuulekiirus 1m\/S, \u00fcmbritseva \u00f5hu temperatuur 20&#8217;C<\/p>\n<p>&nbsp;<\/p>\n<h3>Materjali andmed<\/h3>\n<p>Paneeli m\u00f5\u00f5tmed (K\/L\/P): 2384 x 1303 x 35 mm<\/p>\n<p>Kaal: 34 kg<\/p>\n<p>Lahtri t\u00fc\u00fcp: monokristalliline<\/p>\n<p>Lahtri number: 132<\/p>\n<p>Raami t\u00fc\u00fcp:\u00a0alumiiniumisulam<\/p>\n<p>Jaotuskarbi kaitseklass: IP 68<\/p>\n<p>Pistiku t\u00fc\u00fcp:\u00a0MC4<\/p>\n<p>Kaabli ristl\u00f5ige: 4 mm2<\/p>\n<p>&nbsp;<\/p>\n<p>&nbsp;<\/p>\n<p><em>NB! Tk hind on arvestatud minimaalse tellimusega konteineri kohta!<\/em><br \/>\n<em>K\u00fcsi pakkumist kaubaalusele.<\/em><\/p>\n<p>&nbsp;<\/p>\n<p><a href=\"https:\/\/factory.sale\/wp-content\/uploads\/2023\/11\/650.660W.pdf\" target=\"_blank\" rel=\"noopener\">Leapton tootekaart<\/a><\/p>\n","protected":false},"excerpt":{"rendered":"<h3>Jaapani fotogalvaaniliste paneelide tootja<\/h3>\n<p>Leapton, \u00fclemaailmne k\u00f5rgeima kvaliteediga fotogalvaaniliste paneelide tootja. Ettev\u00f5te keskendub kvaliteetsete tootes\u00fcsteemide projekteerimisele ja integreerimisele ning tegeleb keskmise ja k\u00f5rgekvaliteediliste PV elektritootmiss\u00fcsteemide arendamisega ja edendamisega.<\/p>\n<p>&nbsp;<\/p>\n<p>&nbsp;<\/p>\n","protected":false},"featured_media":47041,"comment_status":"open","ping_status":"closed","template":"","meta":{"_acf_changed":false},"factory":[],"free-shipment":[],"product_brand":[],"product_cat":[2652,965],"product_tag":[3002],"class_list":{"0":"post-47156","1":"product","2":"type-product","3":"status-publish","4":"has-post-thumbnail","6":"product_cat-leapton-solar-et","7":"product_cat-taastuv-energia","8":"product_tag-renewable-energy-et","10":"first","11":"instock","12":"sale","13":"taxable","14":"shipping-taxable","15":"purchasable","16":"product-type-simple"},"acf":[],"_links":{"self":[{"href":"https:\/\/factory.sale\/et\/wp-json\/wp\/v2\/product\/47156","targetHints":{"allow":["GET"]}}],"collection":[{"href":"https:\/\/factory.sale\/et\/wp-json\/wp\/v2\/product"}],"about":[{"href":"https:\/\/factory.sale\/et\/wp-json\/wp\/v2\/types\/product"}],"replies":[{"embeddable":true,"href":"https:\/\/factory.sale\/et\/wp-json\/wp\/v2\/comments?post=47156"}],"wp:featuredmedia":[{"embeddable":true,"href":"https:\/\/factory.sale\/et\/wp-json\/wp\/v2\/media\/47041"}],"wp:attachment":[{"href":"https:\/\/factory.sale\/et\/wp-json\/wp\/v2\/media?parent=47156"}],"wp:term":[{"taxonomy":"factory","embeddable":true,"href":"https:\/\/factory.sale\/et\/wp-json\/wp\/v2\/factory?post=47156"},{"taxonomy":"free-shipment","embeddable":true,"href":"https:\/\/factory.sale\/et\/wp-json\/wp\/v2\/free-shipment?post=47156"},{"taxonomy":"product_brand","embeddable":true,"href":"https:\/\/factory.sale\/et\/wp-json\/wp\/v2\/product_brand?post=47156"},{"taxonomy":"product_cat","embeddable":true,"href":"https:\/\/factory.sale\/et\/wp-json\/wp\/v2\/product_cat?post=47156"},{"taxonomy":"product_tag","embeddable":true,"href":"https:\/\/factory.sale\/et\/wp-json\/wp\/v2\/product_tag?post=47156"}],"curies":[{"name":"wp","href":"https:\/\/api.w.org\/{rel}","templated":true}]}}