{"id":47141,"date":"2023-11-15T11:42:44","date_gmt":"2023-11-15T11:44:48","guid":{"rendered":"https:\/\/factory.sale\/?post_type=product&#038;p=47141"},"modified":"2024-06-26T08:32:44","modified_gmt":"2024-06-26T08:32:44","slug":"leapton-650w-lp210210-m-66-mh-alu-raam","status":"publish","type":"product","link":"https:\/\/factory.sale\/et\/toode\/leapton-650w-lp210210-m-66-mh-alu-raam\/","title":{"rendered":"Leapton 650W LP210*210-M-66-MH Alu raam"},"content":{"rendered":"<p>Leapton, \u00fclemaailmne k\u00f5rgeima kvaliteediga fotogalvaaniliste paneelide tootja. Ettev\u00f5te keskendub kvaliteetsete tootes\u00fcsteemide projekteerimisele ja integreerimisele ning tegeleb keskmise ja k\u00f5rgekvaliteediliste PV elektritootmiss\u00fcsteemide arendamisega ja edendamisega.<\/p>\n<p>&nbsp;<\/p>\n<h3>Maksimaalne reiting<\/h3>\n<p>S\u00fcsteemi maksimaalne pinge: 1500 V<\/p>\n<p>&nbsp;<\/p>\n<h3>Soojushinnang<\/h3>\n<p>Temperatuurikoefitsient Pmax: -0,36 %\/\u00b0C<\/p>\n<p>Temperatuuri koefitsient Voc: -0,28 %\/\u00b0C<\/p>\n<p>Temperatuuri koefitsient Isc: 0,05 %\/\u00b0C<\/p>\n<p>&nbsp;<\/p>\n<h3>Elektriandmed NOCT-s<\/h3>\n<p>Temperatuur: 41\u00b13 \u00b0C<\/p>\n<p><em>Kambri nominaalne t\u00f6\u00f6temperatuur (NOCT): 800 W\/M2, AM 1,5&lt;\u00a0tuulekiirus 1m\/S, \u00fcmbritseva \u00f5hu temperatuur 20&#8217;C<\/em><\/p>\n<p>&nbsp;<\/p>\n<h3>Materjali andmed<\/h3>\n<p>Paneeli m\u00f5\u00f5tmed (K\/L\/P): 1384 x 1303 x 35 mm<\/p>\n<p>Kaal: 34 kg<\/p>\n<p>Rakut\u00fc\u00fcp: Bifacial<\/p>\n<p>Lahtri number: 132<\/p>\n<p>Raami t\u00fc\u00fcp: alumiiniumsulam<\/p>\n<p>Jaotuskarbi kaitseklass: IP 68<\/p>\n<p>Pistiku t\u00fc\u00fcp: MC4<\/p>\n<p>Kaabli ristl\u00f5ige: 4 Mm2<\/p>\n<p>&nbsp;<\/p>\n<p>&nbsp;<\/p>\n<p>&nbsp;<\/p>\n<p>&nbsp;<\/p>\n<p><a href=\"https:\/\/factory.sale\/wp-content\/uploads\/2023\/11\/650.660W.pdf\" target=\"_blank\" rel=\"noopener\"><span style=\"font-family: arial, sans-serif;\">Leapton tootekaart<\/span><\/a><\/p>\n","protected":false},"excerpt":{"rendered":"<h3>Jaapani \u00a0fotogalvaaniliste paneelide tootja<\/h3>\n<p>Leapton, \u00fclemaailmne k\u00f5rgeima kvaliteediga fotogalvaaniliste paneelide tootja. Ettev\u00f5te keskendub kvaliteetsete tootes\u00fcsteemide projekteerimisele ja integreerimisele ning tegeleb keskmise ja k\u00f5rgekvaliteediliste PV elektritootmiss\u00fcsteemide arendamisega ja edendamisega.<\/p>\n<p>&nbsp;<\/p>\n<p><em><strong>Tellimus alates \u20ac1000 transport mandri Eestis hinnas.<\/strong><\/em><\/p>\n","protected":false},"featured_media":47041,"comment_status":"open","ping_status":"closed","template":"","meta":{"_acf_changed":false},"factory":[],"free-shipment":[],"product_brand":[],"product_cat":[2652,965],"product_tag":[3002],"class_list":{"0":"post-47141","1":"product","2":"type-product","3":"status-publish","4":"has-post-thumbnail","6":"product_cat-leapton-solar-et","7":"product_cat-taastuv-energia","8":"product_tag-renewable-energy-et","10":"first","11":"instock","12":"sale","13":"taxable","14":"shipping-taxable","15":"purchasable","16":"product-type-simple"},"acf":[],"_links":{"self":[{"href":"https:\/\/factory.sale\/et\/wp-json\/wp\/v2\/product\/47141","targetHints":{"allow":["GET"]}}],"collection":[{"href":"https:\/\/factory.sale\/et\/wp-json\/wp\/v2\/product"}],"about":[{"href":"https:\/\/factory.sale\/et\/wp-json\/wp\/v2\/types\/product"}],"replies":[{"embeddable":true,"href":"https:\/\/factory.sale\/et\/wp-json\/wp\/v2\/comments?post=47141"}],"wp:featuredmedia":[{"embeddable":true,"href":"https:\/\/factory.sale\/et\/wp-json\/wp\/v2\/media\/47041"}],"wp:attachment":[{"href":"https:\/\/factory.sale\/et\/wp-json\/wp\/v2\/media?parent=47141"}],"wp:term":[{"taxonomy":"factory","embeddable":true,"href":"https:\/\/factory.sale\/et\/wp-json\/wp\/v2\/factory?post=47141"},{"taxonomy":"free-shipment","embeddable":true,"href":"https:\/\/factory.sale\/et\/wp-json\/wp\/v2\/free-shipment?post=47141"},{"taxonomy":"product_brand","embeddable":true,"href":"https:\/\/factory.sale\/et\/wp-json\/wp\/v2\/product_brand?post=47141"},{"taxonomy":"product_cat","embeddable":true,"href":"https:\/\/factory.sale\/et\/wp-json\/wp\/v2\/product_cat?post=47141"},{"taxonomy":"product_tag","embeddable":true,"href":"https:\/\/factory.sale\/et\/wp-json\/wp\/v2\/product_tag?post=47141"}],"curies":[{"name":"wp","href":"https:\/\/api.w.org\/{rel}","templated":true}]}}