{"id":47125,"date":"2023-11-14T22:50:06","date_gmt":"2023-11-15T11:29:30","guid":{"rendered":"https:\/\/factory.sale\/?post_type=product&#038;p=47125"},"modified":"2024-06-26T14:42:19","modified_gmt":"2024-06-26T14:42:19","slug":"leapton-lp182182-m-60-mh-480w-must-raam","status":"publish","type":"product","link":"https:\/\/factory.sale\/et\/toode\/leapton-lp182182-m-60-mh-480w-must-raam\/","title":{"rendered":"Leapton  LP182*182-M-60-MH 480W must raam"},"content":{"rendered":"<p>Leapton on \u00fclemaailmne k\u00f5rgeima kvaliteediga fotogalvaaniliste paneelide tootja. Ettev\u00f5te keskendub kvaliteetsete tootes\u00fcsteemide projekteerimisele ja integreerimisele ning tegeleb keskmise ja k\u00f5rgekvaliteediliste PV elektritootmiss\u00fcsteemide arendamisega ja edendamisega.<\/p>\n<p>&nbsp;<\/p>\n<p><strong>Tehnilised andmed:<\/strong><\/p>\n<p>Tootja: Leapton<br \/>\nT\u00fc\u00fcp: LP182*182-M-60-MH &#8211; 480W<br \/>\nKategooria: Mono<br \/>\nT\u00fc\u00fcp: uued tooted<br \/>\nSeisukord: Uus<br \/>\nVanus: uus<br \/>\nVaruosa: nr<\/p>\n<p>Nimiv\u00f5imsus: 480 Wp<br \/>\nMPP vool: 13,78 A<br \/>\nMPP pinge: 35,2 V<br \/>\nL\u00fchisvool: 13,08 A<br \/>\nAvatud vooluahela pinge: 41,8 V<br \/>\nMax Pinge: 1500 V<br \/>\nPikkus: 1909 mm<br \/>\nLaius: 1134 mm<br \/>\nS\u00fcgavus: 30 mm<br \/>\nKaal: 23 kg<\/p>\n<p>&nbsp;<\/p>\n<p><em>NB! Hind on \u00fche konteineri kohta!<\/em><br \/>\n<em>K\u00fcsi pakkumist alusele!<\/em><\/p>\n<p>&nbsp;<\/p>\n<p><a href=\"https:\/\/factory.sale\/wp-content\/uploads\/2023\/11\/480W-Monofacial.pdf\" target=\"_blank\" rel=\"noopener\">Leaptoni tootekaart<\/a><\/p>\n","protected":false},"excerpt":{"rendered":"<h3>Jaapani \u00a0fotogalvaaniliste paneelide tootja<\/h3>\n<p>Leapton on \u00fclemaailmne k\u00f5rgeima kvaliteediga fotogalvaaniliste paneelide tootja. Ettev\u00f5te keskendub kvaliteetsete tootes\u00fcsteemide projekteerimisele ja integreerimisele ning tegeleb keskmise ja k\u00f5rgekvaliteediliste PV elektritootmiss\u00fcsteemide arendamisega ja edendamisega.<\/p>\n<p><strong><em>Tellimus alates \u20ac1000 transport mandri Eestis hinnas.<\/em><\/strong><\/p>\n","protected":false},"featured_media":47041,"comment_status":"open","ping_status":"closed","template":"","meta":{"_acf_changed":false},"factory":[],"free-shipment":[],"product_brand":[],"product_cat":[2652,965],"product_tag":[],"class_list":{"0":"post-47125","1":"product","2":"type-product","3":"status-publish","4":"has-post-thumbnail","6":"product_cat-leapton-solar-et","7":"product_cat-taastuv-energia","9":"first","10":"instock","11":"sale","12":"taxable","13":"shipping-taxable","14":"purchasable","15":"product-type-simple"},"acf":[],"_links":{"self":[{"href":"https:\/\/factory.sale\/et\/wp-json\/wp\/v2\/product\/47125","targetHints":{"allow":["GET"]}}],"collection":[{"href":"https:\/\/factory.sale\/et\/wp-json\/wp\/v2\/product"}],"about":[{"href":"https:\/\/factory.sale\/et\/wp-json\/wp\/v2\/types\/product"}],"replies":[{"embeddable":true,"href":"https:\/\/factory.sale\/et\/wp-json\/wp\/v2\/comments?post=47125"}],"wp:featuredmedia":[{"embeddable":true,"href":"https:\/\/factory.sale\/et\/wp-json\/wp\/v2\/media\/47041"}],"wp:attachment":[{"href":"https:\/\/factory.sale\/et\/wp-json\/wp\/v2\/media?parent=47125"}],"wp:term":[{"taxonomy":"factory","embeddable":true,"href":"https:\/\/factory.sale\/et\/wp-json\/wp\/v2\/factory?post=47125"},{"taxonomy":"free-shipment","embeddable":true,"href":"https:\/\/factory.sale\/et\/wp-json\/wp\/v2\/free-shipment?post=47125"},{"taxonomy":"product_brand","embeddable":true,"href":"https:\/\/factory.sale\/et\/wp-json\/wp\/v2\/product_brand?post=47125"},{"taxonomy":"product_cat","embeddable":true,"href":"https:\/\/factory.sale\/et\/wp-json\/wp\/v2\/product_cat?post=47125"},{"taxonomy":"product_tag","embeddable":true,"href":"https:\/\/factory.sale\/et\/wp-json\/wp\/v2\/product_tag?post=47125"}],"curies":[{"name":"wp","href":"https:\/\/api.w.org\/{rel}","templated":true}]}}