{"id":47021,"date":"2023-11-14T21:15:19","date_gmt":"2023-11-14T21:18:20","guid":{"rendered":"https:\/\/factory.sale\/?post_type=product&#038;p=47021"},"modified":"2024-06-27T19:24:14","modified_gmt":"2024-06-27T19:24:14","slug":"terassikruvi-lindil-42x55mm-nanokate-ph2-1000-tk-karp","status":"publish","type":"product","link":"https:\/\/factory.sale\/et\/toode\/terassikruvi-lindil-42x55mm-nanokate-ph2-1000-tk-karp\/","title":{"rendered":"Terassikruvi lindil 4,2x55mm Nanokate PH2 (1000\/tk karp)"},"content":{"rendered":"<p><strong>Toote kood: nord4255<\/strong><\/p>\n<p><strong>Kasutusalad:<\/strong><\/p>\n<p>V\u00e4litingimustes<br \/>\nAia- ja terassilaudade montaa\u017eiks puitkarkassile<br \/>\nL\u00f5ikesoon v\u00e4hendab pragude teket puidus<br \/>\nNanokattega kruvid on v\u00e4ga vastupidavad v\u00e4litingimustes<br \/>\nTermot\u00f6\u00f6deldud terassimaterjalile soovitame kasutada ainult roostevaba terassikruvi<\/p>\n<p>&nbsp;<\/p>\n<p><strong>Tehniline teave:<\/strong><\/p>\n<table style=\"height: 241px;\" border=\"1\" width=\"501\">\n<tbody>\n<tr>\n<td>L\u00e4bim\u00f5\u00f5t<\/td>\n<td>4.2 mm<\/td>\n<\/tr>\n<tr>\n<td>Pikkus<\/td>\n<td>55 mm<\/td>\n<\/tr>\n<tr>\n<td>Peakuju<\/td>\n<td>peitpea<\/td>\n<\/tr>\n<tr>\n<td>Keermet\u00fc\u00fcp<\/td>\n<td>osakeere<\/td>\n<\/tr>\n<tr>\n<td>Materjal<\/td>\n<td>teras<\/td>\n<\/tr>\n<tr>\n<td>Pinnakate<\/td>\n<td>nanokate<\/td>\n<\/tr>\n<tr>\n<td>Otsik<\/td>\n<td>PH2<\/td>\n<\/tr>\n<tr>\n<td>Kogus karbis<\/td>\n<td>1000 tk<\/td>\n<\/tr>\n<\/tbody>\n<\/table>\n","protected":false},"excerpt":{"rendered":"<p><strong>Kasutusalad:<\/strong><\/p>\n<p>V\u00e4litingimustes<br \/>\nAia- ja terassilaudade montaa\u017eiks puitkarkassile<br \/>\nL\u00f5ikesoon v\u00e4hendab pragude teket puidus<br \/>\nNanokattega kruvid on v\u00e4ga vastupidavad v\u00e4litingimustes<br \/>\nTermot\u00f6\u00f6deldud terassimaterjalile soovitame kasutada ainult roostevaba terassikruvi<\/p>\n","protected":false},"featured_media":47019,"comment_status":"open","ping_status":"closed","template":"","meta":{"_acf_changed":false},"factory":[],"free-shipment":[],"product_brand":[],"product_cat":[1041,814],"product_tag":[],"class_list":{"0":"post-47021","1":"product","2":"type-product","3":"status-publish","4":"has-post-thumbnail","6":"product_cat-tooriistad-ja-tarvikud","7":"product_cat-uldehitus","9":"first","10":"instock","11":"sale","12":"taxable","13":"shipping-taxable","14":"purchasable","15":"product-type-simple"},"acf":[],"_links":{"self":[{"href":"https:\/\/factory.sale\/et\/wp-json\/wp\/v2\/product\/47021","targetHints":{"allow":["GET"]}}],"collection":[{"href":"https:\/\/factory.sale\/et\/wp-json\/wp\/v2\/product"}],"about":[{"href":"https:\/\/factory.sale\/et\/wp-json\/wp\/v2\/types\/product"}],"replies":[{"embeddable":true,"href":"https:\/\/factory.sale\/et\/wp-json\/wp\/v2\/comments?post=47021"}],"wp:featuredmedia":[{"embeddable":true,"href":"https:\/\/factory.sale\/et\/wp-json\/wp\/v2\/media\/47019"}],"wp:attachment":[{"href":"https:\/\/factory.sale\/et\/wp-json\/wp\/v2\/media?parent=47021"}],"wp:term":[{"taxonomy":"factory","embeddable":true,"href":"https:\/\/factory.sale\/et\/wp-json\/wp\/v2\/factory?post=47021"},{"taxonomy":"free-shipment","embeddable":true,"href":"https:\/\/factory.sale\/et\/wp-json\/wp\/v2\/free-shipment?post=47021"},{"taxonomy":"product_brand","embeddable":true,"href":"https:\/\/factory.sale\/et\/wp-json\/wp\/v2\/product_brand?post=47021"},{"taxonomy":"product_cat","embeddable":true,"href":"https:\/\/factory.sale\/et\/wp-json\/wp\/v2\/product_cat?post=47021"},{"taxonomy":"product_tag","embeddable":true,"href":"https:\/\/factory.sale\/et\/wp-json\/wp\/v2\/product_tag?post=47021"}],"curies":[{"name":"wp","href":"https:\/\/api.w.org\/{rel}","templated":true}]}}