{"id":46960,"date":"2023-11-14T18:25:56","date_gmt":"2023-11-14T18:29:17","guid":{"rendered":"https:\/\/factory.sale\/?post_type=product&#038;p=46960"},"modified":"2024-06-27T18:16:57","modified_gmt":"2024-06-27T18:16:57","slug":"harvia-cilindro-kerisepiire-hpp11","status":"publish","type":"product","link":"https:\/\/factory.sale\/et\/toode\/harvia-cilindro-kerisepiire-hpp11\/","title":{"rendered":"Harvia Cilindro kerisepiire HPP11"},"content":{"rendered":"<p>Harvia Cilindro Plus saunakeristele saab lisada stiilse, harjatud roostevabast terasest kaitseseina. T\u00e4nu sellele saab kerise paigaldada l\u00e4hemale sauna seinale v\u00f5i lavadele. Kaitse\u00fcmbris kaitseb sauna kivitolmu eest ning puitpindu veepritsmete eest. Kaitsesein sobib ideaalselt ka nurka paigaldamiseks. V\u00f5imalik on kasutada kahte \u00fcmbrist, mis v\u00f5imaldab paigaldada Cilindro Plus saunakerise n\u00e4iteks \u00fcksteise vastas olevate saunalavade vahele.<\/p>\n<p>&nbsp;<\/p>\n<p><strong>Tehnilised andmed:<\/strong><\/p>\n<ul>\n<li>Mudel: HPP11<\/li>\n<li>EAN: 6417659022699<\/li>\n<li>Toote k\u00f5rgus: 760 mm<\/li>\n<li>Toote laius: 351 mm<\/li>\n<li>Toote s\u00fcgavus: 175 mm<\/li>\n<li>Netokaal: 3.8 kg<\/li>\n<\/ul>\n<p>&nbsp;<\/p>\n<p>&nbsp;<\/p>\n<p><a href=\"https:\/\/factory.sale\/wp-content\/uploads\/2023\/11\/Ohje_HPP11_suojavaippa_Y05-0472.pdf\" target=\"_blank\" rel=\"noopener\">Manuaal<\/a><\/p>\n<p><a href=\"https:\/\/factory.sale\/wp-content\/uploads\/2023\/11\/Ohje_HPP11_suojavaippa_Y05-0472.pdf\" target=\"_blank\" rel=\"noopener\">EU Declaration of Conformity<\/a><\/p>\n","protected":false},"excerpt":{"rendered":"<p>Harvia Cilindro Plus saunakeristele saab lisada stiilse, harjatud roostevabast terasest kaitseseina. T\u00e4nu sellele saab kerise paigaldada l\u00e4hemale sauna seinale v\u00f5i lavadele. Kaitse\u00fcmbris kaitseb sauna kivitolmu eest ning puitpindu veepritsmete eest. Kaitsesein sobib ideaalselt ka nurka paigaldamiseks. V\u00f5imalik on kasutada kahte \u00fcmbrist, mis v\u00f5imaldab paigaldada Cilindro Plus saunakerise n\u00e4iteks \u00fcksteise vastas olevate saunalavade vahele.<\/p>\n<p>&nbsp;<\/p>\n","protected":false},"featured_media":46955,"comment_status":"open","ping_status":"closed","template":"","meta":{"_acf_changed":false},"factory":[],"free-shipment":[],"product_brand":[],"product_cat":[1028,784],"product_tag":[1443,811],"class_list":{"0":"post-46960","1":"product","2":"type-product","3":"status-publish","4":"has-post-thumbnail","6":"product_cat-saunatarvikud","7":"product_cat-sanitaartehnika","8":"product_tag-harvia-et","9":"product_tag-sauna-et","11":"first","12":"instock","13":"sale","14":"taxable","15":"shipping-taxable","16":"purchasable","17":"product-type-simple"},"acf":[],"_links":{"self":[{"href":"https:\/\/factory.sale\/et\/wp-json\/wp\/v2\/product\/46960","targetHints":{"allow":["GET"]}}],"collection":[{"href":"https:\/\/factory.sale\/et\/wp-json\/wp\/v2\/product"}],"about":[{"href":"https:\/\/factory.sale\/et\/wp-json\/wp\/v2\/types\/product"}],"replies":[{"embeddable":true,"href":"https:\/\/factory.sale\/et\/wp-json\/wp\/v2\/comments?post=46960"}],"wp:featuredmedia":[{"embeddable":true,"href":"https:\/\/factory.sale\/et\/wp-json\/wp\/v2\/media\/46955"}],"wp:attachment":[{"href":"https:\/\/factory.sale\/et\/wp-json\/wp\/v2\/media?parent=46960"}],"wp:term":[{"taxonomy":"factory","embeddable":true,"href":"https:\/\/factory.sale\/et\/wp-json\/wp\/v2\/factory?post=46960"},{"taxonomy":"free-shipment","embeddable":true,"href":"https:\/\/factory.sale\/et\/wp-json\/wp\/v2\/free-shipment?post=46960"},{"taxonomy":"product_brand","embeddable":true,"href":"https:\/\/factory.sale\/et\/wp-json\/wp\/v2\/product_brand?post=46960"},{"taxonomy":"product_cat","embeddable":true,"href":"https:\/\/factory.sale\/et\/wp-json\/wp\/v2\/product_cat?post=46960"},{"taxonomy":"product_tag","embeddable":true,"href":"https:\/\/factory.sale\/et\/wp-json\/wp\/v2\/product_tag?post=46960"}],"curies":[{"name":"wp","href":"https:\/\/api.w.org\/{rel}","templated":true}]}}