{"id":45542,"date":"2023-11-07T13:36:09","date_gmt":"2023-11-08T10:43:46","guid":{"rendered":"https:\/\/factory.sale\/?post_type=product&#038;p=45542"},"modified":"2025-12-10T11:30:05","modified_gmt":"2025-12-10T08:30:05","slug":"tylo-sense-sport-2-4","status":"publish","type":"product","link":"https:\/\/factory.sale\/et\/toode\/tylo-sense-sport-2-4\/","title":{"rendered":"Tyl\u00f6 Sense Sport 2\/4"},"content":{"rendered":"<p>Sense Sport 2\/4 on kompaktne ja efektiivne elektriline saunakeris, mida saab paigaldada isegi k\u00f5ige v\u00e4iksematesse saunaruumidesse, ilma et peaksid stiili, kvaliteedi v\u00f5i efektiivsuse osas j\u00e4releandmisi tegema. Selle integreeritud juhtpaneel v\u00f5imaldab lihtsat kasutamist ja Thermosafe\u2122 pinnat\u00f6\u00f6tlus aitab kaasa suurele ohutusele. Seade kinnitatakse seinale. T\u00e4iendamiseks on vaja 7 kg saunakive seina k\u00fclge kinnitatavatele keristele.<\/p>\n<p>&nbsp;<\/p>\n<p><strong>Tehnilised andmed:<\/strong><\/p>\n<ul>\n<li>V\u00e4rv: Must\u00a0(62202020)<\/li>\n<li>Paneel: Sisseehitatud<\/li>\n<li>Releekarp: Pole vajalik<\/li>\n<li>Paigaldus: Seinale kinnitatav<\/li>\n<li>V\u00f5imsus: 2,2 &#8211; 4,5 kW<\/li>\n<li>M\u00f5\u00f5tmed (L x K x S): 348 x 480 x 214 mm<\/li>\n<li>Sauna suurus (m\u00b3): 2-4<\/li>\n<li>Kivid: 7 kg (tellitakse eraldi)<\/li>\n<li>Min. kaugus seinast: 20 mm<\/li>\n<li>Min. kaugus laest: 1900 mm<\/li>\n<\/ul>\n<p>&nbsp;<\/p>\n<p><a href=\"https:\/\/factory.sale\/wp-content\/uploads\/2023\/11\/2900-5252-SENSE-SPORT-2-4-installation.pdf\" target=\"_blank\" rel=\"noopener\">2900 5252 SENSE SPORT 2-4 paigaldamine<\/a><\/p>\n<p><a href=\"https:\/\/factory.sale\/wp-content\/uploads\/2023\/11\/Sense-Sport-2-4_-CB_test-report_211100476SHA-001.pdf\" target=\"_blank\" rel=\"noopener\">Sense Sport 2-4_ CB_test report_211100476SHA-001<\/a><\/p>\n<p><a href=\"https:\/\/factory.sale\/wp-content\/uploads\/2023\/11\/Sense-Sport-2-4_CB_Cert_SE-1075501.pdf\" target=\"_blank\" rel=\"noopener\">Sense Sport 2-4_CB_Cert_SE-107550(1)<\/a><\/p>\n<p><a href=\"https:\/\/factory.sale\/wp-content\/uploads\/2023\/11\/2900-5253-SENSE-SPORT-2-4-User-Guide.pdf\" target=\"_blank\" rel=\"noopener\">2900 5253 SENSE SPORT 2-4 Kasutajatugi<\/a><\/p>\n","protected":false},"excerpt":{"rendered":"<p>Sense Sport 2\/4 on kompaktne ja efektiivne elektriline saunakeris, mida saab paigaldada isegi k\u00f5ige v\u00e4iksematesse saunaruumidesse, ilma et peaksid stiili, kvaliteedi v\u00f5i efektiivsuse osas j\u00e4releandmisi tegema. Selle integreeritud juhtpaneel v\u00f5imaldab lihtsat kasutamist ja Thermosafe\u2122 pinnat\u00f6\u00f6tlus aitab kaasa suurele ohutusele. Seade kinnitatakse seinale. T\u00e4iendamiseks on vaja 7 kg saunakive seina k\u00fclge kinnitatavatele keristele.<\/p>\n<p>&nbsp;<\/p>\n","protected":false},"featured_media":45287,"comment_status":"open","ping_status":"closed","template":"","meta":{"_acf_changed":false},"factory":[],"free-shipment":[],"product_brand":[],"product_cat":[306,2633],"product_tag":[811,2176],"class_list":{"0":"post-45542","1":"product","2":"type-product","3":"status-publish","4":"has-post-thumbnail","6":"product_cat-saunakerised","7":"product_cat-tylo-et","8":"product_tag-sauna-et","9":"product_tag-sauna-heater-et","11":"first","12":"instock","13":"sale","14":"taxable","15":"shipping-taxable","16":"purchasable","17":"product-type-simple"},"acf":[],"_links":{"self":[{"href":"https:\/\/factory.sale\/et\/wp-json\/wp\/v2\/product\/45542","targetHints":{"allow":["GET"]}}],"collection":[{"href":"https:\/\/factory.sale\/et\/wp-json\/wp\/v2\/product"}],"about":[{"href":"https:\/\/factory.sale\/et\/wp-json\/wp\/v2\/types\/product"}],"replies":[{"embeddable":true,"href":"https:\/\/factory.sale\/et\/wp-json\/wp\/v2\/comments?post=45542"}],"wp:featuredmedia":[{"embeddable":true,"href":"https:\/\/factory.sale\/et\/wp-json\/wp\/v2\/media\/45287"}],"wp:attachment":[{"href":"https:\/\/factory.sale\/et\/wp-json\/wp\/v2\/media?parent=45542"}],"wp:term":[{"taxonomy":"factory","embeddable":true,"href":"https:\/\/factory.sale\/et\/wp-json\/wp\/v2\/factory?post=45542"},{"taxonomy":"free-shipment","embeddable":true,"href":"https:\/\/factory.sale\/et\/wp-json\/wp\/v2\/free-shipment?post=45542"},{"taxonomy":"product_brand","embeddable":true,"href":"https:\/\/factory.sale\/et\/wp-json\/wp\/v2\/product_brand?post=45542"},{"taxonomy":"product_cat","embeddable":true,"href":"https:\/\/factory.sale\/et\/wp-json\/wp\/v2\/product_cat?post=45542"},{"taxonomy":"product_tag","embeddable":true,"href":"https:\/\/factory.sale\/et\/wp-json\/wp\/v2\/product_tag?post=45542"}],"curies":[{"name":"wp","href":"https:\/\/api.w.org\/{rel}","templated":true}]}}