{"id":4535,"date":"2020-10-23T17:35:45","date_gmt":"2020-12-07T08:57:31","guid":{"rendered":"https:\/\/factory.sale\/?post_type=product&#038;p=4535"},"modified":"2024-06-28T02:37:31","modified_gmt":"2024-06-28T02:37:31","slug":"zhende-3-kihiline-kaitsemask-intco-en14683-tuup-iir-50-tk","status":"publish","type":"product","link":"https:\/\/factory.sale\/et\/toode\/zhende-3-kihiline-kaitsemask-intco-en14683-tuup-iir-50-tk\/","title":{"rendered":"MATOPAT 3-kihiline kirurgiline kaitsemask FFP3(50tk\/pakis)"},"content":{"rendered":"<p><strong>Omadused:<\/strong><\/p>\n<p>Kaitseb t\u00e4iuslikult patogeensete mikroorganismide eest, mis levivad tilkade bakteriaalse filtreerimise efektiivsusega (BFE) tasemel, mis on suurem v\u00f5i v\u00f5rdne 98% (vastavalt standardile PN-EN 14683: 2019), see on valmistatud kolmest kihist pol\u00fcprop\u00fcleen materjalist. Materjal on h\u00fcpoallergeenne ja kasutajale ohutu. Maskil on painduvad aasad, millega mask n\u00e4ole seatakse. Modelleeritav ninaosa v\u00f5imaldab maski paremini n\u00e4ole sobitada ja on\u00a0 mugav. Maskile on spetsiaalselt disainitud\u00a0 aasad, millega saate maski pakendist kontaktivabalt k\u00e4tte.<\/p>\n<p><strong>Kasutusjuhend:<\/strong><\/p>\n<ul>\n<li>maskil on kaks elastset rihma, millel on kiri \u201cOPEN\u201d, mis kinnitatakse k\u00f5rvadele.<\/li>\n<li>suuna maski osa n\u00e4o poole, mis on\u00a0 elastsete ribadega varustatud nii, et modelleeritav osa j\u00e4\u00e4b v\u00e4ljapoole.<\/li>\n<li>keerake lahti m\u00f5lemad k\u00fcljeribad, millel on kiri &#8220;OPEN&#8221;, t\u00f5mmates neid \u00fclespoole avanevad need vastavalt tr\u00fckitud suunale.<br \/>\n<table>\n<tbody>\n<tr>\n<th>\n<h4>Filter<\/h4>\n<\/th>\n<td>\n<ul>\n<li class=\"attr-value\">PM 2.5<\/li>\n<li class=\"attr-value\">PM 10<\/li>\n<li class=\"attr-value\">NO2<\/li>\n<li class=\"attr-value\">SO2<\/li>\n<li class=\"attr-value\">Kloor<\/li>\n<li class=\"attr-value\">Submikronid<\/li>\n<\/ul>\n<\/td>\n<\/tr>\n<tr>\n<th>V\u00e4rvus<\/th>\n<td>\n<ul>\n<li class=\"attr-value\">Sinine<\/li>\n<\/ul>\n<\/td>\n<\/tr>\n<tr>\n<th>\u00a0T\u00fckke pakis<\/th>\n<td>\n<ul>\n<li class=\"attr-value\">50<\/li>\n<\/ul>\n<\/td>\n<\/tr>\n<tr>\n<th>Mudel<\/th>\n<td>\n<ul>\n<li class=\"attr-value\">MA-142-MM3U-005<\/li>\n<\/ul>\n<\/td>\n<\/tr>\n<tr>\n<th>Tootja<\/th>\n<td>\n<ul>\n<li class=\"attr-value\">Matopat<\/li>\n<\/ul>\n<\/td>\n<\/tr>\n<tr>\n<th>T\u00fc\u00fcp<\/th>\n<td>\n<ul>\n<li class=\"attr-value\">Poolmask<\/li>\n<\/ul>\n<\/td>\n<\/tr>\n<tr>\n<th>Filter<\/th>\n<td>\n<ul>\n<li class=\"attr-value\">F3 (s\u00fcsinik + HEPA)<\/li>\n<\/ul>\n<\/td>\n<\/tr>\n<tr>\n<th>T\u00fc\u00fcp<\/th>\n<td>\n<ul>\n<li class=\"attr-value\">H\u00fc\u00fcgeniline<\/li>\n<\/ul>\n<\/td>\n<\/tr>\n<\/tbody>\n<\/table>\n<p>Indeks : 5900516867188<\/p>\n<p><strong>Miinimum tellimus 10 pakki<\/strong><\/p>\n<p><strong>Hind ei sidalda transport ega k\u00e4ibemaksu<\/strong><\/li>\n<\/ul>\n<p>&nbsp;<\/p>\n<ul>\n<li style=\"list-style-type: none;\"><\/li>\n<\/ul>\n","protected":false},"excerpt":{"rendered":"<ul>\n<li>3-kihiline meditsiiniline kaitsemask elastsete kummipaelte ja ninaklambriga. Vastab standardile\u00a0<strong>EN14683 T\u00fc\u00fcp IIR<\/strong>\u00a0(bakteriaalse filtreerimise efektiivsus &gt;98%). Aitab piirata viirushaiguste levikut sh. epideemia v\u00f5i pandeemia korral.<\/li>\n<\/ul>\n","protected":false},"featured_media":5511,"comment_status":"open","ping_status":"closed","template":"","meta":{"_acf_changed":false},"factory":[],"free-shipment":[],"product_brand":[],"product_cat":[232],"product_tag":[],"class_list":{"0":"post-4535","1":"product","2":"type-product","3":"status-publish","4":"has-post-thumbnail","6":"product_cat-desinfitseerimisvahendid-ja-enesehugieen","8":"first","9":"instock","10":"sale","11":"featured","12":"purchasable","13":"product-type-simple"},"acf":[],"_links":{"self":[{"href":"https:\/\/factory.sale\/et\/wp-json\/wp\/v2\/product\/4535","targetHints":{"allow":["GET"]}}],"collection":[{"href":"https:\/\/factory.sale\/et\/wp-json\/wp\/v2\/product"}],"about":[{"href":"https:\/\/factory.sale\/et\/wp-json\/wp\/v2\/types\/product"}],"replies":[{"embeddable":true,"href":"https:\/\/factory.sale\/et\/wp-json\/wp\/v2\/comments?post=4535"}],"wp:featuredmedia":[{"embeddable":true,"href":"https:\/\/factory.sale\/et\/wp-json\/wp\/v2\/media\/5511"}],"wp:attachment":[{"href":"https:\/\/factory.sale\/et\/wp-json\/wp\/v2\/media?parent=4535"}],"wp:term":[{"taxonomy":"factory","embeddable":true,"href":"https:\/\/factory.sale\/et\/wp-json\/wp\/v2\/factory?post=4535"},{"taxonomy":"free-shipment","embeddable":true,"href":"https:\/\/factory.sale\/et\/wp-json\/wp\/v2\/free-shipment?post=4535"},{"taxonomy":"product_brand","embeddable":true,"href":"https:\/\/factory.sale\/et\/wp-json\/wp\/v2\/product_brand?post=4535"},{"taxonomy":"product_cat","embeddable":true,"href":"https:\/\/factory.sale\/et\/wp-json\/wp\/v2\/product_cat?post=4535"},{"taxonomy":"product_tag","embeddable":true,"href":"https:\/\/factory.sale\/et\/wp-json\/wp\/v2\/product_tag?post=4535"}],"curies":[{"name":"wp","href":"https:\/\/api.w.org\/{rel}","templated":true}]}}