{"id":4500,"date":"2020-11-11T11:53:40","date_gmt":"2020-11-13T12:10:44","guid":{"rendered":"https:\/\/factory.sale\/?post_type=product&#038;p=4500"},"modified":"2024-06-27T02:11:37","modified_gmt":"2024-06-27T02:11:37","slug":"kobil-village-stone-3d-dekoratiivne-soojustus-paneel","status":"publish","type":"product","link":"https:\/\/factory.sale\/et\/toode\/kobil-village-stone-3d-dekoratiivne-soojustus-paneel\/","title":{"rendered":"KOBIL VILLAGE STONE 3D DEKORATIIVNE SOOJUSTUS PANEEL"},"content":{"rendered":"<p>Dekoratiivne soojustuslahendus teie maja jaoks. Kaks \u00fches toode, energias\u00e4\u00e4stlik ja kulut\u00f5hus. Kerge kaal, valmistatud suure tihedusega kahekomponendilisest pol\u00fcuretaanist, mis tagab k\u00f5rge soojusjuhtivuse. Dekoratiivsed fassaadiplaadid on spetsiaalse titaaniga rikastatud akr\u00fc\u00fcltsemendi segust, mis muudab paneelid vastupidavaks ka k\u00f5ige ekstreemsematele v\u00e4listingimustele. Meie dekoratiivkivist ja puidust paneelid muudavad teie kodu stiilseks ja soojaks.<\/p>\n<p>Valige seinte kaunistamiseks \u00fcks meie paljudest looduslikest kujundustest. Meil on erinevaid dekoratiivseid kivi- ja puitpaneele, mis muudavad teie kodu stiilseks ja mugavaks \/ soojaks. K\u00f5ik meie NATURAL tootevalikus olevad v\u00f5imalused on inspireeritud looduse ilust: travertiinikivi, j\u00f5ekivi, graniit, k\u00fclakivi, kiltkivi ja paljud erinevad puidust stiilid.<\/p>\n<table id=\"DataTables_Table_3\" class=\"dataTable no-footer\" role=\"grid\">\n<thead>\n<tr role=\"row\">\n<th class=\"sorting_disabled\" style=\"text-align: left;\" colspan=\"1\" rowspan=\"1\">WS01\/02\/03<\/th>\n<\/tr>\n<\/thead>\n<tbody>\n<tr class=\"odd\" role=\"row\">\n<td>M\u00f5\u00f5dud:<\/td>\n<td>1110&#215;950 mm<\/td>\n<\/tr>\n<tr class=\"even\" role=\"row\">\n<td>Paneeli ala:<\/td>\n<td>0.93 m2<\/td>\n<\/tr>\n<tr class=\"odd\" role=\"row\">\n<td>PU tihedus:<\/td>\n<td>120 kg\/m3<\/td>\n<\/tr>\n<tr class=\"even\" role=\"row\">\n<td>Kaal:<\/td>\n<td>6,0 kg<\/td>\n<\/tr>\n<tr class=\"odd\" role=\"row\">\n<td>Pakendamine pappkarpidesse:<\/td>\n<td>6 tk<\/td>\n<\/tr>\n<\/tbody>\n<\/table>\n","protected":false},"excerpt":{"rendered":"<p>Dekoratiivne soojustuslahendus teie maja jaoks. Kaks \u00fches toode, energias\u00e4\u00e4stlik ja kulut\u00f5hus. Kerge kaal, valmistatud suure tihedusega kahekomponendilisest pol\u00fcuretaanist, mis tagab k\u00f5rge soojusjuhtivuse. Dekoratiivsed fassaadiplaadid on spetsiaalse titaaniga rikastatud akr\u00fc\u00fcltsemendi segust, mis muudab paneelid vastupidavaks ka k\u00f5ige ekstreemsematele v\u00e4listingimustele. Meie dekoratiivkivist ja puidust paneelid muudavad teie kodu stiilseks ja soojaks.<\/p>\n","protected":false},"featured_media":4463,"comment_status":"open","ping_status":"closed","template":"","meta":{"_acf_changed":false},"factory":[],"free-shipment":[],"product_brand":[],"product_cat":[710,174,175],"product_tag":[],"class_list":{"0":"post-4500","1":"product","2":"type-product","3":"status-publish","4":"has-post-thumbnail","6":"product_cat-kobil","7":"product_cat-fassaad","8":"product_cat-klinker-fassaad","10":"first","11":"instock","12":"sale","13":"taxable","14":"shipping-taxable","15":"purchasable","16":"product-type-simple"},"acf":[],"_links":{"self":[{"href":"https:\/\/factory.sale\/et\/wp-json\/wp\/v2\/product\/4500","targetHints":{"allow":["GET"]}}],"collection":[{"href":"https:\/\/factory.sale\/et\/wp-json\/wp\/v2\/product"}],"about":[{"href":"https:\/\/factory.sale\/et\/wp-json\/wp\/v2\/types\/product"}],"replies":[{"embeddable":true,"href":"https:\/\/factory.sale\/et\/wp-json\/wp\/v2\/comments?post=4500"}],"wp:featuredmedia":[{"embeddable":true,"href":"https:\/\/factory.sale\/et\/wp-json\/wp\/v2\/media\/4463"}],"wp:attachment":[{"href":"https:\/\/factory.sale\/et\/wp-json\/wp\/v2\/media?parent=4500"}],"wp:term":[{"taxonomy":"factory","embeddable":true,"href":"https:\/\/factory.sale\/et\/wp-json\/wp\/v2\/factory?post=4500"},{"taxonomy":"free-shipment","embeddable":true,"href":"https:\/\/factory.sale\/et\/wp-json\/wp\/v2\/free-shipment?post=4500"},{"taxonomy":"product_brand","embeddable":true,"href":"https:\/\/factory.sale\/et\/wp-json\/wp\/v2\/product_brand?post=4500"},{"taxonomy":"product_cat","embeddable":true,"href":"https:\/\/factory.sale\/et\/wp-json\/wp\/v2\/product_cat?post=4500"},{"taxonomy":"product_tag","embeddable":true,"href":"https:\/\/factory.sale\/et\/wp-json\/wp\/v2\/product_tag?post=4500"}],"curies":[{"name":"wp","href":"https:\/\/api.w.org\/{rel}","templated":true}]}}