{"id":44646,"date":"2022-10-20T11:39:34","date_gmt":"2023-11-03T19:37:09","guid":{"rendered":"https:\/\/factory.sale\/?post_type=product&#038;p=44646"},"modified":"2024-06-27T21:43:22","modified_gmt":"2024-06-27T21:43:22","slug":"infire-insert-600","status":"publish","type":"product","link":"https:\/\/factory.sale\/et\/toode\/infire-insert-600\/","title":{"rendered":"InFire Insert 600"},"content":{"rendered":"<p>Insert 600 on kamin, mis on m\u00f5eldud paigaldamiseks ettevalmistatud ni\u0161\u0161i. 500 mm p\u00f5lemiskamber on paigutatud erilisse korpusesse, mis koos klaaspaneelide ja kauni viimistlusega moodustavad \u00fchtse ja esteetilise terviku. P\u00f5letusaluse peamine \u00fclesanne on absorbeerida p\u00f5leti soojust ning takistada selle \u00fclekandumist aluspinnale.<\/p>\n<p>Lisaks on p\u00f5leti all olev korpuskamber kujundatud kompenseerima survet, mis v\u00f5ib tekkida k\u00fctuse v\u00f5imaliku \u00fclevalgumise korral. See s\u00fcsteem tagab kamina ohutu kasutamise. T\u00e4nu nendele lahendustele on v\u00f5imalik tulekolle integreerida isegi m\u00f6\u00f6bli paneelidesse (v\u00e4lja arvatud fooliumkattega paneelid). Kvaliteetne roostevaba teras tagab kvaliteedi ja vastupidavuse, samas kui maapind ja kaldservad pakuvad kaunist viimistlust.<\/p>\n<p>&nbsp;<\/p>\n<p><strong>PARAMEETRID:<\/strong><\/p>\n<p>M\u00f5\u00f5tmed: 600 x 320 x 50 mm<\/p>\n<p>Koldeava: 500 mm = 1 l<\/p>\n<p>P\u00f5lemisaeg: 3-5 tundi<\/p>\n<p>Klaas: 2 karastatud selget klaaspaneeli, paksusega 4 mm<\/p>\n<p>Garantii: 24 kuud<\/p>\n<p>V\u00e4rv: H\u00f5bedane INOX<\/p>\n<p>Paigaldus: Sisseehitatud<\/p>\n<p>Kaal: 8 kg<\/p>\n<p>&nbsp;<\/p>\n","protected":false},"excerpt":{"rendered":"<p>Sisestatav ise paigaldamiseks ni\u0161\u0161i v\u00f5i kapinurgas, laua v\u00f5i diivanilaua avasse. Piiranguteta kasutamine nii, et interj\u00f6\u00f6r muutub hubasemaks t\u00e4nu soojale tulele.<\/p>\n<p>Sellel mudelil on kaks kiirelt stabiliseeruvat tuld, k\u00f5rgusega 15 cm. Ideaalselt sobib elutuppa, kontorisse v\u00f5i magamistuppa.<\/p>\n","protected":false},"featured_media":14385,"comment_status":"open","ping_status":"closed","template":"","meta":{"_acf_changed":false},"factory":[],"free-shipment":[],"product_brand":[],"product_cat":[1253,2630],"product_tag":[],"class_list":{"0":"post-44646","1":"product","2":"type-product","3":"status-publish","4":"has-post-thumbnail","6":"product_cat-bio-kaminad","7":"product_cat-infire-et","9":"first","10":"instock","11":"sale","12":"taxable","13":"shipping-taxable","14":"purchasable","15":"product-type-simple"},"acf":[],"_links":{"self":[{"href":"https:\/\/factory.sale\/et\/wp-json\/wp\/v2\/product\/44646","targetHints":{"allow":["GET"]}}],"collection":[{"href":"https:\/\/factory.sale\/et\/wp-json\/wp\/v2\/product"}],"about":[{"href":"https:\/\/factory.sale\/et\/wp-json\/wp\/v2\/types\/product"}],"replies":[{"embeddable":true,"href":"https:\/\/factory.sale\/et\/wp-json\/wp\/v2\/comments?post=44646"}],"wp:featuredmedia":[{"embeddable":true,"href":"https:\/\/factory.sale\/et\/wp-json\/wp\/v2\/media\/14385"}],"wp:attachment":[{"href":"https:\/\/factory.sale\/et\/wp-json\/wp\/v2\/media?parent=44646"}],"wp:term":[{"taxonomy":"factory","embeddable":true,"href":"https:\/\/factory.sale\/et\/wp-json\/wp\/v2\/factory?post=44646"},{"taxonomy":"free-shipment","embeddable":true,"href":"https:\/\/factory.sale\/et\/wp-json\/wp\/v2\/free-shipment?post=44646"},{"taxonomy":"product_brand","embeddable":true,"href":"https:\/\/factory.sale\/et\/wp-json\/wp\/v2\/product_brand?post=44646"},{"taxonomy":"product_cat","embeddable":true,"href":"https:\/\/factory.sale\/et\/wp-json\/wp\/v2\/product_cat?post=44646"},{"taxonomy":"product_tag","embeddable":true,"href":"https:\/\/factory.sale\/et\/wp-json\/wp\/v2\/product_tag?post=44646"}],"curies":[{"name":"wp","href":"https:\/\/api.w.org\/{rel}","templated":true}]}}