{"id":41695,"date":"2023-10-22T15:21:35","date_gmt":"2023-10-22T15:25:37","guid":{"rendered":"https:\/\/factory.sale\/?post_type=product&#038;p=41695"},"modified":"2024-06-25T12:31:53","modified_gmt":"2024-06-25T12:31:53","slug":"remmers-hk-stain","status":"publish","type":"product","link":"https:\/\/factory.sale\/et\/toode\/remmers-hk-stain\/","title":{"rendered":"Remmers HK Stain"},"content":{"rendered":"<p>Lahustip\u00f5hine premium puitkaitsevahend, mis pakub suurep\u00e4rast niiskuskaitset v\u00e4listingimustes kasutatavale puidule.<\/p>\n<p>&nbsp;<\/p>\n<p><strong>Kulu:<\/strong><\/p>\n<ul>\n<li>puuk\u00fcttega k\u00fcmblust\u00fcnnidele: 2,5 l<\/li>\n<li>1,6m \u2013 2,4m saunadele: 5 l<\/li>\n<li>3m \u2013 4m saunadele: 7,5 l<\/li>\n<li>5m saunadele ja ovaalsetele saunadele: 10 l<\/li>\n<\/ul>\n<p>&nbsp;<\/p>\n<p>&nbsp;<\/p>\n<p>3 \u00fches: immutamine, kruntimine ja peitsimine<br \/>\nKaitseb puitu niiskuse eest ja pakub t\u00f5husat kaitset sinise m\u00e4daniku seente vastu<br \/>\nV\u00e4hendab m\u00e4danemise ohtu, kui kasutatakse koos konstruktiivsete puitkaitse meetmetega<br \/>\nSuurenenud tahkete ainete sisaldus pakub kaitset pesitsevate herilaste vastu<br \/>\nKaitsekile hallituse ja vetikate vastu<br \/>\nHingav<br \/>\nHea imendumisv\u00f5ime<br \/>\nJ\u00e4rgnev t\u00f6\u00f6tlus lihvimata.<\/p>\n<p>&nbsp;<\/p>\n<p>&nbsp;<\/p>\n","protected":false},"excerpt":{"rendered":"<p>&nbsp;<\/p>\n<p>3 \u00fches: immutamine, kruntimine ja peitsimine<br \/>\nKaitseb puitu niiskuse eest ja pakub t\u00f5husat kaitset sinise m\u00e4daniku seente vastu<br \/>\nV\u00e4hendab m\u00e4danemise ohtu, kui kasutatakse koos konstruktiivsete puitkaitse meetmetega<br \/>\nSuurenenud tahkete ainete sisaldus pakub kaitset pesitsevate herilaste vastu<br \/>\nKaitsekile hallituse ja vetikate vastu<br \/>\nHingav<br \/>\nHea imendumisv\u00f5ime<br \/>\nJ\u00e4rgnev t\u00f6\u00f6tlus lihvimata.<\/p>\n<p>&nbsp;<\/p>\n","protected":false},"featured_media":41693,"comment_status":"open","ping_status":"closed","template":"","meta":{"_acf_changed":false},"factory":[],"free-shipment":[],"product_brand":[],"product_cat":[2611,784],"product_tag":[811],"class_list":{"0":"post-41695","1":"product","2":"type-product","3":"status-publish","4":"has-post-thumbnail","6":"product_cat-sauna-hooldus","7":"product_cat-sanitaartehnika","8":"product_tag-sauna-et","10":"first","11":"instock","12":"sale","13":"taxable","14":"shipping-taxable","15":"purchasable","16":"product-type-simple"},"acf":[],"_links":{"self":[{"href":"https:\/\/factory.sale\/et\/wp-json\/wp\/v2\/product\/41695","targetHints":{"allow":["GET"]}}],"collection":[{"href":"https:\/\/factory.sale\/et\/wp-json\/wp\/v2\/product"}],"about":[{"href":"https:\/\/factory.sale\/et\/wp-json\/wp\/v2\/types\/product"}],"replies":[{"embeddable":true,"href":"https:\/\/factory.sale\/et\/wp-json\/wp\/v2\/comments?post=41695"}],"wp:featuredmedia":[{"embeddable":true,"href":"https:\/\/factory.sale\/et\/wp-json\/wp\/v2\/media\/41693"}],"wp:attachment":[{"href":"https:\/\/factory.sale\/et\/wp-json\/wp\/v2\/media?parent=41695"}],"wp:term":[{"taxonomy":"factory","embeddable":true,"href":"https:\/\/factory.sale\/et\/wp-json\/wp\/v2\/factory?post=41695"},{"taxonomy":"free-shipment","embeddable":true,"href":"https:\/\/factory.sale\/et\/wp-json\/wp\/v2\/free-shipment?post=41695"},{"taxonomy":"product_brand","embeddable":true,"href":"https:\/\/factory.sale\/et\/wp-json\/wp\/v2\/product_brand?post=41695"},{"taxonomy":"product_cat","embeddable":true,"href":"https:\/\/factory.sale\/et\/wp-json\/wp\/v2\/product_cat?post=41695"},{"taxonomy":"product_tag","embeddable":true,"href":"https:\/\/factory.sale\/et\/wp-json\/wp\/v2\/product_tag?post=41695"}],"curies":[{"name":"wp","href":"https:\/\/api.w.org\/{rel}","templated":true}]}}