{"id":41643,"date":"2023-10-22T14:39:26","date_gmt":"2023-10-22T14:43:55","guid":{"rendered":"https:\/\/factory.sale\/?post_type=product&#038;p=41643"},"modified":"2025-03-20T19:42:55","modified_gmt":"2025-03-20T16:42:55","slug":"hallituse-eemaldaja-homeenpoisto-tikkurila-1l","status":"publish","type":"product","link":"https:\/\/factory.sale\/et\/toode\/hallituse-eemaldaja-homeenpoisto-tikkurila-1l\/","title":{"rendered":"Hallituse eemaldaja \u2013 Homeenpoisto (Tikkurila), 1L"},"content":{"rendered":"<p>Hallituse ja vetikate eemaldamiseks v\u00e4rvitud ja v\u00e4rvimata puidult, krohvitud ja betoonpindadelt enne uut v\u00f5i hooldusv\u00e4rvimist ning betoonkivilt ja kiudtsementpindadelt enne hooldusv\u00e4rvimist. Juba v\u00e4rvitud pindadel, mis on heas seisukorras, ei ole p\u00e4rast Homeenpoisto kasutamist vajalik hooldusv\u00e4rvimist teha.<\/p>\n<p>&nbsp;<\/p>\n<p><strong>Komponentide segamine<\/strong><br \/>\nLahjenda Hallituse Eemaldaja veega, segamissuhe 1:3.<\/p>\n<p>&nbsp;<\/p>\n<p><strong>Pinna ettevalmistus<\/strong><br \/>\nKaitse klaas, alumiinium ja muud sarnased pinnad, mida detergent v\u00f5ib kahjustada.<\/p>\n<p>&nbsp;<\/p>\n<p><strong>Kandmine<\/strong><br \/>\nLahjenda Tikkurila Homeenpoisto veega suhtega 1:3. Kanna lahjendatud segu hallitusseentega kaetud fassaadile alt \u00fcles, kasutades selleks k\u00e4sn, pehmet pintslit v\u00f5i suurte alade puhul aia voolikut. Puhastamine \u00fclalt alla v\u00f5ib j\u00e4tta fassaadile triipe. Lase lahendusel m\u00f5juda umbes 30 minutit. Kui aluspind on v\u00e4ga hallitusseentega kaetud, v\u00f5ib lahust j\u00e4tta peale kauemaks. Kasuta vajadusel harja. P\u00e4rast t\u00f6\u00f6tlust loputa pinnad hoolikalt puhta veega \u00fclalt alla, n\u00e4iteks voolikuga.<\/p>\n<p>&nbsp;<\/p>\n<p><strong>T\u00f6\u00f6riistade puhastamine<\/strong><br \/>\nPuhasta t\u00f6\u00f6riistad veega.<\/p>\n<p>&nbsp;<\/p>\n<p><strong>Keskkonnakaitse ja j\u00e4\u00e4tmete k\u00f5rvaldamine<\/strong><br \/>\nRinglusse v\u00f5ta t\u00fchjad, kuivad purgid v\u00f5i h\u00e4vita neid vastavalt kohalikule regulatsioonile. \u00c4ra vala lahjendamata lahust kraanikaussi, vees\u00fcsteemi ega mulda. H\u00e4vita lahjendamata vedel j\u00e4\u00e4tmed vastavalt kohalikule ohtlike j\u00e4\u00e4tmete regulatsioonile.<\/p>\n<p>&nbsp;<\/p>\n<p><strong>Tervise ja ohutuse tagamine<\/strong><br \/>\nSisaldab: alk\u00fc\u00fcl(C12-16)dimet\u00fc\u00fclbens\u00fc\u00fclammooniumkloriid. Oht. P\u00f5hjustab t\u00f5siseid nahap\u00f5letusi ja silmakahjustusi. Kauakestva toimega ohtlik veeorganismidele. Kui on vajalik meditsiiniline n\u00f5uanne, pea k\u00e4ep\u00e4rast toote pakend v\u00f5i etikett. Hoida lastele k\u00e4ttesaamatus kohas. V\u00e4ltida udu\/aurude\/sprei sissehingamist. Kasuta ainult v\u00e4litingimustes v\u00f5i h\u00e4sti ventileeritavas kohas. V\u00e4ltida keskkonda sattumist.<\/p>\n<p>Kanna kaitsekindaid\/-riietust ja silma-\/n\u00e4okaitset. Sisaldab &lt; 5%: BENZALKONIUMKLOORIIDI, katioonseid pindaktiivseid aineid, &lt; 5 % mitteioonseid pindaktiivseid aineid. Koostisosade nimekiri: Aqua, PEG-5-Laureth-5, benzalkoniumkloriid, tetrasodium glutamaat diatsetaat, naatriummetasiilikaat 5-h\u00fcdraat (https:\/\/ec.europa.eu\/growth\/tools-databases\/cosing\/).<\/p>\n","protected":false},"excerpt":{"rendered":"<p>Hallituse ja vetikate eemaldamiseks v\u00e4rvitud ja v\u00e4rvimata puidult, krohvitud ja betoonpindadelt enne uut v\u00f5i hooldusv\u00e4rvimist ning betoonkivilt ja kiudtsementpindadelt enne hooldusv\u00e4rvimist. Juba v\u00e4rvitud pindadel, mis on heas seisukorras, ei ole p\u00e4rast Homeenpoisto kasutamist vajalik hooldusv\u00e4rvimist teha.<\/p>\n","protected":false},"featured_media":41638,"comment_status":"open","ping_status":"closed","template":"","meta":{"_acf_changed":false},"factory":[],"free-shipment":[],"product_brand":[],"product_cat":[2611,784],"product_tag":[811],"class_list":{"0":"post-41643","1":"product","2":"type-product","3":"status-publish","4":"has-post-thumbnail","6":"product_cat-sauna-hooldus","7":"product_cat-sanitaartehnika","8":"product_tag-sauna-et","10":"first","11":"instock","12":"sale","13":"taxable","14":"shipping-taxable","15":"purchasable","16":"product-type-simple"},"acf":[],"_links":{"self":[{"href":"https:\/\/factory.sale\/et\/wp-json\/wp\/v2\/product\/41643","targetHints":{"allow":["GET"]}}],"collection":[{"href":"https:\/\/factory.sale\/et\/wp-json\/wp\/v2\/product"}],"about":[{"href":"https:\/\/factory.sale\/et\/wp-json\/wp\/v2\/types\/product"}],"replies":[{"embeddable":true,"href":"https:\/\/factory.sale\/et\/wp-json\/wp\/v2\/comments?post=41643"}],"wp:featuredmedia":[{"embeddable":true,"href":"https:\/\/factory.sale\/et\/wp-json\/wp\/v2\/media\/41638"}],"wp:attachment":[{"href":"https:\/\/factory.sale\/et\/wp-json\/wp\/v2\/media?parent=41643"}],"wp:term":[{"taxonomy":"factory","embeddable":true,"href":"https:\/\/factory.sale\/et\/wp-json\/wp\/v2\/factory?post=41643"},{"taxonomy":"free-shipment","embeddable":true,"href":"https:\/\/factory.sale\/et\/wp-json\/wp\/v2\/free-shipment?post=41643"},{"taxonomy":"product_brand","embeddable":true,"href":"https:\/\/factory.sale\/et\/wp-json\/wp\/v2\/product_brand?post=41643"},{"taxonomy":"product_cat","embeddable":true,"href":"https:\/\/factory.sale\/et\/wp-json\/wp\/v2\/product_cat?post=41643"},{"taxonomy":"product_tag","embeddable":true,"href":"https:\/\/factory.sale\/et\/wp-json\/wp\/v2\/product_tag?post=41643"}],"curies":[{"name":"wp","href":"https:\/\/api.w.org\/{rel}","templated":true}]}}