{"id":36765,"date":"2023-08-15T11:56:58","date_gmt":"2023-09-29T10:28:42","guid":{"rendered":"https:\/\/factory.sale\/?post_type=product&#038;p=36765"},"modified":"2024-06-28T01:54:14","modified_gmt":"2024-06-28T01:54:14","slug":"system-jupiter-era-150-komplekt-era-150-saatja-rx161-vastuvotja","status":"publish","type":"product","link":"https:\/\/factory.sale\/et\/toode\/system-jupiter-era-150-komplekt-era-150-saatja-rx161-vastuvotja\/","title":{"rendered":"System Jupiter Era 150 komplekt: era 150 saatja + RX161 vastuv\u00f5tja"},"content":{"rendered":"<p>Remotus Era 150 on l\u00fclitusnupp kraanade ja t\u00f5stmisseadmete jaoks. Era 150 on lihtne kasutada ja sellel on h\u00e4sti l\u00e4bim\u00f5eldud ning vastupidav disain. Sellel on kummist k\u00e4epidemed hea haarde jaoks ja see seisab kindlalt oma kaitsevate metalljalgade peal, kui seda ei kasutata. Remotus Era 150 suudab hallata kolme liikumist kahe kiirusega ning lisaks viis lisafunktsiooni ja suhtleb sagedusalas 434-434 MHz.<\/p>\n<p>&nbsp;<\/p>\n<p>Toiteallikas: \u00a024-230V AC \/ 24V DC<br \/>\nSeeria: \u00a0Remotus Jupiter<br \/>\nT\u00f6\u00f6temperatuur: \u00a0-25\u02da&#8230;+55\u02daC<br \/>\nKaitseklass: IP65<br \/>\nPaigaldus: Seinakinnitus<br \/>\nSagedus: 433-434MHz<\/p>\n","protected":false},"excerpt":{"rendered":"<p>Toiteallikas: \u00a024-230V AC \/ 24V DC<br \/>\nSeeria: \u00a0Remotus Jupiter<br \/>\nT\u00f6\u00f6temperatuur: \u00a0-25\u02da&#8230;+55\u02daC<br \/>\nKaitseklass: IP65<br \/>\nPaigaldus: Seinakinnitus<br \/>\nSagedus: 433-434MHz<\/p>\n","protected":false},"featured_media":33773,"comment_status":"open","ping_status":"closed","template":"","meta":{"_acf_changed":false},"factory":[],"free-shipment":[],"product_brand":[],"product_cat":[2608,2606],"product_tag":[],"class_list":{"0":"post-36765","1":"product","2":"type-product","3":"status-publish","4":"has-post-thumbnail","6":"product_cat-kaugjuhtimissusteemid","7":"product_cat-toostusautomaatika","9":"first","10":"instock","11":"sale","12":"taxable","13":"shipping-taxable","14":"purchasable","15":"product-type-simple"},"acf":[],"_links":{"self":[{"href":"https:\/\/factory.sale\/et\/wp-json\/wp\/v2\/product\/36765","targetHints":{"allow":["GET"]}}],"collection":[{"href":"https:\/\/factory.sale\/et\/wp-json\/wp\/v2\/product"}],"about":[{"href":"https:\/\/factory.sale\/et\/wp-json\/wp\/v2\/types\/product"}],"replies":[{"embeddable":true,"href":"https:\/\/factory.sale\/et\/wp-json\/wp\/v2\/comments?post=36765"}],"wp:featuredmedia":[{"embeddable":true,"href":"https:\/\/factory.sale\/et\/wp-json\/wp\/v2\/media\/33773"}],"wp:attachment":[{"href":"https:\/\/factory.sale\/et\/wp-json\/wp\/v2\/media?parent=36765"}],"wp:term":[{"taxonomy":"factory","embeddable":true,"href":"https:\/\/factory.sale\/et\/wp-json\/wp\/v2\/factory?post=36765"},{"taxonomy":"free-shipment","embeddable":true,"href":"https:\/\/factory.sale\/et\/wp-json\/wp\/v2\/free-shipment?post=36765"},{"taxonomy":"product_brand","embeddable":true,"href":"https:\/\/factory.sale\/et\/wp-json\/wp\/v2\/product_brand?post=36765"},{"taxonomy":"product_cat","embeddable":true,"href":"https:\/\/factory.sale\/et\/wp-json\/wp\/v2\/product_cat?post=36765"},{"taxonomy":"product_tag","embeddable":true,"href":"https:\/\/factory.sale\/et\/wp-json\/wp\/v2\/product_tag?post=36765"}],"curies":[{"name":"wp","href":"https:\/\/api.w.org\/{rel}","templated":true}]}}