{"id":36757,"date":"2023-08-15T10:59:10","date_gmt":"2023-09-29T10:13:53","guid":{"rendered":"https:\/\/factory.sale\/?post_type=product&#038;p=36757"},"modified":"2024-10-02T21:13:59","modified_gmt":"2024-10-02T18:13:59","slug":"sesam-800-mobiilne-vints-4-komplekt-12-24dc-869mhz","status":"publish","type":"product","link":"https:\/\/factory.sale\/et\/toode\/sesam-800-mobiilne-vints-4-komplekt-12-24dc-869mhz\/","title":{"rendered":"Sesam 800 mobiilne vints 4 komplekt, 12-24DC, 869MHZ"},"content":{"rendered":"<p>Sesam 800 Mobiilne Vints 4 on vastupidav saatja nelja funktsiooniga\/nupuga (kaks suunda ja sisse\/v\u00e4lja). Saatja on klassifitseeritud IP67 j\u00e4rgi ja sobib h\u00e4sti vintside k\u00e4sitlemiseks v\u00e4ikestel s\u00f5idukitel. Selgetel, lihtsalt kasutatavatel nuppudel saab teha miljoneid vajutusi. Oma IP67 klassifikatsiooniga suudab saatja vastu pidada karmides keskkondades, kus on tolm, niiskus ja niiskus.<\/p>\n<p>Tarnija: \u00c4kerstr\u00f6ms<br \/>\nToiteallikas: 12-24V DC<br \/>\nSeeria: SESAM 800<br \/>\nT\u00f6\u00f6temperatuur: -25\u02da\u2026+75\u02daC<br \/>\nKaitseklass: IP67<br \/>\nPaigaldus: Seinakinnitus<br \/>\nNuppude arv: 4<br \/>\nSagedus: 869MHz<\/p>\n<p>&nbsp;<\/p>\n<p>Pdf on k\u00e4ttesaadav siit <a href=\"https:\/\/www.sakt.ee\/en\/index.php?controller=attachment&amp;id_attachment=1841\" target=\"_blank\" rel=\"noopener\">HERE<\/a><\/p>\n","protected":false},"excerpt":{"rendered":"<p>Tarnija: \u00c4kerstr\u00f6ms<br \/>\nToiteallikas: 12-24V DC<br \/>\nSeeria: SESAM 800<br \/>\nT\u00f6\u00f6temperatuur: -25\u02da\u2026+75\u02daC<br \/>\nKaitseklass: IP67<br \/>\nPaigaldus: Seinakinnitus<br \/>\nNuppude arv: 4<br \/>\nSagedus: 869MHz<\/p>\n","protected":false},"featured_media":33753,"comment_status":"open","ping_status":"closed","template":"","meta":{"_acf_changed":false},"factory":[],"free-shipment":[],"product_brand":[],"product_cat":[2608,2606],"product_tag":[],"class_list":{"0":"post-36757","1":"product","2":"type-product","3":"status-publish","4":"has-post-thumbnail","6":"product_cat-kaugjuhtimissusteemid","7":"product_cat-toostusautomaatika","9":"first","10":"instock","11":"sale","12":"taxable","13":"shipping-taxable","14":"purchasable","15":"product-type-simple"},"acf":[],"_links":{"self":[{"href":"https:\/\/factory.sale\/et\/wp-json\/wp\/v2\/product\/36757","targetHints":{"allow":["GET"]}}],"collection":[{"href":"https:\/\/factory.sale\/et\/wp-json\/wp\/v2\/product"}],"about":[{"href":"https:\/\/factory.sale\/et\/wp-json\/wp\/v2\/types\/product"}],"replies":[{"embeddable":true,"href":"https:\/\/factory.sale\/et\/wp-json\/wp\/v2\/comments?post=36757"}],"wp:featuredmedia":[{"embeddable":true,"href":"https:\/\/factory.sale\/et\/wp-json\/wp\/v2\/media\/33753"}],"wp:attachment":[{"href":"https:\/\/factory.sale\/et\/wp-json\/wp\/v2\/media?parent=36757"}],"wp:term":[{"taxonomy":"factory","embeddable":true,"href":"https:\/\/factory.sale\/et\/wp-json\/wp\/v2\/factory?post=36757"},{"taxonomy":"free-shipment","embeddable":true,"href":"https:\/\/factory.sale\/et\/wp-json\/wp\/v2\/free-shipment?post=36757"},{"taxonomy":"product_brand","embeddable":true,"href":"https:\/\/factory.sale\/et\/wp-json\/wp\/v2\/product_brand?post=36757"},{"taxonomy":"product_cat","embeddable":true,"href":"https:\/\/factory.sale\/et\/wp-json\/wp\/v2\/product_cat?post=36757"},{"taxonomy":"product_tag","embeddable":true,"href":"https:\/\/factory.sale\/et\/wp-json\/wp\/v2\/product_tag?post=36757"}],"curies":[{"name":"wp","href":"https:\/\/api.w.org\/{rel}","templated":true}]}}