{"id":33797,"date":"2023-08-17T07:36:00","date_gmt":"2024-10-28T18:56:37","guid":{"rendered":"https:\/\/factory.sale\/?post_type=product&#038;p=33797"},"modified":"2024-10-29T04:20:50","modified_gmt":"2024-10-29T01:20:50","slug":"klaasplast-sisuga-terrassikomplekt-valisahjuga-sinine","status":"publish","type":"product","link":"https:\/\/factory.sale\/et\/toode\/klaasplast-sisuga-terrassikomplekt-valisahjuga-sinine\/","title":{"rendered":"Klaasplast sisuga terrassikomplekt, v\u00e4lisahjuga (sinine)"},"content":{"rendered":"<p>Terrassikomplekt pakub mitte ainult l\u00f5\u00f5gastust, vaid ka erakordset elegantsi teie aeda. See on loodud neile, kes hindavad kvaliteetseid hetki v\u00e4rkes \u00f5hus, olles t\u00e4iuslik kombinatsioon mugavusest, vastupidavusest ja stiilist. \u00dcksk\u00f5ik, kas soovite nautida mulle, korraldada meeldej\u00e4\u00e4va \u00f5htu v\u00f5i lihtsalt t\u00f5sta oma terrassi esteetikat &#8211; meie terrassikomplekt on teie parim valik.<\/p>\n<p>&nbsp;<\/p>\n<p><strong>Terrassikomplekt sisaldab:<\/strong><\/p>\n<ul>\n<li>klaasplastist sisu<\/li>\n<li>baasraam<\/li>\n<li>merealumiiniumist v\u00e4lik\u00fctteahi (30kw) koos 2m korstnaga<\/li>\n<li>\u00e4ravool kraaniga<\/li>\n<\/ul>\n<p>&nbsp;<\/p>\n<p><strong>Saadaval lisavarustus:<\/strong><\/p>\n<ul>\n<li>V\u00e4limine ahi 35kw (Tagavool, klaasuks) &#8211; 100 .-<\/li>\n<li>V\u00e4limine ahi 40kw (Tagavool, klaasuks) &#8211; 200 .-<\/li>\n<li>PVC kate &#8211; 65 .-<\/li>\n<li>Termokate 10 cm &#8211; 200 .-<\/li>\n<li>Pol\u00fcuretaansoojustus &#8211; 190 .-<\/li>\n<li>Led valgus 1 lambiga &#8211; 100 .-<\/li>\n<li>Led valgus 2 lambiga &#8211; 150 .-<\/li>\n<li>Led valgus 4 lambiga &#8211; 240 .-<\/li>\n<li>Mullis\u00fcsteem 8 d\u00fc\u00fcsiga &#8211; 420 .-<\/li>\n<li>Korstna kuumakaitse &#8211; 50 .-<\/li>\n<li>Korstna lisapikendus 1m &#8211; 30 .-<\/li>\n<li>S\u00e4demep\u00fc\u00fcdja &#8211; 40 .-<\/li>\n<li>Jalavann &#8211; 50 .-<\/li>\n<li>M\u00f5la &#8211; 35 .-<\/li>\n<li>K\u00fcmblust\u00fcnnisisene filter &#8211; 170 .-<\/li>\n<li>Filtris\u00fcsteem + filtripallid + korgid 2tk &#8211; 355 .-<\/li>\n<li>Dutrion tabletid vee puhastuseks &#8211; 45 .-<\/li>\n<\/ul>\n","protected":false},"excerpt":{"rendered":"<p>Terrassikomplekt pakub mitte ainult l\u00f5\u00f5gastust, vaid ka erakordset elegantsi teie aeda. See on loodud neile, kes hindavad kvaliteetseid hetki v\u00e4rkes \u00f5hus, olles t\u00e4iuslik kombinatsioon mugavusest, vastupidavusest ja stiilist. \u00dcksk\u00f5ik, kas soovite nautida mulle, korraldada meeldej\u00e4\u00e4va \u00f5htu v\u00f5i lihtsalt t\u00f5sta oma terrassi esteetikat &#8211; meie terrassikomplekt on teie parim valik.<\/p>\n","protected":false},"featured_media":33803,"comment_status":"open","ping_status":"closed","template":"","meta":{"_acf_changed":false},"factory":[],"free-shipment":[],"product_brand":[],"product_cat":[2208,2589],"product_tag":[990],"class_list":{"0":"post-33797","1":"product","2":"type-product","3":"status-publish","4":"has-post-thumbnail","6":"product_cat-hot-tubs-2","7":"product_cat-hot-tub-liners","8":"product_tag-hot-tub","10":"first","11":"instock","12":"sale","13":"taxable","14":"shipping-taxable","15":"purchasable","16":"product-type-simple"},"acf":[],"_links":{"self":[{"href":"https:\/\/factory.sale\/et\/wp-json\/wp\/v2\/product\/33797","targetHints":{"allow":["GET"]}}],"collection":[{"href":"https:\/\/factory.sale\/et\/wp-json\/wp\/v2\/product"}],"about":[{"href":"https:\/\/factory.sale\/et\/wp-json\/wp\/v2\/types\/product"}],"replies":[{"embeddable":true,"href":"https:\/\/factory.sale\/et\/wp-json\/wp\/v2\/comments?post=33797"}],"wp:featuredmedia":[{"embeddable":true,"href":"https:\/\/factory.sale\/et\/wp-json\/wp\/v2\/media\/33803"}],"wp:attachment":[{"href":"https:\/\/factory.sale\/et\/wp-json\/wp\/v2\/media?parent=33797"}],"wp:term":[{"taxonomy":"factory","embeddable":true,"href":"https:\/\/factory.sale\/et\/wp-json\/wp\/v2\/factory?post=33797"},{"taxonomy":"free-shipment","embeddable":true,"href":"https:\/\/factory.sale\/et\/wp-json\/wp\/v2\/free-shipment?post=33797"},{"taxonomy":"product_brand","embeddable":true,"href":"https:\/\/factory.sale\/et\/wp-json\/wp\/v2\/product_brand?post=33797"},{"taxonomy":"product_cat","embeddable":true,"href":"https:\/\/factory.sale\/et\/wp-json\/wp\/v2\/product_cat?post=33797"},{"taxonomy":"product_tag","embeddable":true,"href":"https:\/\/factory.sale\/et\/wp-json\/wp\/v2\/product_tag?post=33797"}],"curies":[{"name":"wp","href":"https:\/\/api.w.org\/{rel}","templated":true}]}}